{"id":9138,"date":"2026-03-03T12:16:21","date_gmt":"2026-03-03T10:16:21","guid":{"rendered":"https:\/\/www.ikk.fi\/?page_id=9138"},"modified":"2026-03-03T12:34:46","modified_gmt":"2026-03-03T10:34:46","slug":"osta-lahjakortti","status":"publish","type":"page","link":"https:\/\/www.ikk.fi\/fi\/osta-lahjakortti\/","title":{"rendered":"Osta lahjakortti"},"content":{"rendered":"\n<p>Tilaa IKK-lahjakortti helposti verkossa ja ilahduta l\u00e4heisi\u00e4 tai yrityksen asiakkaita. Valitse summa ja l\u00e4het\u00e4 lahjakortti s\u00e4hk\u00f6isesti tai postitse.<\/p>\n\n\n\n<script type=\"text\/javascript\" src=\"https:\/\/widgets.bokun.io\/assets\/javascripts\/apps\/build\/BokunWidgetsLoader.js?bookingChannelUUID=6cf121bf-565a-4ba5-af12-aa45c310e538\" async><\/script>\n     \n    <div class=\"bokunWidget\" data-src=\"https:\/\/widgets.bokun.io\/online-sales\/6cf121bf-565a-4ba5-af12-aa45c310e538\/gift-card\/4146\"><\/div>\n    <noscript>Please enable javascript in your browser to book<\/noscript>\n","protected":false},"excerpt":{"rendered":"<p>Tilaa IKK-lahjakortti helposti verkossa ja ilahduta l\u00e4heisi\u00e4 tai yrityksen asiakkaita. Valitse summa ja l\u00e4het\u00e4 lahjakortti s\u00e4hk\u00f6isesti tai postitse. Please enable javascript in your browser to book<\/p>\n","protected":false},"author":1,"featured_media":0,"parent":0,"menu_order":0,"comment_status":"closed","ping_status":"closed","template":"","meta":{"footnotes":""},"class_list":["post-9138","page","type-page","status-publish","hentry"],"yoast_head":"<title>Osta lahjakortti - Isokenk\u00e4isten Klubi, Kuusamo<\/title>\n<meta name=\"description\" content=\"Tilaa IKK-lahjakortti helposti verkossa ja ilahduta l\u00e4heisi\u00e4 tai yrityksen asiakkaita. Valitse summa ja l\u00e4het\u00e4 lahjakortti s\u00e4hk\u00f6isesti tai postitse.\" \/>\n<meta name=\"robots\" content=\"index, follow, max-snippet:-1, max-image-preview:large, max-video-preview:-1\" \/>\n<link rel=\"canonical\" href=\"https:\/\/www.ikk.fi\/fi\/osta-lahjakortti\/\" \/>\n<meta property=\"og:locale\" content=\"fi_FI\" \/>\n<meta property=\"og:type\" content=\"article\" \/>\n<meta property=\"og:title\" content=\"Osta lahjakortti\" \/>\n<meta property=\"og:description\" content=\"Tilaa IKK-lahjakortti helposti verkossa ja ilahduta l\u00e4heisi\u00e4 tai yrityksen asiakkaita. Valitse summa ja l\u00e4het\u00e4 lahjakortti s\u00e4hk\u00f6isesti tai postitse.\" \/>\n<meta property=\"og:url\" content=\"https:\/\/www.ikk.fi\/fi\/osta-lahjakortti\/\" \/>\n<meta property=\"og:site_name\" content=\"Isokenk\u00e4isten Klubi, Kuusamo\" \/>\n<meta property=\"article:publisher\" content=\"https:\/\/www.facebook.com\/isokenkaistenklubi\" \/>\n<meta property=\"article:modified_time\" content=\"2026-03-03T10:34:46+00:00\" \/>\n<meta name=\"twitter:card\" content=\"summary_large_image\" \/>\n<meta name=\"twitter:label1\" content=\"Arvioitu lukuaika\" \/>\n\t<meta name=\"twitter:data1\" content=\"1 minuutti\" \/>\n<script type=\"application\/ld+json\" class=\"yoast-schema-graph\">{\"@context\":\"https:\/\/schema.org\",\"@graph\":[{\"@type\":\"WebPage\",\"@id\":\"https:\/\/www.ikk.fi\/fi\/osta-lahjakortti\/\",\"url\":\"https:\/\/www.ikk.fi\/fi\/osta-lahjakortti\/\",\"name\":\"Osta lahjakortti - Isokenk\u00e4isten Klubi, Kuusamo\",\"isPartOf\":{\"@id\":\"https:\/\/www.ikk.fi\/fi\/#website\"},\"datePublished\":\"2026-03-03T10:16:21+00:00\",\"dateModified\":\"2026-03-03T10:34:46+00:00\",\"description\":\"Tilaa IKK-lahjakortti helposti verkossa ja ilahduta l\u00e4heisi\u00e4 tai yrityksen asiakkaita. Valitse summa ja l\u00e4het\u00e4 lahjakortti s\u00e4hk\u00f6isesti tai postitse.\",\"breadcrumb\":{\"@id\":\"https:\/\/www.ikk.fi\/fi\/osta-lahjakortti\/#breadcrumb\"},\"inLanguage\":\"fi\",\"potentialAction\":[{\"@type\":\"ReadAction\",\"target\":[\"https:\/\/www.ikk.fi\/fi\/osta-lahjakortti\/\"]}]},{\"@type\":\"BreadcrumbList\",\"@id\":\"https:\/\/www.ikk.fi\/fi\/osta-lahjakortti\/#breadcrumb\",\"itemListElement\":[{\"@type\":\"ListItem\",\"position\":1,\"name\":\"Etusivu\",\"item\":\"https:\/\/www.ikk.fi\/fi\/\"},{\"@type\":\"ListItem\",\"position\":2,\"name\":\"Osta lahjakortti\"}]},{\"@type\":\"WebSite\",\"@id\":\"https:\/\/www.ikk.fi\/fi\/#website\",\"url\":\"https:\/\/www.ikk.fi\/fi\/\",\"name\":\"Isokenk\u00e4isten Klubi, Kuusamo, Finland\",\"description\":\"Wilderness Lodges &amp; Wild Food Kitchen\",\"publisher\":{\"@id\":\"https:\/\/www.ikk.fi\/fi\/#organization\"},\"potentialAction\":[{\"@type\":\"SearchAction\",\"target\":{\"@type\":\"EntryPoint\",\"urlTemplate\":\"https:\/\/www.ikk.fi\/fi\/?s={search_term_string}\"},\"query-input\":{\"@type\":\"PropertyValueSpecification\",\"valueRequired\":true,\"valueName\":\"search_term_string\"}}],\"inLanguage\":\"fi\"},{\"@type\":[\"Organization\",\"Place\",\"LocalBusiness\"],\"@id\":\"https:\/\/www.ikk.fi\/fi\/#organization\",\"name\":\"Isokenk\u00e4isten Klubi\",\"url\":\"https:\/\/www.ikk.fi\/fi\/\",\"logo\":{\"@id\":\"https:\/\/www.ikk.fi\/fi\/osta-lahjakortti\/#local-main-organization-logo\"},\"image\":{\"@id\":\"https:\/\/www.ikk.fi\/fi\/osta-lahjakortti\/#local-main-organization-logo\"},\"sameAs\":[\"https:\/\/www.facebook.com\/isokenkaistenklubi\",\"https:\/\/www.instagram.com\/isokenkaistenklubi\",\"https:\/\/www.youtube.com\/channel\/UCDf0w2yqjK2HZGZ73goZv9A\"],\"address\":{\"@id\":\"https:\/\/www.ikk.fi\/fi\/osta-lahjakortti\/#local-main-place-address\"},\"geo\":{\"@type\":\"GeoCoordinates\",\"latitude\":\"66.10118626498216\",\"longitude\":\"29.838358906747683\"},\"telephone\":[\"+358400972260\",\"+358407066839\"],\"openingHoursSpecification\":[],\"email\":\"info@ikk.fi\",\"areaServed\":\"Kuusamo\"},{\"@type\":\"PostalAddress\",\"@id\":\"https:\/\/www.ikk.fi\/fi\/osta-lahjakortti\/#local-main-place-address\",\"streetAddress\":\"Heikinj\u00e4rventie 3\",\"addressLocality\":\"Kuusamo\",\"postalCode\":\"93800\",\"addressCountry\":\"FI\"},{\"@type\":\"ImageObject\",\"inLanguage\":\"fi\",\"@id\":\"https:\/\/www.ikk.fi\/fi\/osta-lahjakortti\/#local-main-organization-logo\",\"url\":\"https:\/\/www.ikk.fi\/wp-content\/uploads\/2020\/10\/ikk-logo-vari-ilman-puita-pieni.png\",\"contentUrl\":\"https:\/\/www.ikk.fi\/wp-content\/uploads\/2020\/10\/ikk-logo-vari-ilman-puita-pieni.png\",\"width\":300,\"height\":99,\"caption\":\"Isokenk\u00e4isten Klubi\"}]}<\/script>\n<meta name=\"geo.placename\" content=\"Kuusamo\" \/>\n<meta name=\"geo.position\" content=\"66.10118626498216;29.838358906747683\" \/>\n<meta name=\"geo.region\" content=\"Suomi\" \/>","yoast_head_json":{"title":"Osta lahjakortti - Isokenk\u00e4isten Klubi, Kuusamo","description":"Tilaa IKK-lahjakortti helposti verkossa ja ilahduta l\u00e4heisi\u00e4 tai yrityksen asiakkaita. Valitse summa ja l\u00e4het\u00e4 lahjakortti s\u00e4hk\u00f6isesti tai postitse.","robots":{"index":"index","follow":"follow","max-snippet":"max-snippet:-1","max-image-preview":"max-image-preview:large","max-video-preview":"max-video-preview:-1"},"canonical":"https:\/\/www.ikk.fi\/fi\/osta-lahjakortti\/","og_locale":"fi_FI","og_type":"article","og_title":"Osta lahjakortti","og_description":"Tilaa IKK-lahjakortti helposti verkossa ja ilahduta l\u00e4heisi\u00e4 tai yrityksen asiakkaita. Valitse summa ja l\u00e4het\u00e4 lahjakortti s\u00e4hk\u00f6isesti tai postitse.","og_url":"https:\/\/www.ikk.fi\/fi\/osta-lahjakortti\/","og_site_name":"Isokenk\u00e4isten Klubi, Kuusamo","article_publisher":"https:\/\/www.facebook.com\/isokenkaistenklubi","article_modified_time":"2026-03-03T10:34:46+00:00","twitter_card":"summary_large_image","twitter_misc":{"Arvioitu lukuaika":"1 minuutti"},"schema":{"@context":"https:\/\/schema.org","@graph":[{"@type":"WebPage","@id":"https:\/\/www.ikk.fi\/fi\/osta-lahjakortti\/","url":"https:\/\/www.ikk.fi\/fi\/osta-lahjakortti\/","name":"Osta lahjakortti - Isokenk\u00e4isten Klubi, Kuusamo","isPartOf":{"@id":"https:\/\/www.ikk.fi\/fi\/#website"},"datePublished":"2026-03-03T10:16:21+00:00","dateModified":"2026-03-03T10:34:46+00:00","description":"Tilaa IKK-lahjakortti helposti verkossa ja ilahduta l\u00e4heisi\u00e4 tai yrityksen asiakkaita. Valitse summa ja l\u00e4het\u00e4 lahjakortti s\u00e4hk\u00f6isesti tai postitse.","breadcrumb":{"@id":"https:\/\/www.ikk.fi\/fi\/osta-lahjakortti\/#breadcrumb"},"inLanguage":"fi","potentialAction":[{"@type":"ReadAction","target":["https:\/\/www.ikk.fi\/fi\/osta-lahjakortti\/"]}]},{"@type":"BreadcrumbList","@id":"https:\/\/www.ikk.fi\/fi\/osta-lahjakortti\/#breadcrumb","itemListElement":[{"@type":"ListItem","position":1,"name":"Etusivu","item":"https:\/\/www.ikk.fi\/fi\/"},{"@type":"ListItem","position":2,"name":"Osta lahjakortti"}]},{"@type":"WebSite","@id":"https:\/\/www.ikk.fi\/fi\/#website","url":"https:\/\/www.ikk.fi\/fi\/","name":"Isokenk\u00e4isten Klubi, Kuusamo, Finland","description":"Wilderness Lodges &amp; Wild Food Kitchen","publisher":{"@id":"https:\/\/www.ikk.fi\/fi\/#organization"},"potentialAction":[{"@type":"SearchAction","target":{"@type":"EntryPoint","urlTemplate":"https:\/\/www.ikk.fi\/fi\/?s={search_term_string}"},"query-input":{"@type":"PropertyValueSpecification","valueRequired":true,"valueName":"search_term_string"}}],"inLanguage":"fi"},{"@type":["Organization","Place","LocalBusiness"],"@id":"https:\/\/www.ikk.fi\/fi\/#organization","name":"Isokenk\u00e4isten Klubi","url":"https:\/\/www.ikk.fi\/fi\/","logo":{"@id":"https:\/\/www.ikk.fi\/fi\/osta-lahjakortti\/#local-main-organization-logo"},"image":{"@id":"https:\/\/www.ikk.fi\/fi\/osta-lahjakortti\/#local-main-organization-logo"},"sameAs":["https:\/\/www.facebook.com\/isokenkaistenklubi","https:\/\/www.instagram.com\/isokenkaistenklubi","https:\/\/www.youtube.com\/channel\/UCDf0w2yqjK2HZGZ73goZv9A"],"address":{"@id":"https:\/\/www.ikk.fi\/fi\/osta-lahjakortti\/#local-main-place-address"},"geo":{"@type":"GeoCoordinates","latitude":"66.10118626498216","longitude":"29.838358906747683"},"telephone":["+358400972260","+358407066839"],"openingHoursSpecification":[],"email":"info@ikk.fi","areaServed":"Kuusamo"},{"@type":"PostalAddress","@id":"https:\/\/www.ikk.fi\/fi\/osta-lahjakortti\/#local-main-place-address","streetAddress":"Heikinj\u00e4rventie 3","addressLocality":"Kuusamo","postalCode":"93800","addressCountry":"FI"},{"@type":"ImageObject","inLanguage":"fi","@id":"https:\/\/www.ikk.fi\/fi\/osta-lahjakortti\/#local-main-organization-logo","url":"https:\/\/www.ikk.fi\/wp-content\/uploads\/2020\/10\/ikk-logo-vari-ilman-puita-pieni.png","contentUrl":"https:\/\/www.ikk.fi\/wp-content\/uploads\/2020\/10\/ikk-logo-vari-ilman-puita-pieni.png","width":300,"height":99,"caption":"Isokenk\u00e4isten Klubi"}]},"geo.placename":"Kuusamo","geo.position":{"lat":"66.10118626498216","long":"29.838358906747683"},"geo.region":"Suomi"},"_links":{"self":[{"href":"https:\/\/www.ikk.fi\/fi\/wp-json\/wp\/v2\/pages\/9138","targetHints":{"allow":["GET"]}}],"collection":[{"href":"https:\/\/www.ikk.fi\/fi\/wp-json\/wp\/v2\/pages"}],"about":[{"href":"https:\/\/www.ikk.fi\/fi\/wp-json\/wp\/v2\/types\/page"}],"author":[{"embeddable":true,"href":"https:\/\/www.ikk.fi\/fi\/wp-json\/wp\/v2\/users\/1"}],"replies":[{"embeddable":true,"href":"https:\/\/www.ikk.fi\/fi\/wp-json\/wp\/v2\/comments?post=9138"}],"version-history":[{"count":3,"href":"https:\/\/www.ikk.fi\/fi\/wp-json\/wp\/v2\/pages\/9138\/revisions"}],"predecessor-version":[{"id":9147,"href":"https:\/\/www.ikk.fi\/fi\/wp-json\/wp\/v2\/pages\/9138\/revisions\/9147"}],"wp:attachment":[{"href":"https:\/\/www.ikk.fi\/fi\/wp-json\/wp\/v2\/media?parent=9138"}],"curies":[{"name":"wp","href":"https:\/\/api.w.org\/{rel}","templated":true}]}}