{"id":84,"date":"2020-09-10T15:26:17","date_gmt":"2020-09-10T12:26:17","guid":{"rendered":"http:\/\/davas.site\/ikk\/?page_id=84"},"modified":"2020-11-26T13:13:15","modified_gmt":"2020-11-26T11:13:15","slug":"vastuullisuus","status":"publish","type":"page","link":"https:\/\/www.ikk.fi\/fi\/vastuullisuus\/","title":{"rendered":"Vastuullisuus"},"content":{"rendered":"<h1>Vastuullisuus<\/h1>\n<blockquote>\n<p>Isokenk\u00e4isten Klubi on keskell\u00e4 Kuusamon er\u00e4maata, Kuntivaaran juurella, Heikinj\u00e4rven rannalla, omassa rauhassa. Klubi on rakennettu perinteit\u00e4 ja paikallisia raaka-aineita kunnoittaen, kest\u00e4m\u00e4\u00e4n is\u00e4lt\u00e4 tytt\u00e4rille. Erist\u00e4ytyneest\u00e4 kodasta ja savusaunasta on kasvanut hiljaisuuden ja rauhan tyyssija, luontoa ja hyv\u00e4\u00e4 ruokaa arvostaville vierailijoille.<\/p>\n<p>Koska Isokenk\u00e4isten Klubi on rakennettu vastuullisesti ja kest\u00e4v\u00e4sti, yrityksen koko toiminta pyrkii j\u00e4tt\u00e4m\u00e4\u00e4n mahdollisimman v\u00e4h\u00e4n j\u00e4lkeens\u00e4. Rakennuksissa on hy\u00f6dynnetty kierr\u00e4tysmateriaaleja oman mets\u00e4n puutavaran lis\u00e4ksi, j\u00e4tevedet puhdistetaan omassa puhdistamossa, ravintolan herkut on suunniteltu satokausiajattelua hy\u00f6dynt\u00e4en ja raaka-aineet hankitaan mahdollisimman tehokkaasti ja l\u00e4helt\u00e4. Jopa astioissa hy\u00f6dynnet\u00e4\u00e4n kotimaisia, laadukkaita sarjoja, joihin t\u00e4ydennyst\u00e4 hankitaan k\u00e4ytettyn\u00e4.<\/p>\n<p>Hiljaisuuden ja luonnon kunnioittaminen on l\u00e4sn\u00e4 kaikessa. Tehd\u00e4\u00e4n enemm\u00e4n muistoja ja v\u00e4hemm\u00e4n materiaa. Nyt ja tulevaisuudessa.<\/p>\n<\/blockquote>\n<div>\n<h3>Yrityksemme arvoja ovat<\/h3>\n<ul>\n<li>\n<p>Perhe, koti ja juuret \u2013 tarjoamme kodinomaista ja turvallista majoista, l\u00e4mp\u00f6\u00e4, villasukkia, mummolamaista yhdess\u00e4 oloa. Maistuvaa kotiruokaa ja kest\u00e4vi\u00e4 hirsiseini\u00e4. Sukupolvien v\u00e4list\u00e4 yhteytt\u00e4 ja perinnetietoa.<\/p>\n<\/li>\n<li>\n<p>Luonnonl\u00e4heisyys ja aito rajaseutu &#8211;\u00a0 lupaamme er\u00e4maan tunnelmaa, hiljaisuutta ja rauhaa.\u00a0 Vuodenaikojen vaihtelua ja er\u00e4maaluontoa. Tapoja on monia. Autamme kaikkia l\u00f6yt\u00e4m\u00e4\u00e4n oman tavan kokea Kuusamon ja Isokenk\u00e4isten klubin ainutlaatuisuuden.<\/p>\n<\/li>\n<li>\n<p>Ammattitaitoinen ja ihmisl\u00e4heinen palvelu -Lupaamme l\u00e4mmint\u00e4 vastaanottoa, iloista mielt\u00e4 ja rentoa tunnelmaa. Asiakkaiden tarpeet ovat erilaisia, joten suunnittelemme ja toteutamme palvelumme ammattitaitoisesti ja laadukkaasti.<\/p>\n<\/li>\n<li>\n<p>Taloudellinen kest\u00e4vyys -toimintamme luo hyvinvointia ymp\u00e4rilleen ja antaa tuleville sukupolville yht\u00e4l\u00e4iset, ellei paremmat mahdollisuudet yritt\u00e4\u00e4 ja onnistua<\/p>\n<\/li>\n<li>\n<p>Ekologinen vastuullisuus \u2013 emme tuhlaa, k\u00e4yt\u00e4mme vain sen, mit\u00e4 tarvitsemme, pid\u00e4mme huolta ymp\u00e4rist\u00f6st\u00e4 valinnoillamme ja pyrimme j\u00e4tt\u00e4m\u00e4\u00e4n j\u00e4lkeemme mahdollisimman v\u00e4h\u00e4n. Teemme yhdess\u00e4 kest\u00e4vi\u00e4 valintoja.<\/p>\n<\/li>\n<\/ul>\n<\/div>\n<p><!-- {\"type\":\"layout\",\"children\":[{\"type\":\"section\",\"props\":{\"style\":\"default\",\"width\":\"default\",\"vertical_align\":\"middle\",\"title_position\":\"top-left\",\"title_rotation\":\"left\",\"title_breakpoint\":\"xl\",\"image_position\":\"center-center\"},\"children\":[{\"type\":\"row\",\"children\":[{\"type\":\"column\",\"props\":{\"image_position\":\"center-center\",\"media_overlay_gradient\":\"\"},\"children\":[{\"type\":\"headline\",\"props\":{\"title_element\":\"h1\",\"content\":\"Vastuullisuus\",\"maxwidth\":\"2xlarge\",\"block_align\":\"center\"}},{\"type\":\"quotation\",\"props\":{\"content\":\"\n\n<p>Isokenk\\u00e4isten Klubi on keskell\\u00e4 Kuusamon er\\u00e4maata, Kuntivaaran juurella, Heikinj\\u00e4rven rannalla, omassa rauhassa. Klubi on rakennettu perinteit\\u00e4 ja paikallisia raaka-aineita kunnoittaen, kest\\u00e4m\\u00e4\\u00e4n is\\u00e4lt\\u00e4 tytt\\u00e4rille. Erist\\u00e4ytyneest\\u00e4 kodasta ja savusaunasta on kasvanut hiljaisuuden ja rauhan tyyssija, luontoa ja hyv\\u00e4\\u00e4 ruokaa arvostaville vierailijoille.<\\\/p>\\n\n\n<p>Koska Isokenk\\u00e4isten Klubi on rakennettu vastuullisesti ja kest\\u00e4v\\u00e4sti, yrityksen koko toiminta pyrkii j\\u00e4tt\\u00e4m\\u00e4\\u00e4n mahdollisimman v\\u00e4h\\u00e4n j\\u00e4lkeens\\u00e4. Rakennuksissa on hy\\u00f6dynnetty kierr\\u00e4tysmateriaaleja oman mets\\u00e4n puutavaran lis\\u00e4ksi, j\\u00e4tevedet puhdistetaan omassa puhdistamossa, ravintolan herkut on suunniteltu satokausiajattelua hy\\u00f6dynt\\u00e4en ja raaka-aineet hankitaan mahdollisimman tehokkaasti ja l\\u00e4helt\\u00e4. Jopa astioissa hy\\u00f6dynnet\\u00e4\\u00e4n kotimaisia, laadukkaita sarjoja, joihin t\\u00e4ydennyst\\u00e4 hankitaan k\\u00e4ytettyn\\u00e4.<\\\/p>\\n\n\n<p>Hiljaisuuden ja luonnon kunnioittaminen on l\\u00e4sn\\u00e4 kaikessa. Tehd\\u00e4\\u00e4n enemm\\u00e4n muistoja ja v\\u00e4hemm\\u00e4n materiaa. Nyt ja tulevaisuudessa.<\\\/p>\",\"maxwidth\":\"2xlarge\",\"block_align\":\"center\"}}]}]}]},{\"type\":\"section\",\"props\":{\"style\":\"muted\",\"width\":\"default\",\"vertical_align\":\"middle\",\"title_position\":\"top-left\",\"title_rotation\":\"left\",\"title_breakpoint\":\"xl\",\"image_position\":\"center-center\"},\"children\":[{\"type\":\"row\",\"children\":[{\"type\":\"column\",\"props\":{\"image_position\":\"center-center\",\"media_overlay_gradient\":\"\"},\"children\":[{\"type\":\"text\",\"props\":{\"margin\":\"default\",\"column_breakpoint\":\"m\",\"content\":\"\n\n<h3>Yrityksemme arvoja ovat<\\\/h3>\\n\n\n<ul>\\n\n\n<li>\\n\n\n<p>Perhe, koti ja juuret \\u2013 tarjoamme kodinomaista ja turvallista majoista, l\\u00e4mp\\u00f6\\u00e4, villasukkia, mummolamaista yhdess\\u00e4 oloa. Maistuvaa kotiruokaa ja kest\\u00e4vi\\u00e4 hirsiseini\\u00e4. Sukupolvien v\\u00e4list\\u00e4 yhteytt\\u00e4 ja perinnetietoa.<\\\/p>\\n<\\\/li>\\n\n\n<li>\\n\n\n<p>Luonnonl\\u00e4heisyys ja aito rajaseutu -\\u00a0 lupaamme er\\u00e4maan tunnelmaa, hiljaisuutta ja rauhaa.\\u00a0 Vuodenaikojen vaihtelua ja er\\u00e4maaluontoa. Tapoja on monia. Autamme kaikkia l\\u00f6yt\\u00e4m\\u00e4\\u00e4n oman tavan kokea Kuusamon ja Isokenk\\u00e4isten klubin ainutlaatuisuuden.<\\\/p>\\n<\\\/li>\\n\n\n<li>\\n\n\n<p>Ammattitaitoinen ja ihmisl\\u00e4heinen palvelu -Lupaamme l\\u00e4mmint\\u00e4 vastaanottoa, iloista mielt\\u00e4 ja rentoa tunnelmaa. Asiakkaiden tarpeet ovat erilaisia, joten suunnittelemme ja toteutamme palvelumme ammattitaitoisesti ja laadukkaasti.<\\\/p>\\n<\\\/li>\\n\n\n<li>\\n\n\n<p>Taloudellinen kest\\u00e4vyys -toimintamme luo hyvinvointia ymp\\u00e4rilleen ja antaa tuleville sukupolville yht\\u00e4l\\u00e4iset, ellei paremmat mahdollisuudet yritt\\u00e4\\u00e4 ja onnistua<\\\/p>\\n<\\\/li>\\n\n\n<li>\\n\n\n<p>Ekologinen vastuullisuus \\u2013 emme tuhlaa, k\\u00e4yt\\u00e4mme vain sen, mit\\u00e4 tarvitsemme, pid\\u00e4mme huolta ymp\\u00e4rist\\u00f6st\\u00e4 valinnoillamme ja pyrimme j\\u00e4tt\\u00e4m\\u00e4\\u00e4n j\\u00e4lkeemme mahdollisimman v\\u00e4h\\u00e4n. Teemme yhdess\\u00e4 kest\\u00e4vi\\u00e4 valintoja.<\\\/p>\\n<\\\/li>\\n<\\\/ul>\",\"maxwidth\":\"2xlarge\",\"block_align\":\"center\"}}]}]}],\"name\":\"arvot\"}],\"version\":\"2.2.5\"} --><\/p>\n","protected":false},"excerpt":{"rendered":"<p>Vastuullisuus Isokenk\u00e4isten Klubi on keskell\u00e4 Kuusamon er\u00e4maata, Kuntivaaran juurella, Heikinj\u00e4rven rannalla, omassa rauhassa. Klubi on rakennettu perinteit\u00e4 ja paikallisia raaka-aineita kunnoittaen, kest\u00e4m\u00e4\u00e4n is\u00e4lt\u00e4 tytt\u00e4rille. Erist\u00e4ytyneest\u00e4 kodasta ja savusaunasta on kasvanut hiljaisuuden ja rauhan tyyssija, luontoa ja hyv\u00e4\u00e4 ruokaa arvostaville vierailijoille. Koska Isokenk\u00e4isten Klubi on rakennettu vastuullisesti ja kest\u00e4v\u00e4sti, yrityksen koko toiminta pyrkii j\u00e4tt\u00e4m\u00e4\u00e4n mahdollisimman v\u00e4h\u00e4n [&hellip;]<\/p>\n","protected":false},"author":1,"featured_media":940,"parent":0,"menu_order":0,"comment_status":"closed","ping_status":"closed","template":"","meta":{"footnotes":""},"class_list":["post-84","page","type-page","status-publish","has-post-thumbnail","hentry"],"yoast_head":"<title>Vastuullisuus - Isokenk\u00e4isten Klubi, Kuusamo<\/title>\n<meta name=\"description\" content=\"Klubilla vastuullisuus on mukana kaikessa tekemisess\u00e4 ja Kuusamossa el\u00e4m\u00e4ntyyli itsess\u00e4\u00e4n on vastuullista.\" \/>\n<meta name=\"robots\" content=\"index, follow, max-snippet:-1, max-image-preview:large, max-video-preview:-1\" \/>\n<link rel=\"canonical\" href=\"https:\/\/www.ikk.fi\/fi\/vastuullisuus\/\" \/>\n<meta property=\"og:locale\" content=\"fi_FI\" \/>\n<meta property=\"og:type\" content=\"article\" \/>\n<meta property=\"og:title\" content=\"Vastuullisuus\" \/>\n<meta property=\"og:description\" content=\"Klubilla vastuullisuus on mukana kaikessa tekemisess\u00e4 ja Kuusamossa el\u00e4m\u00e4ntyyli itsess\u00e4\u00e4n on vastuullista.\" \/>\n<meta property=\"og:url\" content=\"https:\/\/www.ikk.fi\/fi\/vastuullisuus\/\" \/>\n<meta property=\"og:site_name\" content=\"Isokenk\u00e4isten Klubi, Kuusamo\" \/>\n<meta property=\"article:publisher\" content=\"https:\/\/www.facebook.com\/isokenkaistenklubi\" \/>\n<meta property=\"article:modified_time\" content=\"2020-11-26T11:13:15+00:00\" \/>\n<meta property=\"og:image\" content=\"https:\/\/www.ikk.fi\/wp-content\/uploads\/2020\/10\/ikk-puolukat.jpg\" \/>\n\t<meta property=\"og:image:width\" content=\"1000\" \/>\n\t<meta property=\"og:image:height\" content=\"600\" \/>\n\t<meta property=\"og:image:type\" content=\"image\/jpeg\" \/>\n<meta name=\"twitter:card\" content=\"summary_large_image\" \/>\n<meta name=\"twitter:label1\" content=\"Arvioitu lukuaika\" \/>\n\t<meta name=\"twitter:data1\" content=\"1 minuutti\" \/>\n<script type=\"application\/ld+json\" class=\"yoast-schema-graph\">{\"@context\":\"https:\/\/schema.org\",\"@graph\":[{\"@type\":\"WebPage\",\"@id\":\"https:\/\/www.ikk.fi\/fi\/vastuullisuus\/\",\"url\":\"https:\/\/www.ikk.fi\/fi\/vastuullisuus\/\",\"name\":\"Vastuullisuus - Isokenk\u00e4isten Klubi, Kuusamo\",\"isPartOf\":{\"@id\":\"https:\/\/www.ikk.fi\/fi\/#website\"},\"primaryImageOfPage\":{\"@id\":\"https:\/\/www.ikk.fi\/fi\/vastuullisuus\/#primaryimage\"},\"image\":{\"@id\":\"https:\/\/www.ikk.fi\/fi\/vastuullisuus\/#primaryimage\"},\"thumbnailUrl\":\"https:\/\/www.ikk.fi\/wp-content\/uploads\/2020\/10\/ikk-puolukat.jpg\",\"datePublished\":\"2020-09-10T12:26:17+00:00\",\"dateModified\":\"2020-11-26T11:13:15+00:00\",\"description\":\"Klubilla vastuullisuus on mukana kaikessa tekemisess\u00e4 ja Kuusamossa el\u00e4m\u00e4ntyyli itsess\u00e4\u00e4n on vastuullista.\",\"breadcrumb\":{\"@id\":\"https:\/\/www.ikk.fi\/fi\/vastuullisuus\/#breadcrumb\"},\"inLanguage\":\"fi\",\"potentialAction\":[{\"@type\":\"ReadAction\",\"target\":[\"https:\/\/www.ikk.fi\/fi\/vastuullisuus\/\"]}]},{\"@type\":\"ImageObject\",\"inLanguage\":\"fi\",\"@id\":\"https:\/\/www.ikk.fi\/fi\/vastuullisuus\/#primaryimage\",\"url\":\"https:\/\/www.ikk.fi\/wp-content\/uploads\/2020\/10\/ikk-puolukat.jpg\",\"contentUrl\":\"https:\/\/www.ikk.fi\/wp-content\/uploads\/2020\/10\/ikk-puolukat.jpg\",\"width\":1000,\"height\":600},{\"@type\":\"BreadcrumbList\",\"@id\":\"https:\/\/www.ikk.fi\/fi\/vastuullisuus\/#breadcrumb\",\"itemListElement\":[{\"@type\":\"ListItem\",\"position\":1,\"name\":\"Etusivu\",\"item\":\"https:\/\/www.ikk.fi\/fi\/\"},{\"@type\":\"ListItem\",\"position\":2,\"name\":\"Vastuullisuus\"}]},{\"@type\":\"WebSite\",\"@id\":\"https:\/\/www.ikk.fi\/fi\/#website\",\"url\":\"https:\/\/www.ikk.fi\/fi\/\",\"name\":\"Isokenk\u00e4isten Klubi, Kuusamo, Finland\",\"description\":\"Wilderness Lodges &amp; Wild Food Kitchen\",\"publisher\":{\"@id\":\"https:\/\/www.ikk.fi\/fi\/#organization\"},\"potentialAction\":[{\"@type\":\"SearchAction\",\"target\":{\"@type\":\"EntryPoint\",\"urlTemplate\":\"https:\/\/www.ikk.fi\/fi\/?s={search_term_string}\"},\"query-input\":{\"@type\":\"PropertyValueSpecification\",\"valueRequired\":true,\"valueName\":\"search_term_string\"}}],\"inLanguage\":\"fi\"},{\"@type\":[\"Organization\",\"Place\",\"LocalBusiness\"],\"@id\":\"https:\/\/www.ikk.fi\/fi\/#organization\",\"name\":\"Isokenk\u00e4isten Klubi\",\"url\":\"https:\/\/www.ikk.fi\/fi\/\",\"logo\":{\"@id\":\"https:\/\/www.ikk.fi\/fi\/vastuullisuus\/#local-main-organization-logo\"},\"image\":{\"@id\":\"https:\/\/www.ikk.fi\/fi\/vastuullisuus\/#local-main-organization-logo\"},\"sameAs\":[\"https:\/\/www.facebook.com\/isokenkaistenklubi\",\"https:\/\/www.instagram.com\/isokenkaistenklubi\",\"https:\/\/www.youtube.com\/channel\/UCDf0w2yqjK2HZGZ73goZv9A\"],\"address\":{\"@id\":\"https:\/\/www.ikk.fi\/fi\/vastuullisuus\/#local-main-place-address\"},\"geo\":{\"@type\":\"GeoCoordinates\",\"latitude\":\"66.10118626498216\",\"longitude\":\"29.838358906747683\"},\"telephone\":[\"+358400972260\",\"+358407066839\"],\"openingHoursSpecification\":[],\"email\":\"info@ikk.fi\",\"areaServed\":\"Kuusamo\"},{\"@type\":\"PostalAddress\",\"@id\":\"https:\/\/www.ikk.fi\/fi\/vastuullisuus\/#local-main-place-address\",\"streetAddress\":\"Heikinj\u00e4rventie 3\",\"addressLocality\":\"Kuusamo\",\"postalCode\":\"93800\",\"addressCountry\":\"FI\"},{\"@type\":\"ImageObject\",\"inLanguage\":\"fi\",\"@id\":\"https:\/\/www.ikk.fi\/fi\/vastuullisuus\/#local-main-organization-logo\",\"url\":\"https:\/\/www.ikk.fi\/wp-content\/uploads\/2020\/10\/ikk-logo-vari-ilman-puita-pieni.png\",\"contentUrl\":\"https:\/\/www.ikk.fi\/wp-content\/uploads\/2020\/10\/ikk-logo-vari-ilman-puita-pieni.png\",\"width\":300,\"height\":99,\"caption\":\"Isokenk\u00e4isten Klubi\"}]}<\/script>\n<meta name=\"geo.placename\" content=\"Kuusamo\" \/>\n<meta name=\"geo.position\" content=\"66.10118626498216;29.838358906747683\" \/>\n<meta name=\"geo.region\" content=\"Suomi\" \/>","yoast_head_json":{"title":"Vastuullisuus - Isokenk\u00e4isten Klubi, Kuusamo","description":"Klubilla vastuullisuus on mukana kaikessa tekemisess\u00e4 ja Kuusamossa el\u00e4m\u00e4ntyyli itsess\u00e4\u00e4n on vastuullista.","robots":{"index":"index","follow":"follow","max-snippet":"max-snippet:-1","max-image-preview":"max-image-preview:large","max-video-preview":"max-video-preview:-1"},"canonical":"https:\/\/www.ikk.fi\/fi\/vastuullisuus\/","og_locale":"fi_FI","og_type":"article","og_title":"Vastuullisuus","og_description":"Klubilla vastuullisuus on mukana kaikessa tekemisess\u00e4 ja Kuusamossa el\u00e4m\u00e4ntyyli itsess\u00e4\u00e4n on vastuullista.","og_url":"https:\/\/www.ikk.fi\/fi\/vastuullisuus\/","og_site_name":"Isokenk\u00e4isten Klubi, Kuusamo","article_publisher":"https:\/\/www.facebook.com\/isokenkaistenklubi","article_modified_time":"2020-11-26T11:13:15+00:00","og_image":[{"width":1000,"height":600,"url":"https:\/\/www.ikk.fi\/wp-content\/uploads\/2020\/10\/ikk-puolukat.jpg","type":"image\/jpeg"}],"twitter_card":"summary_large_image","twitter_misc":{"Arvioitu lukuaika":"1 minuutti"},"schema":{"@context":"https:\/\/schema.org","@graph":[{"@type":"WebPage","@id":"https:\/\/www.ikk.fi\/fi\/vastuullisuus\/","url":"https:\/\/www.ikk.fi\/fi\/vastuullisuus\/","name":"Vastuullisuus - Isokenk\u00e4isten Klubi, Kuusamo","isPartOf":{"@id":"https:\/\/www.ikk.fi\/fi\/#website"},"primaryImageOfPage":{"@id":"https:\/\/www.ikk.fi\/fi\/vastuullisuus\/#primaryimage"},"image":{"@id":"https:\/\/www.ikk.fi\/fi\/vastuullisuus\/#primaryimage"},"thumbnailUrl":"https:\/\/www.ikk.fi\/wp-content\/uploads\/2020\/10\/ikk-puolukat.jpg","datePublished":"2020-09-10T12:26:17+00:00","dateModified":"2020-11-26T11:13:15+00:00","description":"Klubilla vastuullisuus on mukana kaikessa tekemisess\u00e4 ja Kuusamossa el\u00e4m\u00e4ntyyli itsess\u00e4\u00e4n on vastuullista.","breadcrumb":{"@id":"https:\/\/www.ikk.fi\/fi\/vastuullisuus\/#breadcrumb"},"inLanguage":"fi","potentialAction":[{"@type":"ReadAction","target":["https:\/\/www.ikk.fi\/fi\/vastuullisuus\/"]}]},{"@type":"ImageObject","inLanguage":"fi","@id":"https:\/\/www.ikk.fi\/fi\/vastuullisuus\/#primaryimage","url":"https:\/\/www.ikk.fi\/wp-content\/uploads\/2020\/10\/ikk-puolukat.jpg","contentUrl":"https:\/\/www.ikk.fi\/wp-content\/uploads\/2020\/10\/ikk-puolukat.jpg","width":1000,"height":600},{"@type":"BreadcrumbList","@id":"https:\/\/www.ikk.fi\/fi\/vastuullisuus\/#breadcrumb","itemListElement":[{"@type":"ListItem","position":1,"name":"Etusivu","item":"https:\/\/www.ikk.fi\/fi\/"},{"@type":"ListItem","position":2,"name":"Vastuullisuus"}]},{"@type":"WebSite","@id":"https:\/\/www.ikk.fi\/fi\/#website","url":"https:\/\/www.ikk.fi\/fi\/","name":"Isokenk\u00e4isten Klubi, Kuusamo, Finland","description":"Wilderness Lodges &amp; Wild Food Kitchen","publisher":{"@id":"https:\/\/www.ikk.fi\/fi\/#organization"},"potentialAction":[{"@type":"SearchAction","target":{"@type":"EntryPoint","urlTemplate":"https:\/\/www.ikk.fi\/fi\/?s={search_term_string}"},"query-input":{"@type":"PropertyValueSpecification","valueRequired":true,"valueName":"search_term_string"}}],"inLanguage":"fi"},{"@type":["Organization","Place","LocalBusiness"],"@id":"https:\/\/www.ikk.fi\/fi\/#organization","name":"Isokenk\u00e4isten Klubi","url":"https:\/\/www.ikk.fi\/fi\/","logo":{"@id":"https:\/\/www.ikk.fi\/fi\/vastuullisuus\/#local-main-organization-logo"},"image":{"@id":"https:\/\/www.ikk.fi\/fi\/vastuullisuus\/#local-main-organization-logo"},"sameAs":["https:\/\/www.facebook.com\/isokenkaistenklubi","https:\/\/www.instagram.com\/isokenkaistenklubi","https:\/\/www.youtube.com\/channel\/UCDf0w2yqjK2HZGZ73goZv9A"],"address":{"@id":"https:\/\/www.ikk.fi\/fi\/vastuullisuus\/#local-main-place-address"},"geo":{"@type":"GeoCoordinates","latitude":"66.10118626498216","longitude":"29.838358906747683"},"telephone":["+358400972260","+358407066839"],"openingHoursSpecification":[],"email":"info@ikk.fi","areaServed":"Kuusamo"},{"@type":"PostalAddress","@id":"https:\/\/www.ikk.fi\/fi\/vastuullisuus\/#local-main-place-address","streetAddress":"Heikinj\u00e4rventie 3","addressLocality":"Kuusamo","postalCode":"93800","addressCountry":"FI"},{"@type":"ImageObject","inLanguage":"fi","@id":"https:\/\/www.ikk.fi\/fi\/vastuullisuus\/#local-main-organization-logo","url":"https:\/\/www.ikk.fi\/wp-content\/uploads\/2020\/10\/ikk-logo-vari-ilman-puita-pieni.png","contentUrl":"https:\/\/www.ikk.fi\/wp-content\/uploads\/2020\/10\/ikk-logo-vari-ilman-puita-pieni.png","width":300,"height":99,"caption":"Isokenk\u00e4isten Klubi"}]},"geo.placename":"Kuusamo","geo.position":{"lat":"66.10118626498216","long":"29.838358906747683"},"geo.region":"Suomi"},"_links":{"self":[{"href":"https:\/\/www.ikk.fi\/fi\/wp-json\/wp\/v2\/pages\/84","targetHints":{"allow":["GET"]}}],"collection":[{"href":"https:\/\/www.ikk.fi\/fi\/wp-json\/wp\/v2\/pages"}],"about":[{"href":"https:\/\/www.ikk.fi\/fi\/wp-json\/wp\/v2\/types\/page"}],"author":[{"embeddable":true,"href":"https:\/\/www.ikk.fi\/fi\/wp-json\/wp\/v2\/users\/1"}],"replies":[{"embeddable":true,"href":"https:\/\/www.ikk.fi\/fi\/wp-json\/wp\/v2\/comments?post=84"}],"version-history":[{"count":0,"href":"https:\/\/www.ikk.fi\/fi\/wp-json\/wp\/v2\/pages\/84\/revisions"}],"wp:featuredmedia":[{"embeddable":true,"href":"https:\/\/www.ikk.fi\/fi\/wp-json\/wp\/v2\/media\/940"}],"wp:attachment":[{"href":"https:\/\/www.ikk.fi\/fi\/wp-json\/wp\/v2\/media?parent=84"}],"curies":[{"name":"wp","href":"https:\/\/api.w.org\/{rel}","templated":true}]}}