{"id":6888,"date":"2022-06-20T14:15:33","date_gmt":"2022-06-20T11:15:33","guid":{"rendered":"https:\/\/www.ikk.fi\/?page_id=6888"},"modified":"2022-06-20T14:29:56","modified_gmt":"2022-06-20T11:29:56","slug":"tule-meille-toihin","status":"publish","type":"page","link":"https:\/\/www.ikk.fi\/fi\/tule-meille-toihin\/","title":{"rendered":"Tule meille t\u00f6ihin"},"content":{"rendered":"<h1>Tule meille t\u00f6ihin<\/h1>\n<div>\n<p class=\"p1\">Isokenk\u00e4isten Klubi on Kuusamossa, kauniin luonnon keskell\u00e4 sijaitseva matkailua-alan perheyritys. Tarjoamme majoitus-, ravintola- ja ohjelmapalveluja ymp\u00e4rivuotisesti. Villit ja puhtaat maut, perinteet ja k\u00e4sity\u00f6taito ovat keitti\u00f6mme ydin.<span class=\"s1\"><b>\u00a0<\/b><\/span><\/p>\n<\/div>\n<div>\n<p class=\"p1\"><strong>Pitk\u00e4aikaisen keitti\u00f6p\u00e4\u00e4llikk\u00f6mme siirtyess\u00e4 muihin teht\u00e4viin haemme nyt<span class=\"Apple-converted-space\">\u00a0<\/span><\/strong><\/p>\n<\/div>\n<div>\n<h3>Reipasta ja vastuuntuntoista kokkia \/ keitti\u00f6mestaria <\/h3>\n<div>\n<p class=\"p1\">Toivottavasti nautit itsen\u00e4isest\u00e4 ty\u00f6skentelyst\u00e4 ja otat vastuun keitti\u00f6st\u00e4. Haluat haastaa itse\u00e4si ja kokata my\u00f6s asiakkaiden kanssa avotulella.<\/p>\n<p class=\"p1\">Ty\u00f6teht\u00e4viisi kuuluvat p\u00e4ivitt\u00e4isten aterioiden valmistaminen sek\u00e4 kodassa, avotulella, kokkaaminen asiakkaiden kanssa yhdess\u00e4.\u00a0 Leivomme my\u00f6s itse tuoreita makeita ja suolaisia leivonnaisia, joten jauhopeukalo saa toteuttaa itse\u00e4\u00e4n.<span class=\"Apple-converted-space\">\u00a0<\/span><\/p>\n<p class=\"p1\">Mit\u00e4 odotamme sinulta:<\/p>\n<ul class=\"ul1\">\n<li class=\"li1\"><span class=\"s1\"><\/span>vahvaa perusosaamista keitti\u00f6st\u00e4 sek\u00e4 intohimoa oppia ja\u00a0luoda uutta<span class=\"Apple-converted-space\">\u00a0<\/span><\/li>\n<li class=\"li1\"><span class=\"s1\"><\/span>Suomen puhtaan luonnon raaka-aineita arvostamista, osaat hy\u00f6dynt\u00e4\u00e4 ymp\u00e4rill\u00e4mme olevan luonnon antimia<\/li>\n<li class=\"li1\"><span class=\"s1\"><\/span>voimassa olevaa hygieniapassia<\/li>\n<li class=\"li1\"><span class=\"s1\"><\/span>Suomen tai englannin kielen taitoa, muu kielitaito on eduksi.<span class=\"Apple-converted-space\">\u00a0<\/span><\/li>\n<li class=\"li1\"><span class=\"s1\"><\/span>joukkue- ja tiimipelaajataitoja, jolta l\u00f6ytyy my\u00f6s huumorintajua<\/li>\n<li class=\"li2\"><span class=\"s1\"><\/span>ajokortti<\/li>\n<\/ul>\n<p class=\"p1\">Olisiko t\u00e4m\u00e4 sinun uusi ty\u00f6paikkasi? Paikka t\u00e4ytet\u00e4\u00e4n heti sopivan henkil\u00f6n l\u00f6ydytty\u00e4, joten laitahan hakemusta tulemaan cv:n ja koulutustietojesi kera.<\/p>\n<p class=\"p1\">Palkkaus on eritt\u00e4in kilpailukykyinen ja neuvoteltavissa taitotasosi ja kokemuksesi mukaan. Tarjoamme kattavat vapaa-ajan edut Ruka-Kuusamon alueella. Tarvittaessa j\u00e4rjest\u00e4mme yhteismajoituksen (oma huone) Isokenk\u00e4isten Klubilla.<\/p>\n<p class=\"p1\">Olethan huomannut my\u00f6s muut hakuilmoituksemme, ty\u00f6paikat Isokenk\u00e4isten Klubilla sopivat erinomaisesti esim. pariskunnille.<span class=\"Apple-converted-space\">\u00a0<\/span><\/p>\n<p class=\"p1\">Lis\u00e4tiedot Katja Vira, puh. <a href=\"tel:+358400972260\">0400 972 260<\/a>, <a href=\"mailto:info@ikk.fi\">info@ikk.fi<\/a><\/p>\n<\/div>\n<\/div>\n<div>\n<p><strong>Organisaatiomme uudistuessa haemme nyt\u00a0<\/strong><\/p>\n<\/div>\n<div>\n<h3>Reipasta ja vastuuntuntoista hotellin vastaanotto- ja ravintolaty\u00f6ntekij\u00e4\u00e4 <\/h3>\n<div>\n<p>Toivottavasti nautit itsen\u00e4isest\u00e4 ty\u00f6skentelyst\u00e4 ja jaksat pit\u00e4\u00e4 hymyn huulillasi my\u00f6s kovan kiireen keskell\u00e4. Viihdyt kansainv\u00e4lisess\u00e4 ilmapiiriss\u00e4, sill\u00e4 varsinkin talvella asiakkaamme ovat p\u00e4\u00e4s\u00e4\u00e4nt\u00f6isesti meill\u00e4 majoittuvia kansainv\u00e4lisi\u00e4 vieraita. Palvelemme my\u00f6s muita lounas- ja illallisasiakkaita sek\u00e4 saunavieraita.\u00a0<\/p>\n<p>Monipuolisiin ty\u00f6teht\u00e4viin kuuluvat ensisijaisesti ravintolasalin ja kahvilan asiakaspalvelu ja puhtaanapito sek\u00e4 satunnaisesti hotellin vastaanoton tai saunatontun teht\u00e4v\u00e4t. Kriisin sattuessa toivomme, ett\u00e4 osaat napata otteen luudasta, p\u00f6lynimurista, lumikolasta tai astianpesukoneen kahvasta ja auttaa ty\u00f6kavereitasi selvi\u00e4m\u00e4\u00e4n p\u00e4iv\u00e4st\u00e4.\u00a0<\/p>\n<p>Mit\u00e4 odotamme sinulta:<\/p>\n<ul>\n<li>vahvaa perusosaamista sality\u00f6skentelyst\u00e4<\/li>\n<li>voimassa olevaa hygienia- ja anniskelupassia<\/li>\n<li>Sujuvaa englannin kielen taitoa, muu kielitaito on eduksi.\u00a0<\/li>\n<li>joukkue- ja tiimipelaajataitoja, jolta l\u00f6ytyy my\u00f6s huumorintajua\u00a0<\/li>\n<li>Suomen puhtaan luonnon raaka-aineiden arvostamista<\/li>\n<li>ajokorttia<\/li>\n<\/ul>\n<p>Olisiko t\u00e4m\u00e4 sinun uusi ty\u00f6paikkasi? Paikka t\u00e4ytet\u00e4\u00e4n heti sopivan henkil\u00f6n l\u00f6ydytty\u00e4, joten laitahan hakemusta tulemaan cv:n ja koulutustietojesi kera.<\/p>\n<p>Palkkaus on eritt\u00e4in kilpailukykyinen ja neuvoteltavissa taitotasosi ja kokemuksesi mukaan. Oppisopimus on vaihtoehto mik\u00e4li haluat suorittaa tutkinnon samalla.<\/p>\n<p>Tarjoamme kattavat vapaa-ajan edut Ruka-Kuusamon alueella. Tarvittaessa j\u00e4rjest\u00e4mme yhteismajoituksen (oma huone) Isokenk\u00e4isten Klubilla.<\/p>\n<p>Olethan huomannut my\u00f6s muut hakuilmoituksemme, ty\u00f6paikat Isokenk\u00e4isten Klubilla sopivat erinomaisesti esim. pariskunnille.\u00a0<\/p>\n<p>Lis\u00e4tiedot Katja Vira, puh. <a href=\"tel:+358400972260\">0400 972 260<\/a>, <a href=\"mailto:info@ikk.fi\">info@ikk.fi<\/a><\/p>\n<\/div>\n<\/div>\n<p><!--more--><br \/>\n<!-- {\"type\":\"layout\",\"children\":[{\"name\":\"isokuva\",\"type\":\"section\",\"props\":{\"style\":\"default\",\"width\":\"\",\"vertical_align\":\"\",\"title_position\":\"top-left\",\"title_rotation\":\"left\",\"title_breakpoint\":\"xl\",\"image_position\":\"center-center\",\"padding_remove_top\":false,\"image\":\"wp-content\\\/uploads\\\/2021\\\/03\\\/ikk-annos-iso.jpg\",\"image_size\":\"cover\",\"title\":\"\",\"padding\":\"xlarge\",\"height\":\"expand\"},\"children\":[{\"name\":\"\",\"type\":\"row\",\"children\":[{\"name\":\"\",\"type\":\"column\",\"props\":{\"image_position\":\"center-center\",\"media_overlay_gradient\":\"\",\"width_medium\":\"1-1\",\"position_sticky_breakpoint\":\"m\"},\"children\":[]}]}]},{\"type\":\"section\",\"props\":{\"style\":\"default\",\"width\":\"default\",\"vertical_align\":\"middle\",\"title_position\":\"top-left\",\"title_rotation\":\"left\",\"title_breakpoint\":\"xl\",\"image_position\":\"center-center\"},\"children\":[{\"type\":\"row\",\"children\":[{\"type\":\"column\",\"props\":{\"position_sticky_breakpoint\":\"m\",\"image_position\":\"center-center\",\"media_overlay_gradient\":\"\"},\"children\":[{\"type\":\"headline\",\"props\":{\"title_element\":\"h1\",\"content\":\"Tule meille t\\u00f6ihin\",\"title_style\":\"heading-small\",\"text_align\":\"center\"}},{\"type\":\"text\",\"props\":{\"margin\":\"default\",\"column_breakpoint\":\"m\",\"content\":\"\n\n<p class=\\\"p1\\\">Isokenk\\u00e4isten Klubi on Kuusamossa, kauniin luonnon keskell\\u00e4 sijaitseva matkailua-alan perheyritys. Tarjoamme majoitus-, ravintola- ja ohjelmapalveluja ymp\\u00e4rivuotisesti. Villit ja puhtaat maut, perinteet ja k\\u00e4sity\\u00f6taito ovat keitti\\u00f6mme ydin.<span class=\\\"s1\\\"><b>\\u00a0<\\\/b><\\\/span><\\\/p>\",\"text_style\":\"lead\",\"text_align\":\"center\",\"maxwidth\":\"2xlarge\",\"block_align\":\"center\"}}]}]}]},{\"type\":\"section\",\"props\":{\"style\":\"primary\",\"width\":\"default\",\"vertical_align\":\"middle\",\"title_position\":\"top-left\",\"title_rotation\":\"left\",\"title_breakpoint\":\"xl\",\"image_position\":\"center-center\"},\"children\":[{\"type\":\"row\",\"children\":[{\"type\":\"column\",\"props\":{\"position_sticky_breakpoint\":\"m\",\"image_position\":\"center-center\",\"media_overlay_gradient\":\"\"},\"children\":[{\"type\":\"text\",\"props\":{\"margin\":\"default\",\"column_breakpoint\":\"m\",\"content\":\"\n\n<p class=\\\"p1\\\"><strong>Pitk\\u00e4aikaisen keitti\\u00f6p\\u00e4\\u00e4llikk\\u00f6mme siirtyess\\u00e4 muihin teht\\u00e4viin haemme nyt<span class=\\\"Apple-converted-space\\\">\\u00a0<\\\/span><\\\/strong><\\\/p>\",\"text_style\":\"lead\",\"maxwidth\":\"2xlarge\",\"block_align\":\"center\"}},{\"type\":\"accordion\",\"props\":{\"show_image\":true,\"show_link\":true,\"collapsible\":true,\"content_column_breakpoint\":\"m\",\"image_svg_color\":\"emphasis\",\"image_align\":\"top\",\"image_grid_width\":\"1-2\",\"image_grid_breakpoint\":\"m\",\"link_text\":\"Read more\",\"link_style\":\"default\",\"maxwidth\":\"2xlarge\",\"block_align\":\"center\",\"content_margin\":\"large\"},\"children\":[{\"type\":\"accordion_item\",\"props\":{\"title\":\"Reipasta ja vastuuntuntoista kokkia \\\/ keitti\\u00f6mestaria \",\"content\":\"\n\n<p class=\\\"p1\\\">Toivottavasti nautit itsen\\u00e4isest\\u00e4 ty\\u00f6skentelyst\\u00e4 ja otat vastuun keitti\\u00f6st\\u00e4. Haluat haastaa itse\\u00e4si ja kokata my\\u00f6s asiakkaiden kanssa avotulella.<\\\/p>\\n\n\n<p class=\\\"p1\\\">Ty\\u00f6teht\\u00e4viisi kuuluvat p\\u00e4ivitt\\u00e4isten aterioiden valmistaminen sek\\u00e4 kodassa, avotulella, kokkaaminen asiakkaiden kanssa yhdess\\u00e4.\\u00a0 Leivomme my\\u00f6s itse tuoreita makeita ja suolaisia leivonnaisia, joten jauhopeukalo saa toteuttaa itse\\u00e4\\u00e4n.<span class=\\\"Apple-converted-space\\\">\\u00a0<\\\/span><\\\/p>\\n\n\n<p class=\\\"p1\\\">Mit\\u00e4 odotamme sinulta:<\\\/p>\\n\n\n<ul class=\\\"ul1\\\">\\n\n\n<li class=\\\"li1\\\"><span class=\\\"s1\\\"><\\\/span>vahvaa perusosaamista keitti\\u00f6st\\u00e4 sek\\u00e4 intohimoa oppia ja\\u00a0luoda uutta<span class=\\\"Apple-converted-space\\\">\\u00a0<\\\/span><\\\/li>\\n\n\n<li class=\\\"li1\\\"><span class=\\\"s1\\\"><\\\/span>Suomen puhtaan luonnon raaka-aineita arvostamista, osaat hy\\u00f6dynt\\u00e4\\u00e4 ymp\\u00e4rill\\u00e4mme olevan luonnon antimia<\\\/li>\\n\n\n<li class=\\\"li1\\\"><span class=\\\"s1\\\"><\\\/span>voimassa olevaa hygieniapassia<\\\/li>\\n\n\n<li class=\\\"li1\\\"><span class=\\\"s1\\\"><\\\/span>Suomen tai englannin kielen taitoa, muu kielitaito on eduksi.<span class=\\\"Apple-converted-space\\\">\\u00a0<\\\/span><\\\/li>\\n\n\n<li class=\\\"li1\\\"><span class=\\\"s1\\\"><\\\/span>joukkue- ja tiimipelaajataitoja, jolta l\\u00f6ytyy my\\u00f6s huumorintajua<\\\/li>\\n\n\n<li class=\\\"li2\\\"><span class=\\\"s1\\\"><\\\/span>ajokortti<\\\/li>\\n<\\\/ul>\\n\n\n<p class=\\\"p1\\\">Olisiko t\\u00e4m\\u00e4 sinun uusi ty\\u00f6paikkasi? Paikka t\\u00e4ytet\\u00e4\\u00e4n heti sopivan henkil\\u00f6n l\\u00f6ydytty\\u00e4, joten laitahan hakemusta tulemaan cv:n ja koulutustietojesi kera.<\\\/p>\\n\n\n<p class=\\\"p1\\\">Palkkaus on eritt\\u00e4in kilpailukykyinen ja neuvoteltavissa taitotasosi ja kokemuksesi mukaan. Tarjoamme kattavat vapaa-ajan edut Ruka-Kuusamon alueella. Tarvittaessa j\\u00e4rjest\\u00e4mme yhteismajoituksen (oma huone) Isokenk\\u00e4isten Klubilla.<\\\/p>\\n\n\n<p class=\\\"p1\\\">Olethan huomannut my\\u00f6s muut hakuilmoituksemme, ty\\u00f6paikat Isokenk\\u00e4isten Klubilla sopivat erinomaisesti esim. pariskunnille.<span class=\\\"Apple-converted-space\\\">\\u00a0<\\\/span><\\\/p>\\n\n\n<p class=\\\"p1\\\">Lis\\u00e4tiedot Katja Vira, puh. <a href=\\\"tel:+358400972260\\\">0400 972 260<\\\/a>, <a href=\\\"mailto:info@ikk.fi\\\">info@ikk.fi<\\\/a><\\\/p>\"}}]}]}]}]},{\"type\":\"section\",\"props\":{\"style\":\"secondary\",\"width\":\"default\",\"vertical_align\":\"middle\",\"title_position\":\"top-left\",\"title_rotation\":\"left\",\"title_breakpoint\":\"xl\",\"image_position\":\"center-center\"},\"children\":[{\"type\":\"row\",\"children\":[{\"type\":\"column\",\"props\":{\"position_sticky_breakpoint\":\"m\",\"image_position\":\"center-center\",\"media_overlay_gradient\":\"\"},\"children\":[{\"type\":\"text\",\"props\":{\"margin\":\"default\",\"column_breakpoint\":\"m\",\"content\":\"\n\n<p><strong>Organisaatiomme uudistuessa haemme nyt\\u00a0<\\\/strong><\\\/p>\",\"text_style\":\"lead\",\"maxwidth\":\"2xlarge\",\"block_align\":\"center\"}},{\"type\":\"accordion\",\"props\":{\"show_image\":true,\"show_link\":true,\"collapsible\":true,\"content_column_breakpoint\":\"m\",\"image_svg_color\":\"emphasis\",\"image_align\":\"top\",\"image_grid_width\":\"1-2\",\"image_grid_breakpoint\":\"m\",\"link_text\":\"Read more\",\"link_style\":\"default\",\"maxwidth\":\"2xlarge\",\"block_align\":\"center\",\"content_margin\":\"large\"},\"children\":[{\"type\":\"accordion_item\",\"props\":{\"content\":\"\n\n<p>Toivottavasti nautit itsen\\u00e4isest\\u00e4 ty\\u00f6skentelyst\\u00e4 ja jaksat pit\\u00e4\\u00e4 hymyn huulillasi my\\u00f6s kovan kiireen keskell\\u00e4. Viihdyt kansainv\\u00e4lisess\\u00e4 ilmapiiriss\\u00e4, sill\\u00e4 varsinkin talvella asiakkaamme ovat p\\u00e4\\u00e4s\\u00e4\\u00e4nt\\u00f6isesti meill\\u00e4 majoittuvia kansainv\\u00e4lisi\\u00e4 vieraita. Palvelemme my\\u00f6s muita lounas- ja illallisasiakkaita sek\\u00e4 saunavieraita.\\u00a0<\\\/p>\\n\n\n<p>Monipuolisiin ty\\u00f6teht\\u00e4viin kuuluvat ensisijaisesti ravintolasalin ja kahvilan asiakaspalvelu ja puhtaanapito sek\\u00e4 satunnaisesti hotellin vastaanoton tai saunatontun teht\\u00e4v\\u00e4t. Kriisin sattuessa toivomme, ett\\u00e4 osaat napata otteen luudasta, p\\u00f6lynimurista, lumikolasta tai astianpesukoneen kahvasta ja auttaa ty\\u00f6kavereitasi selvi\\u00e4m\\u00e4\\u00e4n p\\u00e4iv\\u00e4st\\u00e4.\\u00a0<\\\/p>\\n\n\n<p>Mit\\u00e4 odotamme sinulta:<\\\/p>\\n\n\n<ul>\\n\n\n<li>vahvaa perusosaamista sality\\u00f6skentelyst\\u00e4<\\\/li>\\n\n\n<li>voimassa olevaa hygienia- ja anniskelupassia<\\\/li>\\n\n\n<li>Sujuvaa englannin kielen taitoa, muu kielitaito on eduksi.\\u00a0<\\\/li>\\n\n\n<li>joukkue- ja tiimipelaajataitoja, jolta l\\u00f6ytyy my\\u00f6s huumorintajua\\u00a0<\\\/li>\\n\n\n<li>Suomen puhtaan luonnon raaka-aineiden arvostamista<\\\/li>\\n\n\n<li>ajokorttia<\\\/li>\\n<\\\/ul>\\n\n\n<p>Olisiko t\\u00e4m\\u00e4 sinun uusi ty\\u00f6paikkasi? Paikka t\\u00e4ytet\\u00e4\\u00e4n heti sopivan henkil\\u00f6n l\\u00f6ydytty\\u00e4, joten laitahan hakemusta tulemaan cv:n ja koulutustietojesi kera.<\\\/p>\\n\n\n<p>Palkkaus on eritt\\u00e4in kilpailukykyinen ja neuvoteltavissa taitotasosi ja kokemuksesi mukaan. Oppisopimus on vaihtoehto mik\\u00e4li haluat suorittaa tutkinnon samalla.<\\\/p>\\n\n\n<p>Tarjoamme kattavat vapaa-ajan edut Ruka-Kuusamon alueella. Tarvittaessa j\\u00e4rjest\\u00e4mme yhteismajoituksen (oma huone) Isokenk\\u00e4isten Klubilla.<\\\/p>\\n\n\n<p>Olethan huomannut my\\u00f6s muut hakuilmoituksemme, ty\\u00f6paikat Isokenk\\u00e4isten Klubilla sopivat erinomaisesti esim. pariskunnille.\\u00a0<\\\/p>\\n\n\n<p>Lis\\u00e4tiedot Katja Vira, puh. <a href=\\\"tel:+358400972260\\\">0400 972 260<\\\/a>, <a href=\\\"mailto:info@ikk.fi\\\">info@ikk.fi<\\\/a><\\\/p>\",\"title\":\"Reipasta ja vastuuntuntoista hotellin vastaanotto- ja ravintolaty\\u00f6ntekij\\u00e4\\u00e4 \"}}]}]}]}]}],\"version\":\"2.7.22\"} --><\/p>\n","protected":false},"excerpt":{"rendered":"<p>Tule meille t\u00f6ihin Isokenk\u00e4isten Klubi on Kuusamossa, kauniin luonnon keskell\u00e4 sijaitseva matkailua-alan perheyritys. Tarjoamme majoitus-, ravintola- ja ohjelmapalveluja ymp\u00e4rivuotisesti. Villit ja puhtaat maut, perinteet ja k\u00e4sity\u00f6taito ovat keitti\u00f6mme ydin.\u00a0 Pitk\u00e4aikaisen keitti\u00f6p\u00e4\u00e4llikk\u00f6mme siirtyess\u00e4 muihin teht\u00e4viin haemme nyt\u00a0 Reipasta ja vastuuntuntoista kokkia \/ keitti\u00f6mestaria Toivottavasti nautit itsen\u00e4isest\u00e4 ty\u00f6skentelyst\u00e4 ja otat vastuun keitti\u00f6st\u00e4. Haluat haastaa itse\u00e4si ja kokata [&hellip;]<\/p>\n","protected":false},"author":1,"featured_media":5081,"parent":0,"menu_order":0,"comment_status":"closed","ping_status":"closed","template":"","meta":{"footnotes":""},"class_list":["post-6888","page","type-page","status-publish","has-post-thumbnail","hentry"],"yoast_head":"<title>Tule meille t\u00f6ihin - Isokenk\u00e4isten Klubi, Kuusamo<\/title>\n<meta name=\"description\" content=\"Isokenk\u00e4isten Klubi on Kuusamossa, kauniin luonnon keskell\u00e4 sijaitseva matkailua-alan perheyritys. Tarjoamme majoitus-, ravintola- ja ohjelmapalveluja ymp\u00e4rivuotisesti.\" \/>\n<meta name=\"robots\" content=\"index, follow, max-snippet:-1, max-image-preview:large, max-video-preview:-1\" \/>\n<link rel=\"canonical\" href=\"https:\/\/www.ikk.fi\/fi\/tule-meille-toihin\/\" \/>\n<meta property=\"og:locale\" content=\"fi_FI\" \/>\n<meta property=\"og:type\" content=\"article\" \/>\n<meta property=\"og:title\" content=\"Tule meille t\u00f6ihin\" \/>\n<meta property=\"og:description\" content=\"Isokenk\u00e4isten Klubi on Kuusamossa, kauniin luonnon keskell\u00e4 sijaitseva matkailua-alan perheyritys. Tarjoamme majoitus-, ravintola- ja ohjelmapalveluja ymp\u00e4rivuotisesti.\" \/>\n<meta property=\"og:url\" content=\"https:\/\/www.ikk.fi\/fi\/tule-meille-toihin\/\" \/>\n<meta property=\"og:site_name\" content=\"Isokenk\u00e4isten Klubi, Kuusamo\" \/>\n<meta property=\"article:publisher\" content=\"https:\/\/www.facebook.com\/isokenkaistenklubi\" \/>\n<meta property=\"article:modified_time\" content=\"2022-06-20T11:29:56+00:00\" \/>\n<meta property=\"og:image\" content=\"https:\/\/www.ikk.fi\/wp-content\/uploads\/2021\/03\/ikk-annos-iso.jpg\" \/>\n\t<meta property=\"og:image:width\" content=\"2200\" \/>\n\t<meta property=\"og:image:height\" content=\"900\" \/>\n\t<meta property=\"og:image:type\" content=\"image\/jpeg\" \/>\n<meta name=\"twitter:card\" content=\"summary_large_image\" \/>\n<meta name=\"twitter:label1\" content=\"Arvioitu lukuaika\" \/>\n\t<meta name=\"twitter:data1\" content=\"2 minuuttia\" \/>\n<script type=\"application\/ld+json\" class=\"yoast-schema-graph\">{\"@context\":\"https:\/\/schema.org\",\"@graph\":[{\"@type\":\"WebPage\",\"@id\":\"https:\/\/www.ikk.fi\/fi\/tule-meille-toihin\/\",\"url\":\"https:\/\/www.ikk.fi\/fi\/tule-meille-toihin\/\",\"name\":\"Tule meille t\u00f6ihin - Isokenk\u00e4isten Klubi, Kuusamo\",\"isPartOf\":{\"@id\":\"https:\/\/www.ikk.fi\/fi\/#website\"},\"primaryImageOfPage\":{\"@id\":\"https:\/\/www.ikk.fi\/fi\/tule-meille-toihin\/#primaryimage\"},\"image\":{\"@id\":\"https:\/\/www.ikk.fi\/fi\/tule-meille-toihin\/#primaryimage\"},\"thumbnailUrl\":\"https:\/\/www.ikk.fi\/wp-content\/uploads\/2021\/03\/ikk-annos-iso.jpg\",\"datePublished\":\"2022-06-20T11:15:33+00:00\",\"dateModified\":\"2022-06-20T11:29:56+00:00\",\"description\":\"Isokenk\u00e4isten Klubi on Kuusamossa, kauniin luonnon keskell\u00e4 sijaitseva matkailua-alan perheyritys. Tarjoamme majoitus-, ravintola- ja ohjelmapalveluja ymp\u00e4rivuotisesti.\",\"breadcrumb\":{\"@id\":\"https:\/\/www.ikk.fi\/fi\/tule-meille-toihin\/#breadcrumb\"},\"inLanguage\":\"fi\",\"potentialAction\":[{\"@type\":\"ReadAction\",\"target\":[\"https:\/\/www.ikk.fi\/fi\/tule-meille-toihin\/\"]}]},{\"@type\":\"ImageObject\",\"inLanguage\":\"fi\",\"@id\":\"https:\/\/www.ikk.fi\/fi\/tule-meille-toihin\/#primaryimage\",\"url\":\"https:\/\/www.ikk.fi\/wp-content\/uploads\/2021\/03\/ikk-annos-iso.jpg\",\"contentUrl\":\"https:\/\/www.ikk.fi\/wp-content\/uploads\/2021\/03\/ikk-annos-iso.jpg\",\"width\":2200,\"height\":900},{\"@type\":\"BreadcrumbList\",\"@id\":\"https:\/\/www.ikk.fi\/fi\/tule-meille-toihin\/#breadcrumb\",\"itemListElement\":[{\"@type\":\"ListItem\",\"position\":1,\"name\":\"Etusivu\",\"item\":\"https:\/\/www.ikk.fi\/fi\/\"},{\"@type\":\"ListItem\",\"position\":2,\"name\":\"Tule meille t\u00f6ihin\"}]},{\"@type\":\"WebSite\",\"@id\":\"https:\/\/www.ikk.fi\/fi\/#website\",\"url\":\"https:\/\/www.ikk.fi\/fi\/\",\"name\":\"Isokenk\u00e4isten Klubi, Kuusamo, Finland\",\"description\":\"Wilderness Lodges &amp; Wild Food Kitchen\",\"publisher\":{\"@id\":\"https:\/\/www.ikk.fi\/fi\/#organization\"},\"potentialAction\":[{\"@type\":\"SearchAction\",\"target\":{\"@type\":\"EntryPoint\",\"urlTemplate\":\"https:\/\/www.ikk.fi\/fi\/?s={search_term_string}\"},\"query-input\":{\"@type\":\"PropertyValueSpecification\",\"valueRequired\":true,\"valueName\":\"search_term_string\"}}],\"inLanguage\":\"fi\"},{\"@type\":[\"Organization\",\"Place\",\"LocalBusiness\"],\"@id\":\"https:\/\/www.ikk.fi\/fi\/#organization\",\"name\":\"Isokenk\u00e4isten Klubi\",\"url\":\"https:\/\/www.ikk.fi\/fi\/\",\"logo\":{\"@id\":\"https:\/\/www.ikk.fi\/fi\/tule-meille-toihin\/#local-main-organization-logo\"},\"image\":{\"@id\":\"https:\/\/www.ikk.fi\/fi\/tule-meille-toihin\/#local-main-organization-logo\"},\"sameAs\":[\"https:\/\/www.facebook.com\/isokenkaistenklubi\",\"https:\/\/www.instagram.com\/isokenkaistenklubi\",\"https:\/\/www.youtube.com\/channel\/UCDf0w2yqjK2HZGZ73goZv9A\"],\"address\":{\"@id\":\"https:\/\/www.ikk.fi\/fi\/tule-meille-toihin\/#local-main-place-address\"},\"geo\":{\"@type\":\"GeoCoordinates\",\"latitude\":\"66.10118626498216\",\"longitude\":\"29.838358906747683\"},\"telephone\":[\"+358400972260\",\"+358407066839\"],\"openingHoursSpecification\":[],\"email\":\"info@ikk.fi\",\"areaServed\":\"Kuusamo\"},{\"@type\":\"PostalAddress\",\"@id\":\"https:\/\/www.ikk.fi\/fi\/tule-meille-toihin\/#local-main-place-address\",\"streetAddress\":\"Heikinj\u00e4rventie 3\",\"addressLocality\":\"Kuusamo\",\"postalCode\":\"93800\",\"addressCountry\":\"FI\"},{\"@type\":\"ImageObject\",\"inLanguage\":\"fi\",\"@id\":\"https:\/\/www.ikk.fi\/fi\/tule-meille-toihin\/#local-main-organization-logo\",\"url\":\"https:\/\/www.ikk.fi\/wp-content\/uploads\/2020\/10\/ikk-logo-vari-ilman-puita-pieni.png\",\"contentUrl\":\"https:\/\/www.ikk.fi\/wp-content\/uploads\/2020\/10\/ikk-logo-vari-ilman-puita-pieni.png\",\"width\":300,\"height\":99,\"caption\":\"Isokenk\u00e4isten Klubi\"}]}<\/script>\n<meta name=\"geo.placename\" content=\"Kuusamo\" \/>\n<meta name=\"geo.position\" content=\"66.10118626498216;29.838358906747683\" \/>\n<meta name=\"geo.region\" content=\"Suomi\" \/>","yoast_head_json":{"title":"Tule meille t\u00f6ihin - Isokenk\u00e4isten Klubi, Kuusamo","description":"Isokenk\u00e4isten Klubi on Kuusamossa, kauniin luonnon keskell\u00e4 sijaitseva matkailua-alan perheyritys. Tarjoamme majoitus-, ravintola- ja ohjelmapalveluja ymp\u00e4rivuotisesti.","robots":{"index":"index","follow":"follow","max-snippet":"max-snippet:-1","max-image-preview":"max-image-preview:large","max-video-preview":"max-video-preview:-1"},"canonical":"https:\/\/www.ikk.fi\/fi\/tule-meille-toihin\/","og_locale":"fi_FI","og_type":"article","og_title":"Tule meille t\u00f6ihin","og_description":"Isokenk\u00e4isten Klubi on Kuusamossa, kauniin luonnon keskell\u00e4 sijaitseva matkailua-alan perheyritys. Tarjoamme majoitus-, ravintola- ja ohjelmapalveluja ymp\u00e4rivuotisesti.","og_url":"https:\/\/www.ikk.fi\/fi\/tule-meille-toihin\/","og_site_name":"Isokenk\u00e4isten Klubi, Kuusamo","article_publisher":"https:\/\/www.facebook.com\/isokenkaistenklubi","article_modified_time":"2022-06-20T11:29:56+00:00","og_image":[{"width":2200,"height":900,"url":"https:\/\/www.ikk.fi\/wp-content\/uploads\/2021\/03\/ikk-annos-iso.jpg","type":"image\/jpeg"}],"twitter_card":"summary_large_image","twitter_misc":{"Arvioitu lukuaika":"2 minuuttia"},"schema":{"@context":"https:\/\/schema.org","@graph":[{"@type":"WebPage","@id":"https:\/\/www.ikk.fi\/fi\/tule-meille-toihin\/","url":"https:\/\/www.ikk.fi\/fi\/tule-meille-toihin\/","name":"Tule meille t\u00f6ihin - Isokenk\u00e4isten Klubi, Kuusamo","isPartOf":{"@id":"https:\/\/www.ikk.fi\/fi\/#website"},"primaryImageOfPage":{"@id":"https:\/\/www.ikk.fi\/fi\/tule-meille-toihin\/#primaryimage"},"image":{"@id":"https:\/\/www.ikk.fi\/fi\/tule-meille-toihin\/#primaryimage"},"thumbnailUrl":"https:\/\/www.ikk.fi\/wp-content\/uploads\/2021\/03\/ikk-annos-iso.jpg","datePublished":"2022-06-20T11:15:33+00:00","dateModified":"2022-06-20T11:29:56+00:00","description":"Isokenk\u00e4isten Klubi on Kuusamossa, kauniin luonnon keskell\u00e4 sijaitseva matkailua-alan perheyritys. Tarjoamme majoitus-, ravintola- ja ohjelmapalveluja ymp\u00e4rivuotisesti.","breadcrumb":{"@id":"https:\/\/www.ikk.fi\/fi\/tule-meille-toihin\/#breadcrumb"},"inLanguage":"fi","potentialAction":[{"@type":"ReadAction","target":["https:\/\/www.ikk.fi\/fi\/tule-meille-toihin\/"]}]},{"@type":"ImageObject","inLanguage":"fi","@id":"https:\/\/www.ikk.fi\/fi\/tule-meille-toihin\/#primaryimage","url":"https:\/\/www.ikk.fi\/wp-content\/uploads\/2021\/03\/ikk-annos-iso.jpg","contentUrl":"https:\/\/www.ikk.fi\/wp-content\/uploads\/2021\/03\/ikk-annos-iso.jpg","width":2200,"height":900},{"@type":"BreadcrumbList","@id":"https:\/\/www.ikk.fi\/fi\/tule-meille-toihin\/#breadcrumb","itemListElement":[{"@type":"ListItem","position":1,"name":"Etusivu","item":"https:\/\/www.ikk.fi\/fi\/"},{"@type":"ListItem","position":2,"name":"Tule meille t\u00f6ihin"}]},{"@type":"WebSite","@id":"https:\/\/www.ikk.fi\/fi\/#website","url":"https:\/\/www.ikk.fi\/fi\/","name":"Isokenk\u00e4isten Klubi, Kuusamo, Finland","description":"Wilderness Lodges &amp; Wild Food Kitchen","publisher":{"@id":"https:\/\/www.ikk.fi\/fi\/#organization"},"potentialAction":[{"@type":"SearchAction","target":{"@type":"EntryPoint","urlTemplate":"https:\/\/www.ikk.fi\/fi\/?s={search_term_string}"},"query-input":{"@type":"PropertyValueSpecification","valueRequired":true,"valueName":"search_term_string"}}],"inLanguage":"fi"},{"@type":["Organization","Place","LocalBusiness"],"@id":"https:\/\/www.ikk.fi\/fi\/#organization","name":"Isokenk\u00e4isten Klubi","url":"https:\/\/www.ikk.fi\/fi\/","logo":{"@id":"https:\/\/www.ikk.fi\/fi\/tule-meille-toihin\/#local-main-organization-logo"},"image":{"@id":"https:\/\/www.ikk.fi\/fi\/tule-meille-toihin\/#local-main-organization-logo"},"sameAs":["https:\/\/www.facebook.com\/isokenkaistenklubi","https:\/\/www.instagram.com\/isokenkaistenklubi","https:\/\/www.youtube.com\/channel\/UCDf0w2yqjK2HZGZ73goZv9A"],"address":{"@id":"https:\/\/www.ikk.fi\/fi\/tule-meille-toihin\/#local-main-place-address"},"geo":{"@type":"GeoCoordinates","latitude":"66.10118626498216","longitude":"29.838358906747683"},"telephone":["+358400972260","+358407066839"],"openingHoursSpecification":[],"email":"info@ikk.fi","areaServed":"Kuusamo"},{"@type":"PostalAddress","@id":"https:\/\/www.ikk.fi\/fi\/tule-meille-toihin\/#local-main-place-address","streetAddress":"Heikinj\u00e4rventie 3","addressLocality":"Kuusamo","postalCode":"93800","addressCountry":"FI"},{"@type":"ImageObject","inLanguage":"fi","@id":"https:\/\/www.ikk.fi\/fi\/tule-meille-toihin\/#local-main-organization-logo","url":"https:\/\/www.ikk.fi\/wp-content\/uploads\/2020\/10\/ikk-logo-vari-ilman-puita-pieni.png","contentUrl":"https:\/\/www.ikk.fi\/wp-content\/uploads\/2020\/10\/ikk-logo-vari-ilman-puita-pieni.png","width":300,"height":99,"caption":"Isokenk\u00e4isten Klubi"}]},"geo.placename":"Kuusamo","geo.position":{"lat":"66.10118626498216","long":"29.838358906747683"},"geo.region":"Suomi"},"_links":{"self":[{"href":"https:\/\/www.ikk.fi\/fi\/wp-json\/wp\/v2\/pages\/6888","targetHints":{"allow":["GET"]}}],"collection":[{"href":"https:\/\/www.ikk.fi\/fi\/wp-json\/wp\/v2\/pages"}],"about":[{"href":"https:\/\/www.ikk.fi\/fi\/wp-json\/wp\/v2\/types\/page"}],"author":[{"embeddable":true,"href":"https:\/\/www.ikk.fi\/fi\/wp-json\/wp\/v2\/users\/1"}],"replies":[{"embeddable":true,"href":"https:\/\/www.ikk.fi\/fi\/wp-json\/wp\/v2\/comments?post=6888"}],"version-history":[{"count":0,"href":"https:\/\/www.ikk.fi\/fi\/wp-json\/wp\/v2\/pages\/6888\/revisions"}],"wp:featuredmedia":[{"embeddable":true,"href":"https:\/\/www.ikk.fi\/fi\/wp-json\/wp\/v2\/media\/5081"}],"wp:attachment":[{"href":"https:\/\/www.ikk.fi\/fi\/wp-json\/wp\/v2\/media?parent=6888"}],"curies":[{"name":"wp","href":"https:\/\/api.w.org\/{rel}","templated":true}]}}