{"id":62,"date":"2020-09-10T15:05:13","date_gmt":"2020-09-10T12:05:13","guid":{"rendered":"http:\/\/davas.site\/ikk\/?page_id=62"},"modified":"2025-03-17T12:56:14","modified_gmt":"2025-03-17T10:56:14","slug":"helekutan-lounas","status":"publish","type":"page","link":"https:\/\/www.ikk.fi\/fi\/ravintola\/helekutan-lounas\/","title":{"rendered":"Helekutan lounas"},"content":{"rendered":"<p><img decoding=\"async\" src=\"\/wp-content\/uploads\/2024\/05\/ikk-kotakokkaus-paakuva.jpg\" alt=\"Kotakokkausta\"><br \/>\n<img decoding=\"async\" src=\"https:\/\/www.ikk.fi\/wp-content\/uploads\/2020\/10\/NP_WildFood_logo_RGB-1.png\" alt=\"Wild Food Kuusamo Lapland\"><\/p>\n<ul>\n<li>\n<p>\n        <a href=\"tel:+358400972260\">+358 400 972 260\/myynti (klo 9-20)<\/a>\n    <\/p>\n<\/li>\n<li>\n<p>\n        <a href=\"tel:+358407066839\">+358 40 706 6839\/ravintola (klo 9-20)<\/a>\n    <\/p>\n<\/li>\n<li>\n<p>\n        <a href=\"mailto:info@ikk.fi\">info@ikk.fi<\/a>\n    <\/p>\n<\/li>\n<\/ul>\n<h2>Helekutan lounas<\/h2>\n<div>Isokenk\u00e4isten Klubin perinteinen kota \u201dHelekuta\u201d huokuu l\u00e4mp\u00f6\u00e4 ja taianomaista tunnelmaa.<br \/>\nHelekutan valmiit tulet ja opas ohjaavat vieraat porontaljojen pehmustamille jakkaroille nauttimaan tervetulojuomat ja kuulemaan Klubin tarinaa. <\/div>\n<div>\n<p>Avotulella paistamme alkuruoaksi l\u00e4hialueelta pyydetty\u00e4 sesongin kalaa. Aterian p\u00e4\u00e4ruokana nautimme maukasta poronlihakeittoa lisukkeineen ja j\u00e4lkiruoaksi paistetaan mainiot K\u00f6yh\u00e4t ritarit, jotka tarjotaan mets\u00e4marjojen ja kermavaahdon kera.<\/p>\n<p>Lopuksi h\u00f6rp\u00e4t\u00e4\u00e4n kunnon nokipannukahvit samalla, kun opas kertoo tarinoita paikallisesta ruokakulttuurista, kuusamolaisista tavoista ja arjen el\u00e4m\u00e4st\u00e4.<\/p>\n<\/div>\n<div>\n<p><strong>Kesto<\/strong>\u00a0noin 1,5 tuntia<br \/><strong>Hinta<\/strong> 68,50 \u20ac\/hl\u00f6, 33,00 \u20ac\/lapset 4-12 v.\u00a0<\/p>\n<p>Tule nauttimaan kolmen ruokalajin lounas porukalla perinteisess\u00e4 lappalaisessa kodassa. Lounas on laktoositon, kasvis- ja gluteeniton vaihtoehto sek\u00e4 muut erikoisruokavaliot pyynn\u00f6st\u00e4.<\/p>\n<\/div>\n<div><script type=\"text\/javascript\" src=\"https:\/\/widgets.bokun.io\/assets\/javascripts\/apps\/build\/BokunWidgetsLoader.js?bookingChannelUUID=6cf121bf-565a-4ba5-af12-aa45c310e538\" async><\/script><\/p>\n<div class=\"bokunWidget\" data-src=\"https:\/\/widgets.bokun.io\/online-sales\/6cf121bf-565a-4ba5-af12-aa45c310e538\/experience-calendar\/241930\"><\/div>\n<p>    <noscript>Please enable javascript in your browser to book<\/noscript>\n<\/div>\n<p><iframe src=\"https:\/\/youtu.be\/VkaQk95q2Xk?rel=0\"><\/iframe><\/p>\n<ul>\n<li>\n<p>        <img decoding=\"async\" src=\"\/wp-content\/uploads\/2024\/05\/ikk-paistetut-muikut.jpg\" alt=\"\"><\/p>\n<h3>ikk-kotakokkausruokia<\/h3>\n<\/li>\n<li>\n<p>        <img decoding=\"async\" src=\"\/wp-content\/uploads\/2020\/10\/ikk-kotatuli-ja-ikkuna.jpg\" alt=\"\"><\/p>\n<h3>ikk-kotatuli-ja-ikkuna<\/h3>\n<\/li>\n<li>\n<p>        <img decoding=\"async\" src=\"\/wp-content\/uploads\/2022\/06\/helekutan-lounas.jpg\" alt=\"helekutan-lounas\"><\/p>\n<h3>ikk-kotakokkausta-vieraat<\/h3>\n<\/li>\n<\/ul>\n<p><img decoding=\"async\" src=\"\/wp-content\/uploads\/2020\/10\/ikk-kuuset-valk.svg\" alt=\"\"><\/p>\n<blockquote>\n<p>Mets\u00e4marjahillo on erityisen maukasta, koska hillo keitet\u00e4\u00e4n klubin keitti\u00f6ss\u00e4, juuri poimituista, l\u00e4hitienoon marjoista. K\u00f6yhi\u00e4 ritareita kannattaa tehd\u00e4 kotonakin, vaikkei kotaa tai avotulta l\u00f6ytyisik\u00e4\u00e4n. Makumuistoja Kuusamosta.<\/p>\n<\/blockquote>\n<p><!--more--><br \/>\n<!-- {\"name\":\"ravintola etusivu\",\"type\":\"layout\",\"children\":[{\"name\":\"Hero\",\"type\":\"section\",\"props\":{\"image_position\":\"center-center\",\"image_size\":\"cover\",\"padding\":\"none\",\"padding_remove_top\":false,\"style\":\"default\",\"title_breakpoint\":\"xl\",\"title_position\":\"top-left\",\"title_rotation\":\"left\",\"vertical_align\":\"\",\"width\":\"\"},\"children\":[{\"type\":\"row\",\"children\":[{\"type\":\"column\",\"props\":{\"image_position\":\"center-center\",\"position_sticky_breakpoint\":\"m\",\"width_medium\":\"1-1\"},\"children\":[{\"type\":\"image\",\"props\":{\"image\":\"wp-content\\\/uploads\\\/2024\\\/05\\\/ikk-kotakokkaus-paakuva.jpg\",\"image_alt\":\"Kotakokkausta\",\"image_height\":\"800\",\"image_svg_color\":\"emphasis\",\"image_width\":\"2200\",\"margin\":\"default\"}}]}]}]},{\"type\":\"section\",\"props\":{\"image_position\":\"center-center\",\"padding\":\"none\",\"style\":\"default\",\"title_breakpoint\":\"xl\",\"title_position\":\"top-left\",\"title_rotation\":\"left\",\"vertical_align\":\"\",\"width\":\"expand\"},\"children\":[{\"type\":\"row\",\"children\":[{\"type\":\"column\",\"props\":{\"image_position\":\"center-center\",\"position_sticky_breakpoint\":\"m\"},\"children\":[{\"type\":\"image\",\"props\":{\"image\":\"https:\\\/\\\/www.ikk.fi\\\/wp-content\\\/uploads\\\/2020\\\/10\\\/NP_WildFood_logo_RGB-1.png\",\"image_alt\":\"Wild Food Kuusamo Lapland\",\"image_svg_color\":\"emphasis\",\"image_width\":\"150\",\"margin\":\"default\",\"position\":\"absolute\",\"position_top\":\"-50\",\"position_z_index\":\"3\",\"text_align\":\"right\",\"visibility\":\"m\"}}]}]}],\"name\":\"wildfood uusi\"},{\"type\":\"section\",\"props\":{\"image_position\":\"center-center\",\"padding\":\"xsmall\",\"style\":\"primary\",\"title_breakpoint\":\"xl\",\"title_position\":\"top-left\",\"title_rotation\":\"left\",\"vertical_align\":\"\",\"width\":\"default\"},\"children\":[{\"type\":\"row\",\"children\":[{\"type\":\"column\",\"props\":{\"image_position\":\"center-center\",\"position_sticky_breakpoint\":\"m\"},\"children\":[{\"type\":\"button\",\"props\":{\"grid_column_gap\":\"small\",\"grid_row_gap\":\"small\",\"margin\":\"default\",\"text_align\":\"center\"},\"children\":[{\"type\":\"button_item\",\"props\":{\"button_style\":\"text\",\"content\":\"+358 400 972 260\\\/myynti (klo 9-20)\",\"dialog_layout\":\"modal\",\"dialog_offcanvas_flip\":true,\"icon\":\"receiver\",\"icon_align\":\"left\",\"link\":\"tel:+358400972260\"}},{\"type\":\"button_item\",\"props\":{\"button_style\":\"text\",\"content\":\"+358 40 706 6839\\\/ravintola (klo 9-20)\",\"dialog_layout\":\"modal\",\"dialog_offcanvas_flip\":true,\"icon\":\"receiver\",\"icon_align\":\"left\",\"link\":\"tel:+358407066839\"}},{\"type\":\"button_item\",\"props\":{\"button_style\":\"text\",\"content\":\"info@ikk.fi\",\"dialog_layout\":\"modal\",\"dialog_offcanvas_flip\":true,\"icon\":\"mail\",\"icon_align\":\"left\",\"link\":\"mailto:info@ikk.fi\"}}]}]}]}],\"name\":\"yhteystiedotpalikka\"},{\"name\":\"About\",\"type\":\"section\",\"props\":{\"image_position\":\"center-center\",\"style\":\"default\",\"title_breakpoint\":\"xl\",\"title_position\":\"top-left\",\"title_rotation\":\"left\",\"vertical_align\":\"\",\"width\":\"default\"},\"children\":[{\"type\":\"row\",\"children\":[{\"type\":\"column\",\"props\":{\"image_position\":\"center-center\",\"position_sticky_breakpoint\":\"m\"},\"children\":[{\"type\":\"headline\",\"props\":{\"animation\":\"parallax\",\"content\":\"Helekutan lounas\",\"margin\":\"default\",\"margin_remove_top\":false,\"parallax_breakpoint\":\"m\",\"parallax_easing\":\"1\",\"parallax_end\":\"60vh + 60%\",\"parallax_opacity\":\"0.3,1\",\"parallax_y\":\"30,0\",\"title_element\":\"h2\",\"title_style\":\"heading-small\"}},{\"type\":\"text\",\"props\":{\"animation\":\"none\",\"column_breakpoint\":\"m\",\"content\":\"Isokenk\\u00e4isten Klubin perinteinen kota \\u201dHelekuta\\u201d huokuu l\\u00e4mp\\u00f6\\u00e4 ja taianomaista tunnelmaa.\\nHelekutan valmiit tulet ja opas ohjaavat vieraat porontaljojen pehmustamille jakkaroille nauttimaan tervetulojuomat ja kuulemaan Klubin tarinaa. \",\"margin\":\"default\",\"text_style\":\"lead\"}}]}]},{\"type\":\"row\",\"children\":[{\"type\":\"column\",\"props\":{\"image_position\":\"center-center\",\"position_sticky_breakpoint\":\"m\",\"width_medium\":\"2-3\"},\"children\":[{\"type\":\"text\",\"props\":{\"animation\":\"none\",\"column_breakpoint\":\"m\",\"column_divider\":false,\"content\":\"\n\n<p>Avotulella paistamme alkuruoaksi l\\u00e4hialueelta pyydetty\\u00e4 sesongin kalaa. Aterian p\\u00e4\\u00e4ruokana nautimme maukasta poronlihakeittoa lisukkeineen ja j\\u00e4lkiruoaksi paistetaan mainiot K\\u00f6yh\\u00e4t ritarit, jotka tarjotaan mets\\u00e4marjojen ja kermavaahdon kera.<\\\/p>\\n\n\n<p>Lopuksi h\\u00f6rp\\u00e4t\\u00e4\\u00e4n kunnon nokipannukahvit samalla, kun opas kertoo tarinoita paikallisesta ruokakulttuurista, kuusamolaisista tavoista ja arjen el\\u00e4m\\u00e4st\\u00e4.<\\\/p>\",\"margin\":\"default\"}},{\"type\":\"text\",\"props\":{\"animation\":\"none\",\"column_breakpoint\":\"m\",\"column_divider\":false,\"content\":\"\n\n<p><strong>Kesto<\\\/strong>\\u00a0noin 1,5 tuntia<br \\\/><strong>Hinta<\\\/strong> 68,50 \\u20ac\\\/hl\\u00f6, 33,00 \\u20ac\\\/lapset 4-12 v.\\u00a0<\\\/p>\\n\n\n<p>Tule nauttimaan kolmen ruokalajin lounas porukalla perinteisess\\u00e4 lappalaisessa kodassa. Lounas on laktoositon, kasvis- ja gluteeniton vaihtoehto sek\\u00e4 muut erikoisruokavaliot pyynn\\u00f6st\\u00e4.<\\\/p>\",\"margin\":\"default\"}}]},{\"type\":\"column\",\"props\":{\"image_position\":\"center-center\",\"position_sticky_breakpoint\":\"m\",\"width_medium\":\"1-3\"},\"children\":[{\"type\":\"text\",\"props\":{\"column_breakpoint\":\"m\",\"content\":\"<script type=\\\"text\\\/javascript\\\" src=\\\"https:\\\/\\\/widgets.bokun.io\\\/assets\\\/javascripts\\\/apps\\\/build\\\/BokunWidgetsLoader.js?bookingChannelUUID=6cf121bf-565a-4ba5-af12-aa45c310e538\\\" async><\\\/script>\\n     \\n    \n\n<div class=\\\"bokunWidget\\\" data-src=\\\"https:\\\/\\\/widgets.bokun.io\\\/online-sales\\\/6cf121bf-565a-4ba5-af12-aa45c310e538\\\/experience-calendar\\\/241930\\\"><\\\/div>\\n    <noscript>Please enable javascript in your browser to book<\\\/noscript>\\n\",\"margin\":\"default\"},\"name\":\"VAraa t\\u00e4st\\u00e4 painike \\u00c4L\\u00c4\\u00a0KOSKE\"}]}],\"props\":{\"divider\":true,\"layout\":\"2-3,1-3\"}}]},{\"name\":\"galleria\",\"type\":\"section\",\"props\":{\"image_position\":\"center-center\",\"padding\":\"xsmall\",\"style\":\"default\",\"title_breakpoint\":\"xl\",\"title_position\":\"top-left\",\"title_rotation\":\"left\",\"vertical_align\":\"\",\"width\":\"xlarge\"},\"children\":[{\"type\":\"row\",\"props\":{\"column_gap\":\"small\",\"layout\":\"1-2,1-2\",\"margin\":\"small\",\"row_gap\":\"small\"},\"children\":[{\"type\":\"column\",\"props\":{\"image\":\"wp-content\\\/uploads\\\/2024\\\/05\\\/ikk-kotakokkaus-annoksen-teko.jpg\",\"image_height\":\"380\",\"image_loading\":true,\"image_position\":\"center-center\",\"image_size\":\"cover\",\"image_width\":\"600\",\"padding\":\"xlarge\",\"position_sticky_breakpoint\":\"m\",\"width_medium\":\"1-2\"}},{\"type\":\"column\",\"props\":{\"image_position\":\"center-center\",\"position_sticky_breakpoint\":\"m\",\"width_medium\":\"1-2\"},\"children\":[{\"type\":\"video\",\"props\":{\"margin\":\"default\",\"video\":\"https:\\\/\\\/youtu.be\\\/VkaQk95q2Xk?rel=0\",\"video_controls\":true,\"video_height\":\"600\",\"video_width\":\"800\"}}]}]},{\"type\":\"row\",\"children\":[{\"type\":\"column\",\"props\":{\"image_position\":\"center-center\",\"position_sticky_breakpoint\":\"m\",\"width_medium\":\"1-1\"},\"children\":[{\"type\":\"gallery\",\"props\":{\"animation\":\"parallax\",\"filter_align\":\"left\",\"filter_all\":true,\"filter_grid_breakpoint\":\"m\",\"filter_grid_width\":\"auto\",\"filter_position\":\"top\",\"filter_style\":\"tab\",\"grid_column_gap\":\"small\",\"grid_default\":\"1\",\"grid_medium\":\"3\",\"grid_row_gap\":\"small\",\"grid_small\":\"3\",\"image_height\":\"1200\",\"image_orientation\":false,\"image_transition\":\"scale-up\",\"image_width\":\"1200\",\"item_animation\":true,\"lightbox\":true,\"lightbox_bg_close\":true,\"link_style\":\"default\",\"link_text\":\"\",\"margin\":\"\",\"meta_align\":\"below-title\",\"meta_element\":\"div\",\"meta_style\":\"text-meta\",\"overlay_hover\":false,\"overlay_link\":true,\"overlay_mode\":\"cover\",\"overlay_position\":\"center\",\"overlay_style\":\"\",\"overlay_transition\":\"fade\",\"parallax_breakpoint\":\"m\",\"parallax_easing\":\"1\",\"parallax_end\":\"70vh + 70%\",\"parallax_opacity\":\"0.7,1\",\"parallax_y\":\"40,0\",\"show_content\":true,\"show_hover_image\":true,\"show_hover_video\":true,\"show_link\":true,\"show_meta\":true,\"show_title\":false,\"text_align\":\"center\",\"text_color\":\"light\",\"title_element\":\"h3\",\"title_hover_style\":\"reset\"},\"children\":[{\"type\":\"gallery_item\",\"props\":{\"image\":\"wp-content\\\/uploads\\\/2024\\\/05\\\/ikk-paistetut-muikut.jpg\",\"title\":\"ikk-kotakokkausruokia\"}},{\"type\":\"gallery_item\",\"props\":{\"image\":\"wp-content\\\/uploads\\\/2020\\\/10\\\/ikk-kotatuli-ja-ikkuna.jpg\",\"title\":\"ikk-kotatuli-ja-ikkuna\"}},{\"type\":\"gallery_item\",\"props\":{\"image\":\"wp-content\\\/uploads\\\/2022\\\/06\\\/helekutan-lounas.jpg\",\"image_alt\":\"helekutan-lounas\",\"title\":\"ikk-kotakokkausta-vieraat\"}}]}]}],\"props\":{\"margin_remove_top\":true}}]},{\"type\":\"section\",\"props\":{\"height\":\"page\",\"image\":\"wp-content\\\/uploads\\\/2020\\\/10\\\/keskiyontausta.jpg\",\"image_height\":\"500\",\"image_position\":\"center-center\",\"image_size\":\"cover\",\"image_width\":\"600\",\"padding\":\"large\",\"style\":\"secondary\",\"title_breakpoint\":\"xl\",\"title_position\":\"top-left\",\"title_rotation\":\"left\",\"vertical_align\":\"\",\"width\":\"default\"},\"children\":[{\"type\":\"row\",\"children\":[{\"type\":\"column\",\"props\":{\"image_position\":\"center-center\",\"position_sticky_breakpoint\":\"m\"},\"children\":[{\"type\":\"image\",\"props\":{\"image\":\"wp-content\\\/uploads\\\/2020\\\/10\\\/ikk-kuuset-valk.svg\",\"image_svg_color\":\"emphasis\",\"image_width\":\"200\",\"margin\":\"default\",\"text_align\":\"center\"}},{\"type\":\"quotation\",\"props\":{\"block_align\":\"center\",\"content\":\"\n\n<p>Mets\\u00e4marjahillo on erityisen maukasta, koska hillo keitet\\u00e4\\u00e4n klubin keitti\\u00f6ss\\u00e4, juuri poimituista, l\\u00e4hitienoon marjoista. K\\u00f6yhi\\u00e4 ritareita kannattaa tehd\\u00e4 kotonakin, vaikkei kotaa tai avotulta l\\u00f6ytyisik\\u00e4\\u00e4n. Makumuistoja Kuusamosta.<\\\/p>\",\"maxwidth\":\"xlarge\",\"text_align\":\"center\"}}]}]}],\"name\":\"Ituhippi high light\"}],\"version\":\"4.5.10\"} --><\/p>\n","protected":false},"excerpt":{"rendered":"<p>+358 400 972 260\/myynti (klo 9-20) +358 40 706 6839\/ravintola (klo 9-20) info@ikk.fi Helekutan lounas Isokenk\u00e4isten Klubin perinteinen kota \u201dHelekuta\u201d huokuu l\u00e4mp\u00f6\u00e4 ja taianomaista tunnelmaa. Helekutan valmiit tulet ja opas ohjaavat vieraat porontaljojen pehmustamille jakkaroille nauttimaan tervetulojuomat ja kuulemaan Klubin tarinaa. Avotulella paistamme alkuruoaksi l\u00e4hialueelta pyydetty\u00e4 sesongin kalaa. Aterian p\u00e4\u00e4ruokana nautimme maukasta poronlihakeittoa lisukkeineen ja [&hellip;]<\/p>\n","protected":false},"author":1,"featured_media":926,"parent":30,"menu_order":0,"comment_status":"closed","ping_status":"closed","template":"","meta":{"footnotes":""},"class_list":["post-62","page","type-page","status-publish","has-post-thumbnail","hentry"],"yoast_head":"<title>Helekutan lounas - Isokenk\u00e4isten Klubi, Kuusamo<\/title>\n<meta name=\"description\" content=\"Tervetuloa valmistamaan gourmet ateria perinteisess\u00e4 lappalaisessa kodassa avotulella Klubin em\u00e4ntien opastuksella.\" \/>\n<meta name=\"robots\" content=\"index, follow, max-snippet:-1, max-image-preview:large, max-video-preview:-1\" \/>\n<link rel=\"canonical\" href=\"https:\/\/www.ikk.fi\/fi\/ravintola\/helekutan-lounas\/\" \/>\n<meta property=\"og:locale\" content=\"fi_FI\" \/>\n<meta property=\"og:type\" content=\"article\" \/>\n<meta property=\"og:title\" content=\"Helekutan lounas\" \/>\n<meta property=\"og:description\" content=\"Tervetuloa valmistamaan gourmet ateria perinteisess\u00e4 lappalaisessa kodassa avotulella Klubin em\u00e4ntien opastuksella.\" \/>\n<meta property=\"og:url\" content=\"https:\/\/www.ikk.fi\/fi\/ravintola\/helekutan-lounas\/\" \/>\n<meta property=\"og:site_name\" content=\"Isokenk\u00e4isten Klubi, Kuusamo\" \/>\n<meta property=\"article:publisher\" content=\"https:\/\/www.facebook.com\/isokenkaistenklubi\" \/>\n<meta property=\"article:modified_time\" content=\"2025-03-17T10:56:14+00:00\" \/>\n<meta property=\"og:image\" content=\"https:\/\/www.ikk.fi\/wp-content\/uploads\/2020\/10\/ikk-kokkausta-kodassa.jpg\" \/>\n\t<meta property=\"og:image:width\" content=\"2000\" \/>\n\t<meta property=\"og:image:height\" content=\"900\" \/>\n\t<meta property=\"og:image:type\" content=\"image\/jpeg\" \/>\n<meta name=\"twitter:card\" content=\"summary_large_image\" \/>\n<meta name=\"twitter:label1\" content=\"Arvioitu lukuaika\" \/>\n\t<meta name=\"twitter:data1\" content=\"1 minuutti\" \/>\n<script type=\"application\/ld+json\" class=\"yoast-schema-graph\">{\"@context\":\"https:\/\/schema.org\",\"@graph\":[{\"@type\":\"WebPage\",\"@id\":\"https:\/\/www.ikk.fi\/fi\/ravintola\/helekutan-lounas\/\",\"url\":\"https:\/\/www.ikk.fi\/fi\/ravintola\/helekutan-lounas\/\",\"name\":\"Helekutan lounas - Isokenk\u00e4isten Klubi, Kuusamo\",\"isPartOf\":{\"@id\":\"https:\/\/www.ikk.fi\/fi\/#website\"},\"primaryImageOfPage\":{\"@id\":\"https:\/\/www.ikk.fi\/fi\/ravintola\/helekutan-lounas\/#primaryimage\"},\"image\":{\"@id\":\"https:\/\/www.ikk.fi\/fi\/ravintola\/helekutan-lounas\/#primaryimage\"},\"thumbnailUrl\":\"https:\/\/www.ikk.fi\/wp-content\/uploads\/2020\/10\/ikk-kokkausta-kodassa.jpg\",\"datePublished\":\"2020-09-10T12:05:13+00:00\",\"dateModified\":\"2025-03-17T10:56:14+00:00\",\"description\":\"Tervetuloa valmistamaan gourmet ateria perinteisess\u00e4 lappalaisessa kodassa avotulella Klubin em\u00e4ntien opastuksella.\",\"breadcrumb\":{\"@id\":\"https:\/\/www.ikk.fi\/fi\/ravintola\/helekutan-lounas\/#breadcrumb\"},\"inLanguage\":\"fi\",\"potentialAction\":[{\"@type\":\"ReadAction\",\"target\":[\"https:\/\/www.ikk.fi\/fi\/ravintola\/helekutan-lounas\/\"]}]},{\"@type\":\"ImageObject\",\"inLanguage\":\"fi\",\"@id\":\"https:\/\/www.ikk.fi\/fi\/ravintola\/helekutan-lounas\/#primaryimage\",\"url\":\"https:\/\/www.ikk.fi\/wp-content\/uploads\/2020\/10\/ikk-kokkausta-kodassa.jpg\",\"contentUrl\":\"https:\/\/www.ikk.fi\/wp-content\/uploads\/2020\/10\/ikk-kokkausta-kodassa.jpg\",\"width\":2000,\"height\":900},{\"@type\":\"BreadcrumbList\",\"@id\":\"https:\/\/www.ikk.fi\/fi\/ravintola\/helekutan-lounas\/#breadcrumb\",\"itemListElement\":[{\"@type\":\"ListItem\",\"position\":1,\"name\":\"Etusivu\",\"item\":\"https:\/\/www.ikk.fi\/fi\/\"},{\"@type\":\"ListItem\",\"position\":2,\"name\":\"Ravintola\",\"item\":\"https:\/\/www.ikk.fi\/fi\/ravintola\/\"},{\"@type\":\"ListItem\",\"position\":3,\"name\":\"Helekutan lounas\"}]},{\"@type\":\"WebSite\",\"@id\":\"https:\/\/www.ikk.fi\/fi\/#website\",\"url\":\"https:\/\/www.ikk.fi\/fi\/\",\"name\":\"Isokenk\u00e4isten Klubi, Kuusamo, Finland\",\"description\":\"Wilderness Lodges &amp; Wild Food Kitchen\",\"publisher\":{\"@id\":\"https:\/\/www.ikk.fi\/fi\/#organization\"},\"potentialAction\":[{\"@type\":\"SearchAction\",\"target\":{\"@type\":\"EntryPoint\",\"urlTemplate\":\"https:\/\/www.ikk.fi\/fi\/?s={search_term_string}\"},\"query-input\":{\"@type\":\"PropertyValueSpecification\",\"valueRequired\":true,\"valueName\":\"search_term_string\"}}],\"inLanguage\":\"fi\"},{\"@type\":[\"Organization\",\"Place\",\"LocalBusiness\"],\"@id\":\"https:\/\/www.ikk.fi\/fi\/#organization\",\"name\":\"Isokenk\u00e4isten Klubi\",\"url\":\"https:\/\/www.ikk.fi\/fi\/\",\"logo\":{\"@id\":\"https:\/\/www.ikk.fi\/fi\/ravintola\/helekutan-lounas\/#local-main-organization-logo\"},\"image\":{\"@id\":\"https:\/\/www.ikk.fi\/fi\/ravintola\/helekutan-lounas\/#local-main-organization-logo\"},\"sameAs\":[\"https:\/\/www.facebook.com\/isokenkaistenklubi\",\"https:\/\/www.instagram.com\/isokenkaistenklubi\",\"https:\/\/www.youtube.com\/channel\/UCDf0w2yqjK2HZGZ73goZv9A\"],\"address\":{\"@id\":\"https:\/\/www.ikk.fi\/fi\/ravintola\/helekutan-lounas\/#local-main-place-address\"},\"geo\":{\"@type\":\"GeoCoordinates\",\"latitude\":\"66.10118626498216\",\"longitude\":\"29.838358906747683\"},\"telephone\":[\"+358400972260\",\"+358407066839\"],\"openingHoursSpecification\":[],\"email\":\"info@ikk.fi\",\"areaServed\":\"Kuusamo\"},{\"@type\":\"PostalAddress\",\"@id\":\"https:\/\/www.ikk.fi\/fi\/ravintola\/helekutan-lounas\/#local-main-place-address\",\"streetAddress\":\"Heikinj\u00e4rventie 3\",\"addressLocality\":\"Kuusamo\",\"postalCode\":\"93800\",\"addressCountry\":\"FI\"},{\"@type\":\"ImageObject\",\"inLanguage\":\"fi\",\"@id\":\"https:\/\/www.ikk.fi\/fi\/ravintola\/helekutan-lounas\/#local-main-organization-logo\",\"url\":\"https:\/\/www.ikk.fi\/wp-content\/uploads\/2020\/10\/ikk-logo-vari-ilman-puita-pieni.png\",\"contentUrl\":\"https:\/\/www.ikk.fi\/wp-content\/uploads\/2020\/10\/ikk-logo-vari-ilman-puita-pieni.png\",\"width\":300,\"height\":99,\"caption\":\"Isokenk\u00e4isten Klubi\"}]}<\/script>\n<meta name=\"geo.placename\" content=\"Kuusamo\" \/>\n<meta name=\"geo.position\" content=\"66.10118626498216;29.838358906747683\" \/>\n<meta name=\"geo.region\" content=\"Suomi\" \/>","yoast_head_json":{"title":"Helekutan lounas - Isokenk\u00e4isten Klubi, Kuusamo","description":"Tervetuloa valmistamaan gourmet ateria perinteisess\u00e4 lappalaisessa kodassa avotulella Klubin em\u00e4ntien opastuksella.","robots":{"index":"index","follow":"follow","max-snippet":"max-snippet:-1","max-image-preview":"max-image-preview:large","max-video-preview":"max-video-preview:-1"},"canonical":"https:\/\/www.ikk.fi\/fi\/ravintola\/helekutan-lounas\/","og_locale":"fi_FI","og_type":"article","og_title":"Helekutan lounas","og_description":"Tervetuloa valmistamaan gourmet ateria perinteisess\u00e4 lappalaisessa kodassa avotulella Klubin em\u00e4ntien opastuksella.","og_url":"https:\/\/www.ikk.fi\/fi\/ravintola\/helekutan-lounas\/","og_site_name":"Isokenk\u00e4isten Klubi, Kuusamo","article_publisher":"https:\/\/www.facebook.com\/isokenkaistenklubi","article_modified_time":"2025-03-17T10:56:14+00:00","og_image":[{"width":2000,"height":900,"url":"https:\/\/www.ikk.fi\/wp-content\/uploads\/2020\/10\/ikk-kokkausta-kodassa.jpg","type":"image\/jpeg"}],"twitter_card":"summary_large_image","twitter_misc":{"Arvioitu lukuaika":"1 minuutti"},"schema":{"@context":"https:\/\/schema.org","@graph":[{"@type":"WebPage","@id":"https:\/\/www.ikk.fi\/fi\/ravintola\/helekutan-lounas\/","url":"https:\/\/www.ikk.fi\/fi\/ravintola\/helekutan-lounas\/","name":"Helekutan lounas - Isokenk\u00e4isten Klubi, Kuusamo","isPartOf":{"@id":"https:\/\/www.ikk.fi\/fi\/#website"},"primaryImageOfPage":{"@id":"https:\/\/www.ikk.fi\/fi\/ravintola\/helekutan-lounas\/#primaryimage"},"image":{"@id":"https:\/\/www.ikk.fi\/fi\/ravintola\/helekutan-lounas\/#primaryimage"},"thumbnailUrl":"https:\/\/www.ikk.fi\/wp-content\/uploads\/2020\/10\/ikk-kokkausta-kodassa.jpg","datePublished":"2020-09-10T12:05:13+00:00","dateModified":"2025-03-17T10:56:14+00:00","description":"Tervetuloa valmistamaan gourmet ateria perinteisess\u00e4 lappalaisessa kodassa avotulella Klubin em\u00e4ntien opastuksella.","breadcrumb":{"@id":"https:\/\/www.ikk.fi\/fi\/ravintola\/helekutan-lounas\/#breadcrumb"},"inLanguage":"fi","potentialAction":[{"@type":"ReadAction","target":["https:\/\/www.ikk.fi\/fi\/ravintola\/helekutan-lounas\/"]}]},{"@type":"ImageObject","inLanguage":"fi","@id":"https:\/\/www.ikk.fi\/fi\/ravintola\/helekutan-lounas\/#primaryimage","url":"https:\/\/www.ikk.fi\/wp-content\/uploads\/2020\/10\/ikk-kokkausta-kodassa.jpg","contentUrl":"https:\/\/www.ikk.fi\/wp-content\/uploads\/2020\/10\/ikk-kokkausta-kodassa.jpg","width":2000,"height":900},{"@type":"BreadcrumbList","@id":"https:\/\/www.ikk.fi\/fi\/ravintola\/helekutan-lounas\/#breadcrumb","itemListElement":[{"@type":"ListItem","position":1,"name":"Etusivu","item":"https:\/\/www.ikk.fi\/fi\/"},{"@type":"ListItem","position":2,"name":"Ravintola","item":"https:\/\/www.ikk.fi\/fi\/ravintola\/"},{"@type":"ListItem","position":3,"name":"Helekutan lounas"}]},{"@type":"WebSite","@id":"https:\/\/www.ikk.fi\/fi\/#website","url":"https:\/\/www.ikk.fi\/fi\/","name":"Isokenk\u00e4isten Klubi, Kuusamo, Finland","description":"Wilderness Lodges &amp; Wild Food Kitchen","publisher":{"@id":"https:\/\/www.ikk.fi\/fi\/#organization"},"potentialAction":[{"@type":"SearchAction","target":{"@type":"EntryPoint","urlTemplate":"https:\/\/www.ikk.fi\/fi\/?s={search_term_string}"},"query-input":{"@type":"PropertyValueSpecification","valueRequired":true,"valueName":"search_term_string"}}],"inLanguage":"fi"},{"@type":["Organization","Place","LocalBusiness"],"@id":"https:\/\/www.ikk.fi\/fi\/#organization","name":"Isokenk\u00e4isten Klubi","url":"https:\/\/www.ikk.fi\/fi\/","logo":{"@id":"https:\/\/www.ikk.fi\/fi\/ravintola\/helekutan-lounas\/#local-main-organization-logo"},"image":{"@id":"https:\/\/www.ikk.fi\/fi\/ravintola\/helekutan-lounas\/#local-main-organization-logo"},"sameAs":["https:\/\/www.facebook.com\/isokenkaistenklubi","https:\/\/www.instagram.com\/isokenkaistenklubi","https:\/\/www.youtube.com\/channel\/UCDf0w2yqjK2HZGZ73goZv9A"],"address":{"@id":"https:\/\/www.ikk.fi\/fi\/ravintola\/helekutan-lounas\/#local-main-place-address"},"geo":{"@type":"GeoCoordinates","latitude":"66.10118626498216","longitude":"29.838358906747683"},"telephone":["+358400972260","+358407066839"],"openingHoursSpecification":[],"email":"info@ikk.fi","areaServed":"Kuusamo"},{"@type":"PostalAddress","@id":"https:\/\/www.ikk.fi\/fi\/ravintola\/helekutan-lounas\/#local-main-place-address","streetAddress":"Heikinj\u00e4rventie 3","addressLocality":"Kuusamo","postalCode":"93800","addressCountry":"FI"},{"@type":"ImageObject","inLanguage":"fi","@id":"https:\/\/www.ikk.fi\/fi\/ravintola\/helekutan-lounas\/#local-main-organization-logo","url":"https:\/\/www.ikk.fi\/wp-content\/uploads\/2020\/10\/ikk-logo-vari-ilman-puita-pieni.png","contentUrl":"https:\/\/www.ikk.fi\/wp-content\/uploads\/2020\/10\/ikk-logo-vari-ilman-puita-pieni.png","width":300,"height":99,"caption":"Isokenk\u00e4isten Klubi"}]},"geo.placename":"Kuusamo","geo.position":{"lat":"66.10118626498216","long":"29.838358906747683"},"geo.region":"Suomi"},"_links":{"self":[{"href":"https:\/\/www.ikk.fi\/fi\/wp-json\/wp\/v2\/pages\/62","targetHints":{"allow":["GET"]}}],"collection":[{"href":"https:\/\/www.ikk.fi\/fi\/wp-json\/wp\/v2\/pages"}],"about":[{"href":"https:\/\/www.ikk.fi\/fi\/wp-json\/wp\/v2\/types\/page"}],"author":[{"embeddable":true,"href":"https:\/\/www.ikk.fi\/fi\/wp-json\/wp\/v2\/users\/1"}],"replies":[{"embeddable":true,"href":"https:\/\/www.ikk.fi\/fi\/wp-json\/wp\/v2\/comments?post=62"}],"version-history":[{"count":1,"href":"https:\/\/www.ikk.fi\/fi\/wp-json\/wp\/v2\/pages\/62\/revisions"}],"predecessor-version":[{"id":8684,"href":"https:\/\/www.ikk.fi\/fi\/wp-json\/wp\/v2\/pages\/62\/revisions\/8684"}],"up":[{"embeddable":true,"href":"https:\/\/www.ikk.fi\/fi\/wp-json\/wp\/v2\/pages\/30"}],"wp:featuredmedia":[{"embeddable":true,"href":"https:\/\/www.ikk.fi\/fi\/wp-json\/wp\/v2\/media\/926"}],"wp:attachment":[{"href":"https:\/\/www.ikk.fi\/fi\/wp-json\/wp\/v2\/media?parent=62"}],"curies":[{"name":"wp","href":"https:\/\/api.w.org\/{rel}","templated":true}]}}