{"id":56,"date":"2020-09-10T15:02:56","date_gmt":"2020-09-10T12:02:56","guid":{"rendered":"http:\/\/davas.site\/ikk\/?page_id=56"},"modified":"2026-01-05T10:30:25","modified_gmt":"2026-01-05T08:30:25","slug":"lounas","status":"publish","type":"page","link":"https:\/\/www.ikk.fi\/fi\/ravintola\/lounas\/","title":{"rendered":"Lounas"},"content":{"rendered":"<p><img decoding=\"async\" src=\"\/wp-content\/uploads\/2021\/03\/ikk-lounaskattaus-iso.jpg\" alt=\"Lounas Isokenk\u00e4isten Klubilla\"><br \/>\n<img decoding=\"async\" src=\"https:\/\/www.ikk.fi\/wp-content\/uploads\/2020\/10\/NP_WildFood_logo_RGB-1.png\" alt=\"Wild Food Kuusamo Lapland\"><\/p>\n<ul>\n<li>\n<p>\n        <a href=\"tel:+358400972260\">+358 400 972 260\/myynti (klo 9-20)<\/a>\n    <\/p>\n<\/li>\n<li>\n<p>\n        <a href=\"tel:+358407066839\">+358 40 706 6839\/ravintola (klo 9-20)<\/a>\n    <\/p>\n<\/li>\n<li>\n<p>\n        <a href=\"mailto:info@ikk.fi\">info@ikk.fi<\/a>\n    <\/p>\n<\/li>\n<\/ul>\n<h2>Lounas<\/h2>\n<div>\n<p>Tule lounaalle seurueesi kanssa idylliseeen tilausravintolaamme Klubille.<\/p>\n<\/div>\n<div>\n<h3>P\u00e4iv\u00e4n lounas alk. 25\u20ac\/hl\u00f6<\/h3>\n<div>\n<p>Lounaat sis\u00e4lt\u00e4v\u00e4t: Keiton tai lounasannoksen, ruokajuomat (vesi, mehu), leiv\u00e4t ja talon levitteet, kahvin ja kotileivonnaisen (kotipulla tai piirakkaa). Lounaalla on santsausmahdollisuus.<\/p>\n<\/div>\n<\/div>\n<div>\n<p><script type=\"text\/javascript\" src=\"https:\/\/widgets.bokun.io\/assets\/javascripts\/apps\/build\/BokunWidgetsLoader.js?bookingChannelUUID=6cf121bf-565a-4ba5-af12-aa45c310e538\" async><\/script> <\/p>\n<style> #bokun_45b93db2_d689_424a_a5fc_9e400ad8f4b2 { display: inline-block; padding: 10px 20px; background: #a90230; border-radius: 5px; box-shadow: none; font-weight: 600; font-size: 16px; text-decoration: none; text-align: center; color: #FFFFFF; border:none; cursor: pointer; transition: background .2s ease; } #bokun_45b93db2_d689_424a_a5fc_9e400ad8f4b2:hover{ background: #770122; } #bokun_45b93db2_d689_424a_a5fc_9e400ad8f4b2:active{ background: #770122; } <\/style>\n<p> <button class=\"bokunButton\" disabled=\"disabled\" id=\"bokun_45b93db2_d689_424a_a5fc_9e400ad8f4b2\" data-src=\"https:\/\/widgets.bokun.io\/online-sales\/6cf121bf-565a-4ba5-af12-aa45c310e538\/experience\/1132771?partialView=1\" data-testid=\"widget-book-button\"> Varaa lounas t\u00e4st\u00e4 <\/button><\/p>\n<\/div>\n<hr>\n<div>\n<h4><strong>Lounas ennakkovarauksella<\/strong><\/h4>\n<p>Tiedustelut ja varaukset puh. <a href=\"tel:+358407066839\">040 7066 839<\/a><\/p>\n<\/div>\n<ul>\n<li>\n<p>        <img decoding=\"async\" src=\"\/wp-content\/uploads\/2020\/10\/aitin-leipomaa-rieskaa.jpg\" alt=\"\"><\/p>\n<h3>ikk-kotakokkausruokia<\/h3>\n<\/li>\n<li>\n<p>        <img decoding=\"async\" src=\"\/wp-content\/uploads\/2020\/10\/ikk-metsanmarjat.jpg\" alt=\"\"><\/p>\n<h3>ikk-kotatuli-ja-ikkuna<\/h3>\n<\/li>\n<li>\n<p>        <img decoding=\"async\" src=\"\/wp-content\/uploads\/2020\/10\/porokeitto.jpg\" alt=\"\"><\/p>\n<h3>ikk-kotakokkausta-vieraat<\/h3>\n<\/li>\n<\/ul>\n<p><img decoding=\"async\" src=\"\/wp-content\/uploads\/2020\/10\/ikk-kuuset-valk.svg\" alt=\"\"><\/p>\n<blockquote>\n<p>Satokausiajattelua parhaimmillaan h\u00e4vikki\u00e4 v\u00e4hent\u00e4en. T\u00e4ss\u00e4 keitti\u00f6ss\u00e4 mik\u00e4\u00e4n ei mene hukkaan. Ota vain sen verran, mit\u00e4 jaksat sy\u00f6d\u00e4. Ruoka ei lopu kesken.<\/p>\n<\/blockquote>\n<p><!--more--><br \/>\n<!-- {\"children\":[{\"name\":\"Hero\",\"type\":\"section\",\"props\":{\"image_position\":\"center-center\",\"image_size\":\"cover\",\"padding\":\"none\",\"padding_remove_top\":false,\"style\":\"default\",\"title_breakpoint\":\"xl\",\"title_position\":\"top-left\",\"title_rotation\":\"left\",\"vertical_align\":\"\",\"width\":\"\"},\"children\":[{\"type\":\"row\",\"children\":[{\"type\":\"column\",\"props\":{\"image_position\":\"center-center\",\"position_sticky_breakpoint\":\"m\",\"width_medium\":\"1-1\"},\"children\":[{\"type\":\"image\",\"props\":{\"image\":\"wp-content\\\/uploads\\\/2021\\\/03\\\/ikk-lounaskattaus-iso.jpg\",\"image_alt\":\"Lounas Isokenk\\u00e4isten Klubilla\",\"image_height\":\"800\",\"image_svg_color\":\"emphasis\",\"image_width\":\"2200\",\"margin\":\"default\"}}]}]}]},{\"type\":\"section\",\"props\":{\"image_position\":\"center-center\",\"padding\":\"none\",\"style\":\"default\",\"title_breakpoint\":\"xl\",\"title_position\":\"top-left\",\"title_rotation\":\"left\",\"vertical_align\":\"\",\"width\":\"expand\"},\"children\":[{\"type\":\"row\",\"children\":[{\"type\":\"column\",\"props\":{\"image_position\":\"center-center\",\"position_sticky_breakpoint\":\"m\"},\"children\":[{\"type\":\"image\",\"props\":{\"image\":\"https:\\\/\\\/www.ikk.fi\\\/wp-content\\\/uploads\\\/2020\\\/10\\\/NP_WildFood_logo_RGB-1.png\",\"image_alt\":\"Wild Food Kuusamo Lapland\",\"image_svg_color\":\"emphasis\",\"image_width\":\"150\",\"margin\":\"default\",\"position\":\"absolute\",\"position_top\":\"-50\",\"position_z_index\":\"3\",\"text_align\":\"right\",\"visibility\":\"m\"}}]}]}],\"name\":\"wildfood uusi\"},{\"type\":\"section\",\"props\":{\"image_position\":\"center-center\",\"padding\":\"xsmall\",\"style\":\"primary\",\"title_breakpoint\":\"xl\",\"title_position\":\"top-left\",\"title_rotation\":\"left\",\"vertical_align\":\"\",\"width\":\"default\"},\"children\":[{\"type\":\"row\",\"children\":[{\"type\":\"column\",\"props\":{\"image_position\":\"center-center\",\"position_sticky_breakpoint\":\"m\"},\"children\":[{\"type\":\"button\",\"props\":{\"grid_column_gap\":\"small\",\"grid_row_gap\":\"small\",\"margin\":\"default\",\"text_align\":\"center\"},\"children\":[{\"type\":\"button_item\",\"props\":{\"button_style\":\"text\",\"content\":\"+358 400 972 260\\\/myynti (klo 9-20)\",\"dialog_layout\":\"modal\",\"dialog_offcanvas_flip\":true,\"icon\":\"receiver\",\"icon_align\":\"left\",\"link\":\"tel:+358400972260\"}},{\"type\":\"button_item\",\"props\":{\"button_style\":\"text\",\"content\":\"+358 40 706 6839\\\/ravintola (klo 9-20)\",\"dialog_layout\":\"modal\",\"dialog_offcanvas_flip\":true,\"icon\":\"receiver\",\"icon_align\":\"left\",\"link\":\"tel:+358407066839\"}},{\"type\":\"button_item\",\"props\":{\"button_style\":\"text\",\"content\":\"info@ikk.fi\",\"dialog_layout\":\"modal\",\"dialog_offcanvas_flip\":true,\"icon\":\"mail\",\"icon_align\":\"left\",\"link\":\"mailto:info@ikk.fi\"}}]}]}]}],\"name\":\"yhteystiedotpalikka\"},{\"name\":\"About\",\"type\":\"section\",\"props\":{\"image_position\":\"center-center\",\"style\":\"default\",\"title_breakpoint\":\"xl\",\"title_position\":\"top-left\",\"title_rotation\":\"left\",\"vertical_align\":\"\",\"width\":\"default\"},\"children\":[{\"type\":\"row\",\"children\":[{\"type\":\"column\",\"props\":{\"image_position\":\"center-center\",\"position_sticky_breakpoint\":\"m\"},\"children\":[{\"type\":\"headline\",\"props\":{\"animation\":\"parallax\",\"content\":\"Lounas\",\"margin\":\"default\",\"margin_remove_top\":false,\"parallax_breakpoint\":\"m\",\"parallax_easing\":\"1\",\"parallax_end\":\"60vh + 60%\",\"parallax_opacity\":\"0.3,1\",\"parallax_y\":\"30,0\",\"title_element\":\"h2\",\"title_style\":\"heading-small\"}},{\"type\":\"text\",\"props\":{\"animation\":\"none\",\"column_breakpoint\":\"m\",\"content\":\"\n\n<p>Tule lounaalle seurueesi kanssa idylliseeen tilausravintolaamme Klubille.<\\\/p>\\n\",\"margin\":\"default\",\"text_style\":\"lead\"}},{\"type\":\"description_list\",\"props\":{\"column_breakpoint\":\"m\",\"layout\":\"grid-2-m\",\"list_element\":\"ul\",\"margin\":\"remove-vertical\",\"meta_align\":\"bottom\",\"meta_style\":\"\",\"show_content\":true,\"show_link\":true,\"show_meta\":true,\"show_title\":true,\"title_element\":\"div\",\"title_grid_column_gap\":\"small\",\"title_grid_row_gap\":\"small\",\"title_grid_width\":\"expand\",\"title_leader\":false,\"title_style\":\"h4\"},\"children\":[{\"type\":\"description_list_item\",\"props\":{\"content\":\"\n\n<p>Lounaat sis\\u00e4lt\\u00e4v\\u00e4t: Keiton tai lounasannoksen, ruokajuomat (vesi, mehu), leiv\\u00e4t ja talon levitteet, kahvin ja kotileivonnaisen (kotipulla tai piirakkaa). Lounaalla on santsausmahdollisuus.<\\\/p>\",\"meta\":\"\",\"title\":\"P\\u00e4iv\\u00e4n lounas alk. 25\\u20ac\\\/hl\\u00f6\"}}]},{\"type\":\"text\",\"props\":{\"column_breakpoint\":\"m\",\"content\":\"\n\n<p><script type=\\\"text\\\/javascript\\\" src=\\\"https:\\\/\\\/widgets.bokun.io\\\/assets\\\/javascripts\\\/apps\\\/build\\\/BokunWidgetsLoader.js?bookingChannelUUID=6cf121bf-565a-4ba5-af12-aa45c310e538\\\" async><\\\/script> \n\n<style> #bokun_45b93db2_d689_424a_a5fc_9e400ad8f4b2 { display: inline-block; padding: 10px 20px; background: #a90230; border-radius: 5px; box-shadow: none; font-weight: 600; font-size: 16px; text-decoration: none; text-align: center; color: #FFFFFF; border:none; cursor: pointer; transition: background .2s ease; } #bokun_45b93db2_d689_424a_a5fc_9e400ad8f4b2:hover{ background: #770122; } #bokun_45b93db2_d689_424a_a5fc_9e400ad8f4b2:active{ background: #770122; } <\\\/style> <button class=\\\"bokunButton\\\" disabled=\\\"disabled\\\" id=\\\"bokun_45b93db2_d689_424a_a5fc_9e400ad8f4b2\\\" data-src=\\\"https:\\\/\\\/widgets.bokun.io\\\/online-sales\\\/6cf121bf-565a-4ba5-af12-aa45c310e538\\\/experience\\\/1132771?partialView=1\\\" data-testid=\\\"widget-book-button\\\"> Varaa lounas t\\u00e4st\\u00e4 <\\\/button><\\\/p>\",\"margin\":\"default\"}}]}]},{\"type\":\"row\",\"children\":[{\"type\":\"column\",\"props\":{\"image_position\":\"center-center\",\"position_sticky_breakpoint\":\"m\"},\"children\":[{\"type\":\"divider\",\"props\":{\"divider_element\":\"hr\"}},{\"type\":\"text\",\"props\":{\"animation\":\"none\",\"column_breakpoint\":\"m\",\"content\":\"\n\n<h4><strong>Lounas ennakkovarauksella<\\\/strong><\\\/h4>\\n\n\n<p>Tiedustelut ja varaukset puh. <a href=\\\"tel:+358407066839\\\">040 7066 839<\\\/a><\\\/p>\",\"margin\":\"default\"}}]}]}]},{\"name\":\"galleria\",\"type\":\"section\",\"props\":{\"image_position\":\"center-center\",\"padding\":\"xsmall\",\"style\":\"default\",\"title_breakpoint\":\"xl\",\"title_position\":\"top-left\",\"title_rotation\":\"left\",\"vertical_align\":\"\",\"width\":\"xlarge\"},\"children\":[{\"type\":\"row\",\"children\":[{\"type\":\"column\",\"props\":{\"image_position\":\"center-center\",\"position_sticky_breakpoint\":\"m\",\"width_medium\":\"1-1\"},\"children\":[{\"type\":\"gallery\",\"props\":{\"animation\":\"parallax\",\"filter_align\":\"left\",\"filter_all\":true,\"filter_grid_breakpoint\":\"m\",\"filter_grid_width\":\"auto\",\"filter_position\":\"top\",\"filter_style\":\"tab\",\"grid_column_gap\":\"small\",\"grid_default\":\"1\",\"grid_medium\":\"3\",\"grid_row_gap\":\"small\",\"grid_small\":\"3\",\"image_height\":\"1200\",\"image_orientation\":false,\"image_transition\":\"scale-up\",\"image_width\":\"1200\",\"item_animation\":true,\"lightbox\":true,\"lightbox_bg_close\":true,\"link_style\":\"default\",\"link_text\":\"\",\"margin\":\"\",\"meta_align\":\"below-title\",\"meta_element\":\"div\",\"meta_style\":\"text-meta\",\"overlay_hover\":false,\"overlay_link\":true,\"overlay_mode\":\"cover\",\"overlay_position\":\"center\",\"overlay_style\":\"\",\"overlay_transition\":\"fade\",\"parallax_breakpoint\":\"m\",\"parallax_easing\":\"1\",\"parallax_end\":\"70vh + 70%\",\"parallax_opacity\":\"0.7,1\",\"parallax_y\":\"40,0\",\"show_content\":true,\"show_hover_image\":true,\"show_hover_video\":true,\"show_link\":true,\"show_meta\":true,\"show_title\":false,\"text_align\":\"center\",\"text_color\":\"light\",\"title_element\":\"h3\",\"title_hover_style\":\"reset\"},\"children\":[{\"type\":\"gallery_item\",\"props\":{\"image\":\"wp-content\\\/uploads\\\/2020\\\/10\\\/aitin-leipomaa-rieskaa.jpg\",\"title\":\"ikk-kotakokkausruokia\"}},{\"type\":\"gallery_item\",\"props\":{\"image\":\"wp-content\\\/uploads\\\/2020\\\/10\\\/ikk-metsanmarjat.jpg\",\"title\":\"ikk-kotatuli-ja-ikkuna\"}},{\"type\":\"gallery_item\",\"props\":{\"image\":\"wp-content\\\/uploads\\\/2020\\\/10\\\/porokeitto.jpg\",\"title\":\"ikk-kotakokkausta-vieraat\"}}]}]}],\"props\":{\"margin_remove_top\":true}}]},{\"type\":\"section\",\"props\":{\"height\":\"page\",\"image\":\"wp-content\\\/uploads\\\/2020\\\/10\\\/keskiyontausta.jpg\",\"image_height\":\"500\",\"image_position\":\"center-center\",\"image_size\":\"cover\",\"image_width\":\"600\",\"padding\":\"large\",\"style\":\"secondary\",\"title_breakpoint\":\"xl\",\"title_position\":\"top-left\",\"title_rotation\":\"left\",\"vertical_align\":\"\",\"width\":\"default\"},\"children\":[{\"type\":\"row\",\"children\":[{\"type\":\"column\",\"props\":{\"image_position\":\"center-center\",\"position_sticky_breakpoint\":\"m\"},\"children\":[{\"type\":\"image\",\"props\":{\"image\":\"wp-content\\\/uploads\\\/2020\\\/10\\\/ikk-kuuset-valk.svg\",\"image_svg_color\":\"emphasis\",\"image_width\":\"200\",\"margin\":\"default\",\"text_align\":\"center\"}},{\"type\":\"quotation\",\"props\":{\"block_align\":\"center\",\"content\":\"\n\n<p>Satokausiajattelua parhaimmillaan h\\u00e4vikki\\u00e4 v\\u00e4hent\\u00e4en. T\\u00e4ss\\u00e4 keitti\\u00f6ss\\u00e4 mik\\u00e4\\u00e4n ei mene hukkaan. Ota vain sen verran, mit\\u00e4 jaksat sy\\u00f6d\\u00e4. Ruoka ei lopu kesken.<\\\/p>\",\"maxwidth\":\"xlarge\",\"text_align\":\"center\"}}]}]}],\"name\":\"Ituhippi high light\"}],\"version\":\"4.5.32\",\"type\":\"layout\"} --><\/p>\n","protected":false},"excerpt":{"rendered":"<p>+358 400 972 260\/myynti (klo 9-20) +358 40 706 6839\/ravintola (klo 9-20) info@ikk.fi Lounas Tule lounaalle seurueesi kanssa idylliseeen tilausravintolaamme Klubille. P\u00e4iv\u00e4n lounas alk. 25\u20ac\/hl\u00f6 Lounaat sis\u00e4lt\u00e4v\u00e4t: Keiton tai lounasannoksen, ruokajuomat (vesi, mehu), leiv\u00e4t ja talon levitteet, kahvin ja kotileivonnaisen (kotipulla tai piirakkaa). Lounaalla on santsausmahdollisuus. Varaa lounas t\u00e4st\u00e4 Lounas ennakkovarauksella Tiedustelut ja varaukset puh. [&hellip;]<\/p>\n","protected":false},"author":1,"featured_media":409,"parent":30,"menu_order":0,"comment_status":"closed","ping_status":"closed","template":"","meta":{"footnotes":""},"class_list":["post-56","page","type-page","status-publish","has-post-thumbnail","hentry"],"yoast_head":"<title>Lounas - Isokenk\u00e4isten Klubi, Kuusamo<\/title>\n<meta name=\"description\" content=\"Tilaa maukas lounas seurueellesi idylliseeen tilausravintolaamme Klubille. Lounas tilattava edellisen\u00e4 p\u00e4iv\u00e4n\u00e4 klo 18 menness\u00e4.\" \/>\n<meta name=\"robots\" content=\"index, follow, max-snippet:-1, max-image-preview:large, max-video-preview:-1\" \/>\n<link rel=\"canonical\" href=\"https:\/\/www.ikk.fi\/fi\/ravintola\/lounas\/\" \/>\n<meta property=\"og:locale\" content=\"fi_FI\" \/>\n<meta property=\"og:type\" content=\"article\" \/>\n<meta property=\"og:title\" content=\"Lounas\" \/>\n<meta property=\"og:description\" content=\"Tilaa maukas lounas seurueellesi idylliseeen tilausravintolaamme Klubille. Lounas tilattava edellisen\u00e4 p\u00e4iv\u00e4n\u00e4 klo 18 menness\u00e4.\" \/>\n<meta property=\"og:url\" content=\"https:\/\/www.ikk.fi\/fi\/ravintola\/lounas\/\" \/>\n<meta property=\"og:site_name\" content=\"Isokenk\u00e4isten Klubi, Kuusamo\" \/>\n<meta property=\"article:publisher\" content=\"https:\/\/www.facebook.com\/isokenkaistenklubi\" \/>\n<meta property=\"article:modified_time\" content=\"2026-01-05T08:30:25+00:00\" \/>\n<meta property=\"og:image\" content=\"https:\/\/www.ikk.fi\/wp-content\/uploads\/2020\/10\/ikk-lounaskeitto.jpg\" \/>\n\t<meta property=\"og:image:width\" content=\"800\" \/>\n\t<meta property=\"og:image:height\" content=\"533\" \/>\n\t<meta property=\"og:image:type\" content=\"image\/jpeg\" \/>\n<meta name=\"twitter:card\" content=\"summary_large_image\" \/>\n<script type=\"application\/ld+json\" class=\"yoast-schema-graph\">{\"@context\":\"https:\/\/schema.org\",\"@graph\":[{\"@type\":\"WebPage\",\"@id\":\"https:\/\/www.ikk.fi\/fi\/ravintola\/lounas\/\",\"url\":\"https:\/\/www.ikk.fi\/fi\/ravintola\/lounas\/\",\"name\":\"Lounas - Isokenk\u00e4isten Klubi, Kuusamo\",\"isPartOf\":{\"@id\":\"https:\/\/www.ikk.fi\/fi\/#website\"},\"primaryImageOfPage\":{\"@id\":\"https:\/\/www.ikk.fi\/fi\/ravintola\/lounas\/#primaryimage\"},\"image\":{\"@id\":\"https:\/\/www.ikk.fi\/fi\/ravintola\/lounas\/#primaryimage\"},\"thumbnailUrl\":\"https:\/\/www.ikk.fi\/wp-content\/uploads\/2020\/10\/ikk-lounaskeitto.jpg\",\"datePublished\":\"2020-09-10T12:02:56+00:00\",\"dateModified\":\"2026-01-05T08:30:25+00:00\",\"description\":\"Tilaa maukas lounas seurueellesi idylliseeen tilausravintolaamme Klubille. Lounas tilattava edellisen\u00e4 p\u00e4iv\u00e4n\u00e4 klo 18 menness\u00e4.\",\"breadcrumb\":{\"@id\":\"https:\/\/www.ikk.fi\/fi\/ravintola\/lounas\/#breadcrumb\"},\"inLanguage\":\"fi\",\"potentialAction\":[{\"@type\":\"ReadAction\",\"target\":[\"https:\/\/www.ikk.fi\/fi\/ravintola\/lounas\/\"]}]},{\"@type\":\"ImageObject\",\"inLanguage\":\"fi\",\"@id\":\"https:\/\/www.ikk.fi\/fi\/ravintola\/lounas\/#primaryimage\",\"url\":\"https:\/\/www.ikk.fi\/wp-content\/uploads\/2020\/10\/ikk-lounaskeitto.jpg\",\"contentUrl\":\"https:\/\/www.ikk.fi\/wp-content\/uploads\/2020\/10\/ikk-lounaskeitto.jpg\",\"width\":800,\"height\":533},{\"@type\":\"BreadcrumbList\",\"@id\":\"https:\/\/www.ikk.fi\/fi\/ravintola\/lounas\/#breadcrumb\",\"itemListElement\":[{\"@type\":\"ListItem\",\"position\":1,\"name\":\"Etusivu\",\"item\":\"https:\/\/www.ikk.fi\/fi\/\"},{\"@type\":\"ListItem\",\"position\":2,\"name\":\"Ravintola\",\"item\":\"https:\/\/www.ikk.fi\/fi\/ravintola\/\"},{\"@type\":\"ListItem\",\"position\":3,\"name\":\"Lounas\"}]},{\"@type\":\"WebSite\",\"@id\":\"https:\/\/www.ikk.fi\/fi\/#website\",\"url\":\"https:\/\/www.ikk.fi\/fi\/\",\"name\":\"Isokenk\u00e4isten Klubi, Kuusamo, Finland\",\"description\":\"Wilderness Lodges &amp; Wild Food Kitchen\",\"publisher\":{\"@id\":\"https:\/\/www.ikk.fi\/fi\/#organization\"},\"potentialAction\":[{\"@type\":\"SearchAction\",\"target\":{\"@type\":\"EntryPoint\",\"urlTemplate\":\"https:\/\/www.ikk.fi\/fi\/?s={search_term_string}\"},\"query-input\":{\"@type\":\"PropertyValueSpecification\",\"valueRequired\":true,\"valueName\":\"search_term_string\"}}],\"inLanguage\":\"fi\"},{\"@type\":[\"Organization\",\"Place\",\"LocalBusiness\"],\"@id\":\"https:\/\/www.ikk.fi\/fi\/#organization\",\"name\":\"Isokenk\u00e4isten Klubi\",\"url\":\"https:\/\/www.ikk.fi\/fi\/\",\"logo\":{\"@id\":\"https:\/\/www.ikk.fi\/fi\/ravintola\/lounas\/#local-main-organization-logo\"},\"image\":{\"@id\":\"https:\/\/www.ikk.fi\/fi\/ravintola\/lounas\/#local-main-organization-logo\"},\"sameAs\":[\"https:\/\/www.facebook.com\/isokenkaistenklubi\",\"https:\/\/www.instagram.com\/isokenkaistenklubi\",\"https:\/\/www.youtube.com\/channel\/UCDf0w2yqjK2HZGZ73goZv9A\"],\"address\":{\"@id\":\"https:\/\/www.ikk.fi\/fi\/ravintola\/lounas\/#local-main-place-address\"},\"geo\":{\"@type\":\"GeoCoordinates\",\"latitude\":\"66.10118626498216\",\"longitude\":\"29.838358906747683\"},\"telephone\":[\"+358400972260\",\"+358407066839\"],\"openingHoursSpecification\":[],\"email\":\"info@ikk.fi\",\"areaServed\":\"Kuusamo\"},{\"@type\":\"PostalAddress\",\"@id\":\"https:\/\/www.ikk.fi\/fi\/ravintola\/lounas\/#local-main-place-address\",\"streetAddress\":\"Heikinj\u00e4rventie 3\",\"addressLocality\":\"Kuusamo\",\"postalCode\":\"93800\",\"addressCountry\":\"FI\"},{\"@type\":\"ImageObject\",\"inLanguage\":\"fi\",\"@id\":\"https:\/\/www.ikk.fi\/fi\/ravintola\/lounas\/#local-main-organization-logo\",\"url\":\"https:\/\/www.ikk.fi\/wp-content\/uploads\/2020\/10\/ikk-logo-vari-ilman-puita-pieni.png\",\"contentUrl\":\"https:\/\/www.ikk.fi\/wp-content\/uploads\/2020\/10\/ikk-logo-vari-ilman-puita-pieni.png\",\"width\":300,\"height\":99,\"caption\":\"Isokenk\u00e4isten Klubi\"}]}<\/script>\n<meta name=\"geo.placename\" content=\"Kuusamo\" \/>\n<meta name=\"geo.position\" content=\"66.10118626498216;29.838358906747683\" \/>\n<meta name=\"geo.region\" content=\"Suomi\" \/>","yoast_head_json":{"title":"Lounas - Isokenk\u00e4isten Klubi, Kuusamo","description":"Tilaa maukas lounas seurueellesi idylliseeen tilausravintolaamme Klubille. Lounas tilattava edellisen\u00e4 p\u00e4iv\u00e4n\u00e4 klo 18 menness\u00e4.","robots":{"index":"index","follow":"follow","max-snippet":"max-snippet:-1","max-image-preview":"max-image-preview:large","max-video-preview":"max-video-preview:-1"},"canonical":"https:\/\/www.ikk.fi\/fi\/ravintola\/lounas\/","og_locale":"fi_FI","og_type":"article","og_title":"Lounas","og_description":"Tilaa maukas lounas seurueellesi idylliseeen tilausravintolaamme Klubille. Lounas tilattava edellisen\u00e4 p\u00e4iv\u00e4n\u00e4 klo 18 menness\u00e4.","og_url":"https:\/\/www.ikk.fi\/fi\/ravintola\/lounas\/","og_site_name":"Isokenk\u00e4isten Klubi, Kuusamo","article_publisher":"https:\/\/www.facebook.com\/isokenkaistenklubi","article_modified_time":"2026-01-05T08:30:25+00:00","og_image":[{"width":800,"height":533,"url":"https:\/\/www.ikk.fi\/wp-content\/uploads\/2020\/10\/ikk-lounaskeitto.jpg","type":"image\/jpeg"}],"twitter_card":"summary_large_image","schema":{"@context":"https:\/\/schema.org","@graph":[{"@type":"WebPage","@id":"https:\/\/www.ikk.fi\/fi\/ravintola\/lounas\/","url":"https:\/\/www.ikk.fi\/fi\/ravintola\/lounas\/","name":"Lounas - Isokenk\u00e4isten Klubi, Kuusamo","isPartOf":{"@id":"https:\/\/www.ikk.fi\/fi\/#website"},"primaryImageOfPage":{"@id":"https:\/\/www.ikk.fi\/fi\/ravintola\/lounas\/#primaryimage"},"image":{"@id":"https:\/\/www.ikk.fi\/fi\/ravintola\/lounas\/#primaryimage"},"thumbnailUrl":"https:\/\/www.ikk.fi\/wp-content\/uploads\/2020\/10\/ikk-lounaskeitto.jpg","datePublished":"2020-09-10T12:02:56+00:00","dateModified":"2026-01-05T08:30:25+00:00","description":"Tilaa maukas lounas seurueellesi idylliseeen tilausravintolaamme Klubille. Lounas tilattava edellisen\u00e4 p\u00e4iv\u00e4n\u00e4 klo 18 menness\u00e4.","breadcrumb":{"@id":"https:\/\/www.ikk.fi\/fi\/ravintola\/lounas\/#breadcrumb"},"inLanguage":"fi","potentialAction":[{"@type":"ReadAction","target":["https:\/\/www.ikk.fi\/fi\/ravintola\/lounas\/"]}]},{"@type":"ImageObject","inLanguage":"fi","@id":"https:\/\/www.ikk.fi\/fi\/ravintola\/lounas\/#primaryimage","url":"https:\/\/www.ikk.fi\/wp-content\/uploads\/2020\/10\/ikk-lounaskeitto.jpg","contentUrl":"https:\/\/www.ikk.fi\/wp-content\/uploads\/2020\/10\/ikk-lounaskeitto.jpg","width":800,"height":533},{"@type":"BreadcrumbList","@id":"https:\/\/www.ikk.fi\/fi\/ravintola\/lounas\/#breadcrumb","itemListElement":[{"@type":"ListItem","position":1,"name":"Etusivu","item":"https:\/\/www.ikk.fi\/fi\/"},{"@type":"ListItem","position":2,"name":"Ravintola","item":"https:\/\/www.ikk.fi\/fi\/ravintola\/"},{"@type":"ListItem","position":3,"name":"Lounas"}]},{"@type":"WebSite","@id":"https:\/\/www.ikk.fi\/fi\/#website","url":"https:\/\/www.ikk.fi\/fi\/","name":"Isokenk\u00e4isten Klubi, Kuusamo, Finland","description":"Wilderness Lodges &amp; Wild Food Kitchen","publisher":{"@id":"https:\/\/www.ikk.fi\/fi\/#organization"},"potentialAction":[{"@type":"SearchAction","target":{"@type":"EntryPoint","urlTemplate":"https:\/\/www.ikk.fi\/fi\/?s={search_term_string}"},"query-input":{"@type":"PropertyValueSpecification","valueRequired":true,"valueName":"search_term_string"}}],"inLanguage":"fi"},{"@type":["Organization","Place","LocalBusiness"],"@id":"https:\/\/www.ikk.fi\/fi\/#organization","name":"Isokenk\u00e4isten Klubi","url":"https:\/\/www.ikk.fi\/fi\/","logo":{"@id":"https:\/\/www.ikk.fi\/fi\/ravintola\/lounas\/#local-main-organization-logo"},"image":{"@id":"https:\/\/www.ikk.fi\/fi\/ravintola\/lounas\/#local-main-organization-logo"},"sameAs":["https:\/\/www.facebook.com\/isokenkaistenklubi","https:\/\/www.instagram.com\/isokenkaistenklubi","https:\/\/www.youtube.com\/channel\/UCDf0w2yqjK2HZGZ73goZv9A"],"address":{"@id":"https:\/\/www.ikk.fi\/fi\/ravintola\/lounas\/#local-main-place-address"},"geo":{"@type":"GeoCoordinates","latitude":"66.10118626498216","longitude":"29.838358906747683"},"telephone":["+358400972260","+358407066839"],"openingHoursSpecification":[],"email":"info@ikk.fi","areaServed":"Kuusamo"},{"@type":"PostalAddress","@id":"https:\/\/www.ikk.fi\/fi\/ravintola\/lounas\/#local-main-place-address","streetAddress":"Heikinj\u00e4rventie 3","addressLocality":"Kuusamo","postalCode":"93800","addressCountry":"FI"},{"@type":"ImageObject","inLanguage":"fi","@id":"https:\/\/www.ikk.fi\/fi\/ravintola\/lounas\/#local-main-organization-logo","url":"https:\/\/www.ikk.fi\/wp-content\/uploads\/2020\/10\/ikk-logo-vari-ilman-puita-pieni.png","contentUrl":"https:\/\/www.ikk.fi\/wp-content\/uploads\/2020\/10\/ikk-logo-vari-ilman-puita-pieni.png","width":300,"height":99,"caption":"Isokenk\u00e4isten Klubi"}]},"geo.placename":"Kuusamo","geo.position":{"lat":"66.10118626498216","long":"29.838358906747683"},"geo.region":"Suomi"},"_links":{"self":[{"href":"https:\/\/www.ikk.fi\/fi\/wp-json\/wp\/v2\/pages\/56","targetHints":{"allow":["GET"]}}],"collection":[{"href":"https:\/\/www.ikk.fi\/fi\/wp-json\/wp\/v2\/pages"}],"about":[{"href":"https:\/\/www.ikk.fi\/fi\/wp-json\/wp\/v2\/types\/page"}],"author":[{"embeddable":true,"href":"https:\/\/www.ikk.fi\/fi\/wp-json\/wp\/v2\/users\/1"}],"replies":[{"embeddable":true,"href":"https:\/\/www.ikk.fi\/fi\/wp-json\/wp\/v2\/comments?post=56"}],"version-history":[{"count":6,"href":"https:\/\/www.ikk.fi\/fi\/wp-json\/wp\/v2\/pages\/56\/revisions"}],"predecessor-version":[{"id":9130,"href":"https:\/\/www.ikk.fi\/fi\/wp-json\/wp\/v2\/pages\/56\/revisions\/9130"}],"up":[{"embeddable":true,"href":"https:\/\/www.ikk.fi\/fi\/wp-json\/wp\/v2\/pages\/30"}],"wp:featuredmedia":[{"embeddable":true,"href":"https:\/\/www.ikk.fi\/fi\/wp-json\/wp\/v2\/media\/409"}],"wp:attachment":[{"href":"https:\/\/www.ikk.fi\/fi\/wp-json\/wp\/v2\/media?parent=56"}],"curies":[{"name":"wp","href":"https:\/\/api.w.org\/{rel}","templated":true}]}}