{"id":36,"date":"2020-09-10T14:55:31","date_gmt":"2020-09-10T11:55:31","guid":{"rendered":"http:\/\/davas.site\/ikk\/?page_id=36"},"modified":"2025-11-19T10:15:23","modified_gmt":"2025-11-19T08:15:23","slug":"ota-yhteytta","status":"publish","type":"page","link":"https:\/\/www.ikk.fi\/fi\/ota-yhteytta\/","title":{"rendered":"Ota yhteytt\u00e4"},"content":{"rendered":"<p><img decoding=\"async\" src=\"\/wp-content\/uploads\/2020\/09\/ikk-katja-sirpa.jpg\" alt=\"Sirpa ja Katja\"><\/p>\n<blockquote>\n<p><em>Tervetuloa Kuusamoon!<\/em><br \/><em>Toivottavat Sirpa &amp; Katja<\/em><\/p>\n<\/blockquote>\n<ul>\n<li>\n<p><a href=\"https:\/\/goo.gl\/maps\/by1SUG4s19sJAk6g7\"><\/p>\n<p><span class=\"contact-street\">Heikinj\u00e4rventie 3<br \/><\/span><span class=\"contact-suburb\">93800 Kuusamo<br \/><\/span><span class=\"contact-country\">Finland<\/span><\/p>\n<p><\/a><\/p>\n<\/li>\n<li>\n<p><a href=\"tel:+358407066839\"><\/p>\n<p><span class=\"contact-telephone\">Sirpa K\u00e4m\u00e4r\u00e4inen (ravintola) +358 40 706 6839<\/span><\/p>\n<p><\/a><\/p>\n<\/li>\n<li>\n<p><a href=\"tel:+358400972260\"><\/p>\n<p><span class=\"contact-fax\">Katja Vira (myynti) +358 400 972 260<\/span><\/p>\n<p><\/a><\/p>\n<\/li>\n<li>\n<p><a href=\"mailto:info@ikk.fi\"><\/p>\n<p><span class=\"contact-mobile\">info@ikk.fi<\/span><\/p>\n<p><\/a><\/p>\n<\/li>\n<\/ul>\n<h3>Ota yhteytt\u00e4<\/h3>\n<div>\n<div class=\"wpforms-container wpforms-container-full\" id=\"wpforms-657\"><form id=\"wpforms-form-657\" class=\"wpforms-validate wpforms-form\" data-formid=\"657\" method=\"post\" enctype=\"multipart\/form-data\" action=\"\/fi\/wp-json\/wp\/v2\/pages\/36\" data-token=\"874fd599f16f93c489c477e4e7658a8b\" data-token-time=\"1774869871\"><noscript class=\"wpforms-error-noscript\">Please enable JavaScript in your browser to complete this form.<\/noscript><div class=\"wpforms-field-container\"><div id=\"wpforms-657-field_1-container\" class=\"wpforms-field wpforms-field-text\" data-field-id=\"1\"><label class=\"wpforms-field-label\" for=\"wpforms-657-field_1\">Nimi <span class=\"wpforms-required-label\">*<\/span><\/label><input type=\"text\" id=\"wpforms-657-field_1\" class=\"wpforms-field-large wpforms-field-required\" name=\"wpforms[fields][1]\" required><\/div><div id=\"wpforms-657-field_2-container\" class=\"wpforms-field wpforms-field-text\" data-field-id=\"2\"><label class=\"wpforms-field-label\" for=\"wpforms-657-field_2\">Puhelin <span class=\"wpforms-required-label\">*<\/span><\/label><input type=\"text\" id=\"wpforms-657-field_2\" class=\"wpforms-field-large wpforms-field-required\" name=\"wpforms[fields][2]\" required><\/div><div id=\"wpforms-657-field_3-container\" class=\"wpforms-field wpforms-field-email\" data-field-id=\"3\"><label class=\"wpforms-field-label\" for=\"wpforms-657-field_3\">S\u00e4hk\u00f6posti <span class=\"wpforms-required-label\">*<\/span><\/label><input type=\"email\" id=\"wpforms-657-field_3\" class=\"wpforms-field-large wpforms-field-required\" data-disable-suggestions=\"1\" name=\"wpforms[fields][3]\" spellcheck=\"false\" required><\/div><div id=\"wpforms-657-field_4-container\" class=\"wpforms-field wpforms-field-textarea\" data-field-id=\"4\"><label class=\"wpforms-field-label\" for=\"wpforms-657-field_4\">Viesti<\/label><textarea id=\"wpforms-657-field_4\" class=\"wpforms-field-large\" name=\"wpforms[fields][4]\" ><\/textarea><\/div><\/div><!-- .wpforms-field-container --><div class=\"wpforms-recaptcha-container wpforms-is-recaptcha wpforms-is-recaptcha-type-v3\" ><input type=\"hidden\" name=\"wpforms[recaptcha]\" value=\"\"><\/div><div class=\"wpforms-submit-container\" ><input type=\"hidden\" name=\"wpforms[id]\" value=\"657\"><input type=\"hidden\" name=\"page_title\" value=\"\"><input type=\"hidden\" name=\"page_url\" value=\"https:\/\/www.ikk.fi\/fi\/wp-json\/wp\/v2\/pages\/36\"><input type=\"hidden\" name=\"url_referer\" value=\"https:\/\/www.ikk.fi\/fi\/ota-yhteytta\/\"><button type=\"submit\" name=\"wpforms[submit]\" id=\"wpforms-submit-657\" class=\"wpforms-submit\" data-alt-text=\"L\u00e4hett\u00e4\u00e4\" data-submit-text=\"L\u00e4het\u00e4\" aria-live=\"assertive\" value=\"wpforms-submit\">L\u00e4het\u00e4<\/button><\/div><\/form><\/div>  <!-- .wpforms-container -->\n<\/div>\n<div>\n<h1 class=\"uk-margin-large-top uk-margin-remove-bottom uk-article-title\">Suositeltu ajoreitti<\/h1>\n<div class=\"uk-margin-medium-top\">\n<p><strong>Kuusamon keskustasta<\/strong>, matka 45 km noin 30-45 min. Viitostielt\u00e4tielt\u00e4, Nesteen (Wetterin) huoltoasemalta (liikenneympyr\u00e4) Vuotungintiet\u00e4 noin 30 km<br \/>-&gt; oikealle Kuntij\u00e4rventiet\u00e4 10 km<br \/>-&gt; oikealle S\u00e4rkiluomaan 3 km<br \/>-&gt; vasemmalle 300 m<\/p>\n<p>\u2028<strong>Rukan keskusaukiolta<\/strong>, matka 41,5 km noin 30-45 min.<br \/>Rukan keskusaukiolta Rukatunturintiet\u00e4 1,4 km\u00a0<br \/>-&gt; K\u00e4\u00e4nny vasemmalle Rukaj\u00e4rventielle 2,3 km<br \/>-&gt; K\u00e4\u00e4nny vasemmalle Tahkolanrannantielle 12,5 km<br \/>-&gt; K\u00e4\u00e4nny oikealle Virkkulantielle 10,9 km<br \/>-&gt; K\u00e4\u00e4nny vasemmalle Vuotungintielle 0,4 km<br \/>-&gt; K\u00e4\u00e4nny oikealle Kuntij\u00e4rventielle 10,1 km<br \/>-&gt; K\u00e4\u00e4nny oikealle S\u00e4rkiluomantielle 2,9 km<br \/>-&gt; K\u00e4\u00e4nny vasemmalle kohdassa Heikinj\u00e4rventielle 0,7 km<\/p>\n<p><strong>Kuusamon Pes\u00e4koloon<\/strong>\u00a0Kuusamon keskustasta<br \/>Viitostielt\u00e4, Nesteen (Wetterin) huoltoasemalta (liikenneympyr\u00e4) Vuotungintiet\u00e4 25,5 km M\u00e4\u00e4tt\u00e4l\u00e4nvaaraan<br \/>-&gt; oikealle Kiviper\u00e4ntiet\u00e4 12,5 km Kiviper\u00e4\u00e4n<br \/>-&gt; oikealle keltaisen maalaistalon pihaan<\/p>\n<\/div>\n<\/div>\n<div><iframe loading=\"lazy\" src=\"https:\/\/www.google.com\/maps\/embed?pb=!1m18!1m12!1m3!1d41744.706392086046!2d29.778002952062884!3d66.10458436704413!2m3!1f0!2f0!3f0!3m2!1i1024!2i768!4f13.1!3m3!1m2!1s0x442eb58b8d5643f3%3A0x452710c959b7bcbc!2sIsokenk%C3%A4isten%20Klubi%20Oy!5e0!3m2!1sfi!2sfi!4v1601965487718!5m2!1sfi!2sfi\" width=\"100%\" height=\"650\" frameborder=\"0\" style=\"border:0;\" allowfullscreen=\"\" aria-hidden=\"false\" tabindex=\"0\"><\/iframe><\/div>\n<p><!-- {\"type\":\"layout\",\"children\":[{\"type\":\"section\",\"props\":{\"style\":\"default\",\"width\":\"default\",\"vertical_align\":\"middle\",\"title_position\":\"top-left\",\"title_rotation\":\"left\",\"title_breakpoint\":\"xl\",\"image_position\":\"center-center\"},\"children\":[{\"type\":\"row\",\"children\":[{\"type\":\"column\",\"props\":{\"image_position\":\"center-center\",\"media_overlay_gradient\":\"\",\"width_medium\":\"1-2\"},\"children\":[{\"type\":\"image\",\"props\":{\"margin\":\"default\",\"image_svg_color\":\"emphasis\",\"image\":\"wp-content\\\/uploads\\\/2020\\\/09\\\/ikk-katja-sirpa.jpg\",\"image_alt\":\"Sirpa ja Katja\",\"text_align\":\"center\"}},{\"type\":\"quotation\",\"props\":{\"content\":\"\n\n<p><em>Tervetuloa Kuusamoon!<\\\/em><br \\\/><em>Toivottavat Sirpa &amp; Katja<\\\/em><\\\/p>\",\"text_align\":\"center\"}},{\"type\":\"list\",\"props\":{\"show_image\":true,\"show_link\":true,\"list_element\":\"ul\",\"column_breakpoint\":\"m\",\"image_svg_color\":\"emphasis\",\"image_align\":\"left\",\"image_vertical_align\":true,\"icon_width\":\"28\"},\"children\":[{\"type\":\"list_item\",\"props\":{\"content\":\"\n\n<p><span class=\\\"contact-street\\\">Heikinj\\u00e4rventie 3<br \\\/><\\\/span><span class=\\\"contact-suburb\\\">93800 Kuusamo<br \\\/><\\\/span><span class=\\\"contact-country\\\">Finland<\\\/span><\\\/p>\",\"icon\":\"location\",\"link\":\"https:\\\/\\\/goo.gl\\\/maps\\\/by1SUG4s19sJAk6g7\",\"link_target\":true}},{\"type\":\"list_item\",\"props\":{\"content\":\"\n\n<p><span class=\\\"contact-telephone\\\">Sirpa K\\u00e4m\\u00e4r\\u00e4inen (ravintola) +358 40 706 6839<\\\/span><\\\/p>\",\"icon\":\"receiver\",\"link\":\"tel:+358407066839\"}},{\"type\":\"list_item\",\"props\":{\"content\":\"\n\n<p><span class=\\\"contact-fax\\\">Katja Vira (myynti) +358 400 972 260<\\\/span><\\\/p>\",\"link\":\"tel:+358400972260\",\"icon\":\"receiver\"}},{\"type\":\"list_item\",\"props\":{\"content\":\"\n\n<p><span class=\\\"contact-mobile\\\">info@ikk.fi<\\\/span><\\\/p>\",\"link\":\"mailto:info@ikk.fi\",\"icon\":\"mail\"}}]}]},{\"type\":\"column\",\"props\":{\"image_position\":\"center-center\",\"media_overlay_gradient\":\"\",\"width_medium\":\"1-2\"},\"children\":[{\"type\":\"headline\",\"props\":{\"title_element\":\"h3\",\"content\":\"Ota yhteytt\\u00e4\",\"title_style\":\"h3\",\"title_decoration\":\"divider\"}},{\"type\":\"text\",\"props\":{\"margin\":\"default\",\"column_breakpoint\":\"m\",\"content\":\"\n\n<p>[wpforms id=\\\"657\\\"]<\\\/p>\"}}]}],\"props\":{\"layout\":\"1-2,1-2\"}}]},{\"type\":\"section\",\"props\":{\"style\":\"muted\",\"width\":\"expand\",\"vertical_align\":\"middle\",\"title_position\":\"top-left\",\"title_rotation\":\"left\",\"title_breakpoint\":\"xl\",\"image_position\":\"center-center\"},\"children\":[{\"type\":\"row\",\"props\":{\"layout\":\"large,expand\"},\"children\":[{\"type\":\"column\",\"props\":{\"image_position\":\"center-center\",\"media_overlay_gradient\":\"\",\"width_medium\":\"large\"},\"children\":[{\"type\":\"text\",\"props\":{\"margin\":\"default\",\"column_breakpoint\":\"m\",\"content\":\"\n\n<h1 class=\\\"uk-margin-large-top uk-margin-remove-bottom uk-article-title\\\">Suositeltu ajoreitti<\\\/h1>\\n\n\n<div class=\\\"uk-margin-medium-top\\\">\\n\n\n<p><strong>Kuusamon keskustasta<\\\/strong>, matka 45 km noin 30-45 min. Viitostielt\\u00e4tielt\\u00e4, Nesteen (Wetterin) huoltoasemalta (liikenneympyr\\u00e4) Vuotungintiet\\u00e4 noin 30 km<br \\\/>-&gt; oikealle Kuntij\\u00e4rventiet\\u00e4 10 km<br \\\/>-&gt; oikealle S\\u00e4rkiluomaan 3 km<br \\\/>-&gt; vasemmalle 300 m<\\\/p>\\n\n\n<p>\\u2028<strong>Rukan keskusaukiolta<\\\/strong>, matka 41,5 km noin 30-45 min.<br \\\/>Rukan keskusaukiolta Rukatunturintiet\\u00e4 1,4 km\\u00a0<br \\\/>-&gt; K\\u00e4\\u00e4nny vasemmalle Rukaj\\u00e4rventielle 2,3 km<br \\\/>-&gt; K\\u00e4\\u00e4nny vasemmalle Tahkolanrannantielle 12,5 km<br \\\/>-&gt; K\\u00e4\\u00e4nny oikealle Virkkulantielle 10,9 km<br \\\/>-&gt; K\\u00e4\\u00e4nny vasemmalle Vuotungintielle 0,4 km<br \\\/>-&gt; K\\u00e4\\u00e4nny oikealle Kuntij\\u00e4rventielle 10,1 km<br \\\/>-&gt; K\\u00e4\\u00e4nny oikealle S\\u00e4rkiluomantielle 2,9 km<br \\\/>-&gt; K\\u00e4\\u00e4nny vasemmalle kohdassa Heikinj\\u00e4rventielle 0,7 km<\\\/p>\\n\n\n<p><strong>Kuusamon Pes\\u00e4koloon<\\\/strong>\\u00a0Kuusamon keskustasta<br \\\/>Viitostielt\\u00e4, Nesteen (Wetterin) huoltoasemalta (liikenneympyr\\u00e4) Vuotungintiet\\u00e4 25,5 km M\\u00e4\\u00e4tt\\u00e4l\\u00e4nvaaraan<br \\\/>-&gt; oikealle Kiviper\\u00e4ntiet\\u00e4 12,5 km Kiviper\\u00e4\\u00e4n<br \\\/>-&gt; oikealle keltaisen maalaistalon pihaan<\\\/p>\\n<\\\/div>\",\"block_align\":\"center\"}}]},{\"type\":\"column\",\"props\":{\"image_position\":\"center-center\",\"media_overlay_gradient\":\"\",\"width_medium\":\"expand\",\"vertical_align\":\"middle\"},\"children\":[{\"type\":\"text\",\"props\":{\"margin\":\"default\",\"column_breakpoint\":\"m\",\"content\":\"<iframe src=\\\"https:\\\/\\\/www.google.com\\\/maps\\\/embed?pb=!1m18!1m12!1m3!1d41744.706392086046!2d29.778002952062884!3d66.10458436704413!2m3!1f0!2f0!3f0!3m2!1i1024!2i768!4f13.1!3m3!1m2!1s0x442eb58b8d5643f3%3A0x452710c959b7bcbc!2sIsokenk%C3%A4isten%20Klubi%20Oy!5e0!3m2!1sfi!2sfi!4v1601965487718!5m2!1sfi!2sfi\\\" width=\\\"100%\\\" height=\\\"650\\\" frameborder=\\\"0\\\" style=\\\"border:0;\\\" allowfullscreen=\\\"\\\" aria-hidden=\\\"false\\\" tabindex=\\\"0\\\"><\\\/iframe>\"}}]}]}]}],\"version\":\"2.2.5\"} --><\/p>\n","protected":false},"excerpt":{"rendered":"<p>Tervetuloa Kuusamoon!Toivottavat Sirpa &amp; Katja Heikinj\u00e4rventie 393800 KuusamoFinland Sirpa K\u00e4m\u00e4r\u00e4inen (ravintola) +358 40 706 6839 Katja Vira (myynti) +358 400 972 260 info@ikk.fi Ota yhteytt\u00e4 Suositeltu ajoreitti Kuusamon keskustasta, matka 45 km noin 30-45 min. Viitostielt\u00e4tielt\u00e4, Nesteen (Wetterin) huoltoasemalta (liikenneympyr\u00e4) Vuotungintiet\u00e4 noin 30 km-&gt; oikealle Kuntij\u00e4rventiet\u00e4 10 km-&gt; oikealle S\u00e4rkiluomaan 3 km-&gt; vasemmalle 300 m [&hellip;]<\/p>\n","protected":false},"author":1,"featured_media":447,"parent":0,"menu_order":0,"comment_status":"closed","ping_status":"closed","template":"","meta":{"footnotes":""},"class_list":["post-36","page","type-page","status-publish","has-post-thumbnail","hentry"],"yoast_head":"<title>Ota yhteytt\u00e4 - Isokenk\u00e4isten Klubi, Kuusamo<\/title>\n<meta name=\"description\" content=\"Isokenk\u00e4isten Klubin yhteystiedot.\" \/>\n<meta name=\"robots\" content=\"index, follow, max-snippet:-1, max-image-preview:large, max-video-preview:-1\" \/>\n<link rel=\"canonical\" href=\"https:\/\/www.ikk.fi\/fi\/ota-yhteytta\/\" \/>\n<meta property=\"og:locale\" content=\"fi_FI\" \/>\n<meta property=\"og:type\" content=\"article\" \/>\n<meta property=\"og:title\" content=\"Ota yhteytt\u00e4\" \/>\n<meta property=\"og:description\" content=\"Isokenk\u00e4isten Klubin yhteystiedot.\" \/>\n<meta property=\"og:url\" content=\"https:\/\/www.ikk.fi\/fi\/ota-yhteytta\/\" \/>\n<meta property=\"og:site_name\" content=\"Isokenk\u00e4isten Klubi, Kuusamo\" \/>\n<meta property=\"article:publisher\" content=\"https:\/\/www.facebook.com\/isokenkaistenklubi\" \/>\n<meta property=\"article:modified_time\" content=\"2025-11-19T08:15:23+00:00\" \/>\n<meta property=\"og:image\" content=\"https:\/\/www.ikk.fi\/wp-content\/uploads\/2020\/10\/Sirpa-ja-Katja.jpg\" \/>\n\t<meta property=\"og:image:width\" content=\"480\" \/>\n\t<meta property=\"og:image:height\" content=\"365\" \/>\n\t<meta property=\"og:image:type\" content=\"image\/jpeg\" \/>\n<meta name=\"twitter:card\" content=\"summary_large_image\" \/>\n<meta name=\"twitter:label1\" content=\"Arvioitu lukuaika\" \/>\n\t<meta name=\"twitter:data1\" content=\"2 minuuttia\" \/>\n<script type=\"application\/ld+json\" class=\"yoast-schema-graph\">{\"@context\":\"https:\/\/schema.org\",\"@graph\":[{\"@type\":[\"WebPage\",\"ContactPage\"],\"@id\":\"https:\/\/www.ikk.fi\/fi\/ota-yhteytta\/\",\"url\":\"https:\/\/www.ikk.fi\/fi\/ota-yhteytta\/\",\"name\":\"Ota yhteytt\u00e4 - Isokenk\u00e4isten Klubi, Kuusamo\",\"isPartOf\":{\"@id\":\"https:\/\/www.ikk.fi\/fi\/#website\"},\"primaryImageOfPage\":{\"@id\":\"https:\/\/www.ikk.fi\/fi\/ota-yhteytta\/#primaryimage\"},\"image\":{\"@id\":\"https:\/\/www.ikk.fi\/fi\/ota-yhteytta\/#primaryimage\"},\"thumbnailUrl\":\"https:\/\/www.ikk.fi\/wp-content\/uploads\/2020\/10\/Sirpa-ja-Katja.jpg\",\"datePublished\":\"2020-09-10T11:55:31+00:00\",\"dateModified\":\"2025-11-19T08:15:23+00:00\",\"description\":\"Isokenk\u00e4isten Klubin yhteystiedot.\",\"breadcrumb\":{\"@id\":\"https:\/\/www.ikk.fi\/fi\/ota-yhteytta\/#breadcrumb\"},\"inLanguage\":\"fi\",\"potentialAction\":[{\"@type\":\"ReadAction\",\"target\":[\"https:\/\/www.ikk.fi\/fi\/ota-yhteytta\/\"]}]},{\"@type\":\"ImageObject\",\"inLanguage\":\"fi\",\"@id\":\"https:\/\/www.ikk.fi\/fi\/ota-yhteytta\/#primaryimage\",\"url\":\"https:\/\/www.ikk.fi\/wp-content\/uploads\/2020\/10\/Sirpa-ja-Katja.jpg\",\"contentUrl\":\"https:\/\/www.ikk.fi\/wp-content\/uploads\/2020\/10\/Sirpa-ja-Katja.jpg\",\"width\":480,\"height\":365},{\"@type\":\"BreadcrumbList\",\"@id\":\"https:\/\/www.ikk.fi\/fi\/ota-yhteytta\/#breadcrumb\",\"itemListElement\":[{\"@type\":\"ListItem\",\"position\":1,\"name\":\"Etusivu\",\"item\":\"https:\/\/www.ikk.fi\/fi\/\"},{\"@type\":\"ListItem\",\"position\":2,\"name\":\"Ota yhteytt\u00e4\"}]},{\"@type\":\"WebSite\",\"@id\":\"https:\/\/www.ikk.fi\/fi\/#website\",\"url\":\"https:\/\/www.ikk.fi\/fi\/\",\"name\":\"Isokenk\u00e4isten Klubi, Kuusamo, Finland\",\"description\":\"Wilderness Lodges &amp; Wild Food Kitchen\",\"publisher\":{\"@id\":\"https:\/\/www.ikk.fi\/fi\/#organization\"},\"potentialAction\":[{\"@type\":\"SearchAction\",\"target\":{\"@type\":\"EntryPoint\",\"urlTemplate\":\"https:\/\/www.ikk.fi\/fi\/?s={search_term_string}\"},\"query-input\":{\"@type\":\"PropertyValueSpecification\",\"valueRequired\":true,\"valueName\":\"search_term_string\"}}],\"inLanguage\":\"fi\"},{\"@type\":[\"Organization\",\"Place\",\"LocalBusiness\"],\"@id\":\"https:\/\/www.ikk.fi\/fi\/#organization\",\"name\":\"Isokenk\u00e4isten Klubi\",\"url\":\"https:\/\/www.ikk.fi\/fi\/\",\"logo\":{\"@id\":\"https:\/\/www.ikk.fi\/fi\/ota-yhteytta\/#local-main-organization-logo\"},\"image\":{\"@id\":\"https:\/\/www.ikk.fi\/fi\/ota-yhteytta\/#local-main-organization-logo\"},\"sameAs\":[\"https:\/\/www.facebook.com\/isokenkaistenklubi\",\"https:\/\/www.instagram.com\/isokenkaistenklubi\",\"https:\/\/www.youtube.com\/channel\/UCDf0w2yqjK2HZGZ73goZv9A\"],\"address\":{\"@id\":\"https:\/\/www.ikk.fi\/fi\/ota-yhteytta\/#local-main-place-address\"},\"geo\":{\"@type\":\"GeoCoordinates\",\"latitude\":\"66.10118626498216\",\"longitude\":\"29.838358906747683\"},\"telephone\":[\"+358400972260\",\"+358407066839\"],\"openingHoursSpecification\":[],\"email\":\"info@ikk.fi\",\"areaServed\":\"Kuusamo\"},{\"@type\":\"PostalAddress\",\"@id\":\"https:\/\/www.ikk.fi\/fi\/ota-yhteytta\/#local-main-place-address\",\"streetAddress\":\"Heikinj\u00e4rventie 3\",\"addressLocality\":\"Kuusamo\",\"postalCode\":\"93800\",\"addressCountry\":\"FI\"},{\"@type\":\"ImageObject\",\"inLanguage\":\"fi\",\"@id\":\"https:\/\/www.ikk.fi\/fi\/ota-yhteytta\/#local-main-organization-logo\",\"url\":\"https:\/\/www.ikk.fi\/wp-content\/uploads\/2020\/10\/ikk-logo-vari-ilman-puita-pieni.png\",\"contentUrl\":\"https:\/\/www.ikk.fi\/wp-content\/uploads\/2020\/10\/ikk-logo-vari-ilman-puita-pieni.png\",\"width\":300,\"height\":99,\"caption\":\"Isokenk\u00e4isten Klubi\"}]}<\/script>\n<meta name=\"geo.placename\" content=\"Kuusamo\" \/>\n<meta name=\"geo.position\" content=\"66.10118626498216;29.838358906747683\" \/>\n<meta name=\"geo.region\" content=\"Suomi\" \/>","yoast_head_json":{"title":"Ota yhteytt\u00e4 - Isokenk\u00e4isten Klubi, Kuusamo","description":"Isokenk\u00e4isten Klubin yhteystiedot.","robots":{"index":"index","follow":"follow","max-snippet":"max-snippet:-1","max-image-preview":"max-image-preview:large","max-video-preview":"max-video-preview:-1"},"canonical":"https:\/\/www.ikk.fi\/fi\/ota-yhteytta\/","og_locale":"fi_FI","og_type":"article","og_title":"Ota yhteytt\u00e4","og_description":"Isokenk\u00e4isten Klubin yhteystiedot.","og_url":"https:\/\/www.ikk.fi\/fi\/ota-yhteytta\/","og_site_name":"Isokenk\u00e4isten Klubi, Kuusamo","article_publisher":"https:\/\/www.facebook.com\/isokenkaistenklubi","article_modified_time":"2025-11-19T08:15:23+00:00","og_image":[{"width":480,"height":365,"url":"https:\/\/www.ikk.fi\/wp-content\/uploads\/2020\/10\/Sirpa-ja-Katja.jpg","type":"image\/jpeg"}],"twitter_card":"summary_large_image","twitter_misc":{"Arvioitu lukuaika":"2 minuuttia"},"schema":{"@context":"https:\/\/schema.org","@graph":[{"@type":["WebPage","ContactPage"],"@id":"https:\/\/www.ikk.fi\/fi\/ota-yhteytta\/","url":"https:\/\/www.ikk.fi\/fi\/ota-yhteytta\/","name":"Ota yhteytt\u00e4 - Isokenk\u00e4isten Klubi, Kuusamo","isPartOf":{"@id":"https:\/\/www.ikk.fi\/fi\/#website"},"primaryImageOfPage":{"@id":"https:\/\/www.ikk.fi\/fi\/ota-yhteytta\/#primaryimage"},"image":{"@id":"https:\/\/www.ikk.fi\/fi\/ota-yhteytta\/#primaryimage"},"thumbnailUrl":"https:\/\/www.ikk.fi\/wp-content\/uploads\/2020\/10\/Sirpa-ja-Katja.jpg","datePublished":"2020-09-10T11:55:31+00:00","dateModified":"2025-11-19T08:15:23+00:00","description":"Isokenk\u00e4isten Klubin yhteystiedot.","breadcrumb":{"@id":"https:\/\/www.ikk.fi\/fi\/ota-yhteytta\/#breadcrumb"},"inLanguage":"fi","potentialAction":[{"@type":"ReadAction","target":["https:\/\/www.ikk.fi\/fi\/ota-yhteytta\/"]}]},{"@type":"ImageObject","inLanguage":"fi","@id":"https:\/\/www.ikk.fi\/fi\/ota-yhteytta\/#primaryimage","url":"https:\/\/www.ikk.fi\/wp-content\/uploads\/2020\/10\/Sirpa-ja-Katja.jpg","contentUrl":"https:\/\/www.ikk.fi\/wp-content\/uploads\/2020\/10\/Sirpa-ja-Katja.jpg","width":480,"height":365},{"@type":"BreadcrumbList","@id":"https:\/\/www.ikk.fi\/fi\/ota-yhteytta\/#breadcrumb","itemListElement":[{"@type":"ListItem","position":1,"name":"Etusivu","item":"https:\/\/www.ikk.fi\/fi\/"},{"@type":"ListItem","position":2,"name":"Ota yhteytt\u00e4"}]},{"@type":"WebSite","@id":"https:\/\/www.ikk.fi\/fi\/#website","url":"https:\/\/www.ikk.fi\/fi\/","name":"Isokenk\u00e4isten Klubi, Kuusamo, Finland","description":"Wilderness Lodges &amp; Wild Food Kitchen","publisher":{"@id":"https:\/\/www.ikk.fi\/fi\/#organization"},"potentialAction":[{"@type":"SearchAction","target":{"@type":"EntryPoint","urlTemplate":"https:\/\/www.ikk.fi\/fi\/?s={search_term_string}"},"query-input":{"@type":"PropertyValueSpecification","valueRequired":true,"valueName":"search_term_string"}}],"inLanguage":"fi"},{"@type":["Organization","Place","LocalBusiness"],"@id":"https:\/\/www.ikk.fi\/fi\/#organization","name":"Isokenk\u00e4isten Klubi","url":"https:\/\/www.ikk.fi\/fi\/","logo":{"@id":"https:\/\/www.ikk.fi\/fi\/ota-yhteytta\/#local-main-organization-logo"},"image":{"@id":"https:\/\/www.ikk.fi\/fi\/ota-yhteytta\/#local-main-organization-logo"},"sameAs":["https:\/\/www.facebook.com\/isokenkaistenklubi","https:\/\/www.instagram.com\/isokenkaistenklubi","https:\/\/www.youtube.com\/channel\/UCDf0w2yqjK2HZGZ73goZv9A"],"address":{"@id":"https:\/\/www.ikk.fi\/fi\/ota-yhteytta\/#local-main-place-address"},"geo":{"@type":"GeoCoordinates","latitude":"66.10118626498216","longitude":"29.838358906747683"},"telephone":["+358400972260","+358407066839"],"openingHoursSpecification":[],"email":"info@ikk.fi","areaServed":"Kuusamo"},{"@type":"PostalAddress","@id":"https:\/\/www.ikk.fi\/fi\/ota-yhteytta\/#local-main-place-address","streetAddress":"Heikinj\u00e4rventie 3","addressLocality":"Kuusamo","postalCode":"93800","addressCountry":"FI"},{"@type":"ImageObject","inLanguage":"fi","@id":"https:\/\/www.ikk.fi\/fi\/ota-yhteytta\/#local-main-organization-logo","url":"https:\/\/www.ikk.fi\/wp-content\/uploads\/2020\/10\/ikk-logo-vari-ilman-puita-pieni.png","contentUrl":"https:\/\/www.ikk.fi\/wp-content\/uploads\/2020\/10\/ikk-logo-vari-ilman-puita-pieni.png","width":300,"height":99,"caption":"Isokenk\u00e4isten Klubi"}]},"geo.placename":"Kuusamo","geo.position":{"lat":"66.10118626498216","long":"29.838358906747683"},"geo.region":"Suomi"},"_links":{"self":[{"href":"https:\/\/www.ikk.fi\/fi\/wp-json\/wp\/v2\/pages\/36","targetHints":{"allow":["GET"]}}],"collection":[{"href":"https:\/\/www.ikk.fi\/fi\/wp-json\/wp\/v2\/pages"}],"about":[{"href":"https:\/\/www.ikk.fi\/fi\/wp-json\/wp\/v2\/types\/page"}],"author":[{"embeddable":true,"href":"https:\/\/www.ikk.fi\/fi\/wp-json\/wp\/v2\/users\/1"}],"replies":[{"embeddable":true,"href":"https:\/\/www.ikk.fi\/fi\/wp-json\/wp\/v2\/comments?post=36"}],"version-history":[{"count":1,"href":"https:\/\/www.ikk.fi\/fi\/wp-json\/wp\/v2\/pages\/36\/revisions"}],"predecessor-version":[{"id":9065,"href":"https:\/\/www.ikk.fi\/fi\/wp-json\/wp\/v2\/pages\/36\/revisions\/9065"}],"wp:featuredmedia":[{"embeddable":true,"href":"https:\/\/www.ikk.fi\/fi\/wp-json\/wp\/v2\/media\/447"}],"wp:attachment":[{"href":"https:\/\/www.ikk.fi\/fi\/wp-json\/wp\/v2\/media?parent=36"}],"curies":[{"name":"wp","href":"https:\/\/api.w.org\/{rel}","templated":true}]}}