{"id":3,"date":"2020-09-09T13:44:54","date_gmt":"2020-09-09T10:44:54","guid":{"rendered":"http:\/\/davas.site\/ikk\/?page_id=3"},"modified":"2020-12-12T10:02:53","modified_gmt":"2020-12-12T08:02:53","slug":"tietosuojaseloste","status":"publish","type":"page","link":"https:\/\/www.ikk.fi\/fi\/tietosuojaseloste\/","title":{"rendered":"Tietosuojaseloste"},"content":{"rendered":"<h2>Isokenk\u00e4isten Klubi ay:n tietosuojaseloste<\/h2>\r\n<p>Rekisterinpit\u00e4j\u00e4ll\u00e4 on tietosuoja-asetuksen mukaan velvollisuus informoida selke\u00e4ll\u00e4 tavalla rekister\u00f6ityj\u00e4. T\u00e4m\u00e4 seloste t\u00e4ytt\u00e4\u00e4 informointivelvoitteen.<\/p>\r\n<h2>1. Rekisterinpit\u00e4j\u00e4<\/h2>\r\n<p>Isokenk\u00e4isten Klubi ay Yhteystiedot: Heikinj\u00e4rventie 3, 93800 Kuusamo<\/p>\r\n<p>Yhteystiedot rekisteri\u00e4 koskevissa asioissa: Isokenk\u00e4isten Klubi ay \/ Katja Vira, Heikinj\u00e4rventie 3, 93800 Kuusamo, +358\u00a0400 9722 60,\u00a0<span id=\"cloak517caade3e537bd5878cc15ad0464476\"><a href=\"mailto:info@ikk.fi\">info@ikk.fi<\/a><\/span><\/p>\r\n<h2>2. Rekister\u00f6idyt<\/h2>\r\n<p>Nettisivujen, online-kaupan sek\u00e4 puhelin- ja s\u00e4hk\u00f6postimyynnin kautta saadut asiakaskontaktit.<\/p>\r\n<h2>3. Henkil\u00f6tietojen k\u00e4ytt\u00f6tarkoitus<\/h2>\r\n<p>Rekisterin pit\u00e4j\u00e4 k\u00e4sittelee asiakkaiden tietoja seuraavia tarkoituksia varten:<\/p>\r\n<ul type=\"disc\">\r\n<li>asiakassuhteen perustaminen ja hoito<\/li>\r\n<li>rekisterin pit\u00e4j\u00e4n palveluiden tarjoaminen asiakkaille<\/li>\r\n<li>varausten hoitaminen (esim. varausvahvistuksen ja laskujen v\u00e4litt\u00e4minen asiakkaalle s\u00e4hk\u00f6postilla, maksujen valvonta ja perint\u00e4)<\/li>\r\n<li>rekisterinpit\u00e4j\u00e4n liiketoiminnan kehitt\u00e4minen sek\u00e4 asiakaspalvelun kehitt\u00e4minen<\/li>\r\n<li>suoramarkkinointi s\u00e4hk\u00f6postilla<\/li>\r\n<\/ul>\r\n<p>Rekisterinpit\u00e4j\u00e4 ei luovuta henkil\u00f6tietoja ulkopuolisille markkinointitarkoituksiin\/tutkimuksiin.<\/p>\r\n<h2>4. Rekisteriin tallennettavat henkil\u00f6tiedot<\/h2>\r\n<p>Asiakasrekisteri sis\u00e4lt\u00e4\u00e4 seuraavat tiedot: Yhteystiedot<\/p>\r\n<ul type=\"disc\">\r\n<li>nimi<\/li>\r\n<li>osoite<\/li>\r\n<li>s\u00e4hk\u00f6posti<\/li>\r\n<li>puhelinnumero<\/li>\r\n<\/ul>\r\n<p>Asiakastiedot<\/p>\r\n<ul type=\"disc\">\r\n<li>tiedot ostetuista tuotteista \/ palveluista (esim. tiedot aiemmin tehdyist\u00e4 ja tulevista varauksista)<\/li>\r\n<li>asiakkaan maksutapa- ja k\u00e4ytt\u00e4ytymistiedot (mm. maksuviitetiedot) sek\u00e4 laskutustiedot<\/li>\r\n<li>lains\u00e4\u00e4d\u00e4nn\u00f6n mukaiset suoramainonnan kieltotiedot<\/li>\r\n<li>asiakaspalautetiedot; asiakkaiden tyytyv\u00e4isyystiedot, palaute rekisterinpit\u00e4j\u00e4n palveluista ja muut asiakkaan suostumuksella saadut tiedot. Nettisivujen kautta \/s\u00e4hk\u00f6postilla saatu palaute. Asiakastyytyv\u00e4isyystutkimusten tulokset.<\/li>\r\n<li>tieto kuulumisesta rekisterinpit\u00e4j\u00e4n ja sen kanssa yhteisty\u00f6sopimuksen tehneiden yritysten asiakas- ja vastaaviin j\u00e4rjestelmiin.<\/li>\r\n<li>muut asiakkaan suostumuksella ker\u00e4tt\u00e4v\u00e4t tiedot (esim. asiakkaan ilmoittama liikuntarajoite tai sairaus, joka on tarpeellinen h\u00e4nen pyyt\u00e4m\u00e4ns\u00e4 palvelun toteuttamiseksi).<\/li>\r\n<\/ul>\r\n<p>&nbsp;<\/p>\r\n<h2>5. S\u00e4\u00e4nn\u00f6nmukaiset tietol\u00e4hteet<\/h2>\r\n<p>Tietoja ker\u00e4t\u00e4\u00e4n k\u00e4ytt\u00e4jilt\u00e4 itselt\u00e4 t\u00e4m\u00e4n rekister\u00f6ityess\u00e4 palveluun, k\u00e4ytt\u00e4ess\u00e4 palvelua tai osallistuessa muutoin www-sivulla toteutettuun tietoja edellytt\u00e4v\u00e4\u00e4n toimintoon tai antaessaan tietoja puhelin, s\u00e4hk\u00f6posti tai tiskilt\u00e4 myyntitilanteessa. T\u00e4m\u00e4n lis\u00e4ksi tietoja voidaan ker\u00e4t\u00e4 asiakaspalautelomakkeelta.<\/p>\r\n<h2>6. S\u00e4\u00e4nn\u00f6nmukaiset tietojen luovutukset<\/h2>\r\n<p>Tietoja ei p\u00e4\u00e4s\u00e4\u00e4nt\u00f6isesti luovuteta markkinointitarkoituksiin Isokenk\u00e4isten Klubi ay:n ulkopuolelle. Pyydett\u00e4ess\u00e4 asiakastietoja luovutetaan lain m\u00e4\u00e4r\u00e4\u00e4mille viranomaisille.<\/p>\r\n<h2>7. K\u00e4sittelyn kesto<\/h2>\r\n<p>Henkil\u00f6tietoja k\u00e4sitell\u00e4\u00e4n p\u00e4\u00e4s\u00e4\u00e4nt\u00f6isesti niin kauan, kuin asiakkuus on voimassa.<\/p>\r\n<h2>8. Henkil\u00f6tietojen k\u00e4sittelij\u00e4t<\/h2>\r\n<p>Rekisterinpit\u00e4j\u00e4 ja t\u00e4m\u00e4n ty\u00f6ntekij\u00e4t k\u00e4sittelev\u00e4t henkil\u00f6tietoja. Voimme my\u00f6s ulkoistaa henkil\u00f6tietojen k\u00e4sittelyn osittain kolmannelle osapuolelle, jolloin takaamme sopimusj\u00e4rjestelyin, ett\u00e4 henkil\u00f6tietoja k\u00e4sitell\u00e4\u00e4n voimassa olevan tietosuojalains\u00e4\u00e4d\u00e4nn\u00f6n mukaisesti ja muutoin asianmukaisesti.<\/p>\r\n<h2>9. Tietojen luovutukset ja tietojen siirto EU:n tai Euroopan talousalueen ulkopuolelle<\/h2>\r\n<p>Henkil\u00f6tietoja ei siirret\u00e4 EU:n tai Euroopan talousalueen ulkopuolelle.<\/p>\r\n<h2>10. Rekisterin suojausperiaatteet<\/h2>\r\n<p>Rekisterin k\u00e4sittelyss\u00e4 noudatetaan huolellisuutta ja tietoj\u00e4rjestelmien avulla k\u00e4sitelt\u00e4v\u00e4t tiedot suojataan asianmukaisesti. Kun rekisteritietoja s\u00e4ilytet\u00e4\u00e4n Internet-palvelimilla, niiden laitteiston fyysisest\u00e4 ja digitaalisesta tietoturvasta huolehditaan asiaankuuluvasti (salattu datayhteys). Jos palvelimelle tallennetusta rekisterist\u00e4 tulostetaan manuaalista aineistoa, aineisto s\u00e4ilytet\u00e4\u00e4n lukitussa tilassa. Ainoastaan rekisterinpit\u00e4j\u00e4ll\u00e4 sek\u00e4 lain m\u00e4\u00e4r\u00e4\u00e4mill\u00e4 viranomaisilla on k\u00e4ytt\u00f6oikeus aineistoon.<\/p>\r\n<h2>11. Rekister\u00f6idyn oikeudet<\/h2>\r\n<p>Rekister\u00f6idyll\u00e4 on oikeus kielt\u00e4\u00e4 rekisterinpit\u00e4j\u00e4\u00e4 k\u00e4sittelem\u00e4st\u00e4 h\u00e4nt\u00e4 itse\u00e4\u00e4n koskevia tietoja suoramainontaan, et\u00e4myynti\u00e4 ja muuta suoramarkkinointia varten. Kielto tulee tehd\u00e4 kirjallisesti \/ s- postitse ja osoittaa rekisteriasioista vastaavalle henkil\u00f6lle. Rekister\u00f6idyll\u00e4 on oikeus tarkastaa h\u00e4nest\u00e4 rekisteriin tallennetut tiedot sek\u00e4 vaatia virheellisen tiedon korjaamista ja\/tai puutteellisen tiedon t\u00e4ydent\u00e4mist\u00e4. Rekister\u00f6idyll\u00e4 on my\u00f6s oikeus pyyt\u00e4\u00e4 h\u00e4nt\u00e4 koskevien henkil\u00f6tietojen poistoa \u201coikeus tulla unohdetuksi\u201d. Yll\u00e4 mainituista asioista rekister\u00f6idyn tulee ottaa yhteytt\u00e4 rekisterinpit\u00e4j\u00e4\u00e4n kirjallisesti,\u00a0<span id=\"cloak9d6ec252be9e76e75a963bf900eca806\"><a href=\"mailto:info@ikk.fi\">info@ikk.fi<\/a><\/span>. K\u00e4sittelemme poistopyynn\u00f6n, jonka j\u00e4lkeen joko poistamme tiedot tai ilmoitamme perustellun syyn, miksi tietoja ei voida poistaa. On huomioitava, ett\u00e4 rekisterinpit\u00e4j\u00e4ll\u00e4 voi olla lakis\u00e4\u00e4teinen tai muu oikeus olla poistamatta pyydetty\u00e4 tietoa. Esim. rekisterinpit\u00e4j\u00e4ll\u00e4 on velvollisuus s\u00e4ilytt\u00e4\u00e4 kirjapitoaineisto Kirjanpitolaissa (luku 2,10\u00a7) m\u00e4\u00e4ritellyn ajan (10 vuotta) mukaisesti.<\/p>\r\n<h2>12. Ev\u00e4steet engl. cookies<\/h2>\r\n<p>Rekisterinpit\u00e4j\u00e4 k\u00e4ytt\u00e4\u00e4 sivuillaan ev\u00e4steit\u00e4. Ev\u00e4steet ovat pieni\u00e4 tiedostoja, jotka tallennetaan asiakkaan tietokoneelle. Kun vierailet sivustolla seuraavan kerran, selaimesi lukee ev\u00e4steen ja v\u00e4litt\u00e4\u00e4 tiedot takaisin verkkosivulle tai kohteelle, joka asetti ev\u00e4steen. Ev\u00e4steit\u00e4 k\u00e4ytet\u00e4\u00e4n mm. tilastointiin, k\u00e4ytt\u00f6kokemuksen parantamiseen sek\u00e4 mainonnan kohdentamiseen. Ev\u00e4steet voi poistaa k\u00e4yt\u00f6st\u00e4 muuttamalla selaimen asetuksia. Ev\u00e4steiden k\u00e4yt\u00f6st\u00e4 poistaminen voi heikent\u00e4\u00e4 palvelun toimivuutta ja k\u00e4ytt\u00f6kokemusta. K\u00e4ytt\u00e4m\u00e4ll\u00e4 verkkopalveluamme asiakas hyv\u00e4ksyy ev\u00e4steiden k\u00e4yt\u00f6n. Rekisterinpit\u00e4j\u00e4 k\u00e4ytt\u00e4\u00e4 kolmansien osapuolien tarjoamia seurantaj\u00e4rjestelmi\u00e4 (esim. Google Analytics, Google Adwords), jotka k\u00e4ytt\u00e4v\u00e4t my\u00f6s ev\u00e4steit\u00e4. N\u00e4m\u00e4 ev\u00e4steet tallennetaan my\u00f6s asiakkaan koneelle ja ne mahdollistavat nettisivun k\u00e4yt\u00f6n analysoinnin. Ev\u00e4steiden kautta saadut tiedot rekisterinpit\u00e4j\u00e4n sivuston k\u00e4yt\u00f6st\u00e4 sis\u00e4lt\u00e4en IP-osoitteen siirret\u00e4\u00e4n ja tallennetaan kolmansien osapuolien serverille.<\/p>\r\n<!-- \/wp:post-content -->","protected":false},"excerpt":{"rendered":"<p>Isokenk\u00e4isten Klubi ay:n tietosuojaseloste Rekisterinpit\u00e4j\u00e4ll\u00e4 on tietosuoja-asetuksen mukaan velvollisuus informoida selke\u00e4ll\u00e4 tavalla rekister\u00f6ityj\u00e4. T\u00e4m\u00e4 seloste t\u00e4ytt\u00e4\u00e4 informointivelvoitteen. 1. Rekisterinpit\u00e4j\u00e4 Isokenk\u00e4isten Klubi ay Yhteystiedot: Heikinj\u00e4rventie 3, 93800 Kuusamo Yhteystiedot rekisteri\u00e4 koskevissa asioissa: Isokenk\u00e4isten Klubi ay \/ Katja Vira, Heikinj\u00e4rventie 3, 93800 Kuusamo, +358\u00a0400 9722 60,\u00a0info@ikk.fi 2. Rekister\u00f6idyt Nettisivujen, online-kaupan sek\u00e4 puhelin- ja s\u00e4hk\u00f6postimyynnin kautta saadut asiakaskontaktit. [&hellip;]<\/p>\n","protected":false},"author":1,"featured_media":0,"parent":0,"menu_order":0,"comment_status":"closed","ping_status":"open","template":"","meta":{"footnotes":""},"class_list":["post-3","page","type-page","status-publish","hentry"],"yoast_head":"<title>Tietosuojaseloste - Isokenk\u00e4isten Klubi, Kuusamo<\/title>\n<meta name=\"robots\" content=\"index, follow, max-snippet:-1, max-image-preview:large, max-video-preview:-1\" \/>\n<link rel=\"canonical\" href=\"https:\/\/www.ikk.fi\/fi\/tietosuojaseloste\/\" \/>\n<meta property=\"og:locale\" content=\"fi_FI\" \/>\n<meta property=\"og:type\" content=\"article\" \/>\n<meta property=\"og:title\" content=\"Tietosuojaseloste\" \/>\n<meta property=\"og:description\" content=\"Isokenk\u00e4isten Klubi ay:n tietosuojaseloste Rekisterinpit\u00e4j\u00e4ll\u00e4 on tietosuoja-asetuksen mukaan velvollisuus informoida selke\u00e4ll\u00e4 tavalla rekister\u00f6ityj\u00e4. T\u00e4m\u00e4 seloste t\u00e4ytt\u00e4\u00e4 informointivelvoitteen. 1. Rekisterinpit\u00e4j\u00e4 Isokenk\u00e4isten Klubi ay Yhteystiedot: Heikinj\u00e4rventie 3, 93800 Kuusamo Yhteystiedot rekisteri\u00e4 koskevissa asioissa: Isokenk\u00e4isten Klubi ay \/ Katja Vira, Heikinj\u00e4rventie 3, 93800 Kuusamo, +358\u00a0400 9722 60,\u00a0info@ikk.fi 2. Rekister\u00f6idyt Nettisivujen, online-kaupan sek\u00e4 puhelin- ja s\u00e4hk\u00f6postimyynnin kautta saadut asiakaskontaktit. [&hellip;]\" \/>\n<meta property=\"og:url\" content=\"https:\/\/www.ikk.fi\/fi\/tietosuojaseloste\/\" \/>\n<meta property=\"og:site_name\" content=\"Isokenk\u00e4isten Klubi, Kuusamo\" \/>\n<meta property=\"article:publisher\" content=\"https:\/\/www.facebook.com\/isokenkaistenklubi\" \/>\n<meta property=\"article:modified_time\" content=\"2020-12-12T08:02:53+00:00\" \/>\n<meta name=\"twitter:card\" content=\"summary_large_image\" \/>\n<meta name=\"twitter:label1\" content=\"Arvioitu lukuaika\" \/>\n\t<meta name=\"twitter:data1\" content=\"4 minuuttia\" \/>\n<script type=\"application\/ld+json\" class=\"yoast-schema-graph\">{\"@context\":\"https:\/\/schema.org\",\"@graph\":[{\"@type\":\"WebPage\",\"@id\":\"https:\/\/www.ikk.fi\/fi\/tietosuojaseloste\/\",\"url\":\"https:\/\/www.ikk.fi\/fi\/tietosuojaseloste\/\",\"name\":\"Tietosuojaseloste - Isokenk\u00e4isten Klubi, Kuusamo\",\"isPartOf\":{\"@id\":\"https:\/\/www.ikk.fi\/fi\/#website\"},\"datePublished\":\"2020-09-09T10:44:54+00:00\",\"dateModified\":\"2020-12-12T08:02:53+00:00\",\"breadcrumb\":{\"@id\":\"https:\/\/www.ikk.fi\/fi\/tietosuojaseloste\/#breadcrumb\"},\"inLanguage\":\"fi\",\"potentialAction\":[{\"@type\":\"ReadAction\",\"target\":[\"https:\/\/www.ikk.fi\/fi\/tietosuojaseloste\/\"]}]},{\"@type\":\"BreadcrumbList\",\"@id\":\"https:\/\/www.ikk.fi\/fi\/tietosuojaseloste\/#breadcrumb\",\"itemListElement\":[{\"@type\":\"ListItem\",\"position\":1,\"name\":\"Etusivu\",\"item\":\"https:\/\/www.ikk.fi\/fi\/\"},{\"@type\":\"ListItem\",\"position\":2,\"name\":\"Tietosuojaseloste\"}]},{\"@type\":\"WebSite\",\"@id\":\"https:\/\/www.ikk.fi\/fi\/#website\",\"url\":\"https:\/\/www.ikk.fi\/fi\/\",\"name\":\"Isokenk\u00e4isten Klubi, Kuusamo, Finland\",\"description\":\"Wilderness Lodges &amp; Wild Food Kitchen\",\"publisher\":{\"@id\":\"https:\/\/www.ikk.fi\/fi\/#organization\"},\"potentialAction\":[{\"@type\":\"SearchAction\",\"target\":{\"@type\":\"EntryPoint\",\"urlTemplate\":\"https:\/\/www.ikk.fi\/fi\/?s={search_term_string}\"},\"query-input\":{\"@type\":\"PropertyValueSpecification\",\"valueRequired\":true,\"valueName\":\"search_term_string\"}}],\"inLanguage\":\"fi\"},{\"@type\":[\"Organization\",\"Place\",\"LocalBusiness\"],\"@id\":\"https:\/\/www.ikk.fi\/fi\/#organization\",\"name\":\"Isokenk\u00e4isten Klubi\",\"url\":\"https:\/\/www.ikk.fi\/fi\/\",\"logo\":{\"@id\":\"https:\/\/www.ikk.fi\/fi\/tietosuojaseloste\/#local-main-organization-logo\"},\"image\":{\"@id\":\"https:\/\/www.ikk.fi\/fi\/tietosuojaseloste\/#local-main-organization-logo\"},\"sameAs\":[\"https:\/\/www.facebook.com\/isokenkaistenklubi\",\"https:\/\/www.instagram.com\/isokenkaistenklubi\",\"https:\/\/www.youtube.com\/channel\/UCDf0w2yqjK2HZGZ73goZv9A\"],\"address\":{\"@id\":\"https:\/\/www.ikk.fi\/fi\/tietosuojaseloste\/#local-main-place-address\"},\"geo\":{\"@type\":\"GeoCoordinates\",\"latitude\":\"66.10118626498216\",\"longitude\":\"29.838358906747683\"},\"telephone\":[\"+358400972260\",\"+358407066839\"],\"openingHoursSpecification\":[],\"email\":\"info@ikk.fi\",\"areaServed\":\"Kuusamo\"},{\"@type\":\"PostalAddress\",\"@id\":\"https:\/\/www.ikk.fi\/fi\/tietosuojaseloste\/#local-main-place-address\",\"streetAddress\":\"Heikinj\u00e4rventie 3\",\"addressLocality\":\"Kuusamo\",\"postalCode\":\"93800\",\"addressCountry\":\"FI\"},{\"@type\":\"ImageObject\",\"inLanguage\":\"fi\",\"@id\":\"https:\/\/www.ikk.fi\/fi\/tietosuojaseloste\/#local-main-organization-logo\",\"url\":\"https:\/\/www.ikk.fi\/wp-content\/uploads\/2020\/10\/ikk-logo-vari-ilman-puita-pieni.png\",\"contentUrl\":\"https:\/\/www.ikk.fi\/wp-content\/uploads\/2020\/10\/ikk-logo-vari-ilman-puita-pieni.png\",\"width\":300,\"height\":99,\"caption\":\"Isokenk\u00e4isten Klubi\"}]}<\/script>\n<meta name=\"geo.placename\" content=\"Kuusamo\" \/>\n<meta name=\"geo.position\" content=\"66.10118626498216;29.838358906747683\" \/>\n<meta name=\"geo.region\" content=\"Suomi\" \/>","yoast_head_json":{"title":"Tietosuojaseloste - Isokenk\u00e4isten Klubi, Kuusamo","robots":{"index":"index","follow":"follow","max-snippet":"max-snippet:-1","max-image-preview":"max-image-preview:large","max-video-preview":"max-video-preview:-1"},"canonical":"https:\/\/www.ikk.fi\/fi\/tietosuojaseloste\/","og_locale":"fi_FI","og_type":"article","og_title":"Tietosuojaseloste","og_description":"Isokenk\u00e4isten Klubi ay:n tietosuojaseloste Rekisterinpit\u00e4j\u00e4ll\u00e4 on tietosuoja-asetuksen mukaan velvollisuus informoida selke\u00e4ll\u00e4 tavalla rekister\u00f6ityj\u00e4. T\u00e4m\u00e4 seloste t\u00e4ytt\u00e4\u00e4 informointivelvoitteen. 1. Rekisterinpit\u00e4j\u00e4 Isokenk\u00e4isten Klubi ay Yhteystiedot: Heikinj\u00e4rventie 3, 93800 Kuusamo Yhteystiedot rekisteri\u00e4 koskevissa asioissa: Isokenk\u00e4isten Klubi ay \/ Katja Vira, Heikinj\u00e4rventie 3, 93800 Kuusamo, +358\u00a0400 9722 60,\u00a0info@ikk.fi 2. Rekister\u00f6idyt Nettisivujen, online-kaupan sek\u00e4 puhelin- ja s\u00e4hk\u00f6postimyynnin kautta saadut asiakaskontaktit. [&hellip;]","og_url":"https:\/\/www.ikk.fi\/fi\/tietosuojaseloste\/","og_site_name":"Isokenk\u00e4isten Klubi, Kuusamo","article_publisher":"https:\/\/www.facebook.com\/isokenkaistenklubi","article_modified_time":"2020-12-12T08:02:53+00:00","twitter_card":"summary_large_image","twitter_misc":{"Arvioitu lukuaika":"4 minuuttia"},"schema":{"@context":"https:\/\/schema.org","@graph":[{"@type":"WebPage","@id":"https:\/\/www.ikk.fi\/fi\/tietosuojaseloste\/","url":"https:\/\/www.ikk.fi\/fi\/tietosuojaseloste\/","name":"Tietosuojaseloste - Isokenk\u00e4isten Klubi, Kuusamo","isPartOf":{"@id":"https:\/\/www.ikk.fi\/fi\/#website"},"datePublished":"2020-09-09T10:44:54+00:00","dateModified":"2020-12-12T08:02:53+00:00","breadcrumb":{"@id":"https:\/\/www.ikk.fi\/fi\/tietosuojaseloste\/#breadcrumb"},"inLanguage":"fi","potentialAction":[{"@type":"ReadAction","target":["https:\/\/www.ikk.fi\/fi\/tietosuojaseloste\/"]}]},{"@type":"BreadcrumbList","@id":"https:\/\/www.ikk.fi\/fi\/tietosuojaseloste\/#breadcrumb","itemListElement":[{"@type":"ListItem","position":1,"name":"Etusivu","item":"https:\/\/www.ikk.fi\/fi\/"},{"@type":"ListItem","position":2,"name":"Tietosuojaseloste"}]},{"@type":"WebSite","@id":"https:\/\/www.ikk.fi\/fi\/#website","url":"https:\/\/www.ikk.fi\/fi\/","name":"Isokenk\u00e4isten Klubi, Kuusamo, Finland","description":"Wilderness Lodges &amp; Wild Food Kitchen","publisher":{"@id":"https:\/\/www.ikk.fi\/fi\/#organization"},"potentialAction":[{"@type":"SearchAction","target":{"@type":"EntryPoint","urlTemplate":"https:\/\/www.ikk.fi\/fi\/?s={search_term_string}"},"query-input":{"@type":"PropertyValueSpecification","valueRequired":true,"valueName":"search_term_string"}}],"inLanguage":"fi"},{"@type":["Organization","Place","LocalBusiness"],"@id":"https:\/\/www.ikk.fi\/fi\/#organization","name":"Isokenk\u00e4isten Klubi","url":"https:\/\/www.ikk.fi\/fi\/","logo":{"@id":"https:\/\/www.ikk.fi\/fi\/tietosuojaseloste\/#local-main-organization-logo"},"image":{"@id":"https:\/\/www.ikk.fi\/fi\/tietosuojaseloste\/#local-main-organization-logo"},"sameAs":["https:\/\/www.facebook.com\/isokenkaistenklubi","https:\/\/www.instagram.com\/isokenkaistenklubi","https:\/\/www.youtube.com\/channel\/UCDf0w2yqjK2HZGZ73goZv9A"],"address":{"@id":"https:\/\/www.ikk.fi\/fi\/tietosuojaseloste\/#local-main-place-address"},"geo":{"@type":"GeoCoordinates","latitude":"66.10118626498216","longitude":"29.838358906747683"},"telephone":["+358400972260","+358407066839"],"openingHoursSpecification":[],"email":"info@ikk.fi","areaServed":"Kuusamo"},{"@type":"PostalAddress","@id":"https:\/\/www.ikk.fi\/fi\/tietosuojaseloste\/#local-main-place-address","streetAddress":"Heikinj\u00e4rventie 3","addressLocality":"Kuusamo","postalCode":"93800","addressCountry":"FI"},{"@type":"ImageObject","inLanguage":"fi","@id":"https:\/\/www.ikk.fi\/fi\/tietosuojaseloste\/#local-main-organization-logo","url":"https:\/\/www.ikk.fi\/wp-content\/uploads\/2020\/10\/ikk-logo-vari-ilman-puita-pieni.png","contentUrl":"https:\/\/www.ikk.fi\/wp-content\/uploads\/2020\/10\/ikk-logo-vari-ilman-puita-pieni.png","width":300,"height":99,"caption":"Isokenk\u00e4isten Klubi"}]},"geo.placename":"Kuusamo","geo.position":{"lat":"66.10118626498216","long":"29.838358906747683"},"geo.region":"Suomi"},"_links":{"self":[{"href":"https:\/\/www.ikk.fi\/fi\/wp-json\/wp\/v2\/pages\/3","targetHints":{"allow":["GET"]}}],"collection":[{"href":"https:\/\/www.ikk.fi\/fi\/wp-json\/wp\/v2\/pages"}],"about":[{"href":"https:\/\/www.ikk.fi\/fi\/wp-json\/wp\/v2\/types\/page"}],"author":[{"embeddable":true,"href":"https:\/\/www.ikk.fi\/fi\/wp-json\/wp\/v2\/users\/1"}],"replies":[{"embeddable":true,"href":"https:\/\/www.ikk.fi\/fi\/wp-json\/wp\/v2\/comments?post=3"}],"version-history":[{"count":0,"href":"https:\/\/www.ikk.fi\/fi\/wp-json\/wp\/v2\/pages\/3\/revisions"}],"wp:attachment":[{"href":"https:\/\/www.ikk.fi\/fi\/wp-json\/wp\/v2\/media?parent=3"}],"curies":[{"name":"wp","href":"https:\/\/api.w.org\/{rel}","templated":true}]}}