{"id":2608,"date":"2020-11-10T13:54:56","date_gmt":"2020-11-10T11:54:56","guid":{"rendered":"https:\/\/www.ikk.fi\/uusi\/?page_id=2608"},"modified":"2025-03-17T12:55:47","modified_gmt":"2025-03-17T10:55:47","slug":"lappi-illallinen","status":"publish","type":"page","link":"https:\/\/www.ikk.fi\/fi\/ravintola\/lappi-illallinen\/","title":{"rendered":"Lappi-illallinen"},"content":{"rendered":"<p><img decoding=\"async\" src=\"https:\/\/www.ikk.fi\/wp-content\/uploads\/2020\/10\/NP_WildFood_logo_RGB-1.png\" alt=\"Wild Food Kuusamo Lapland\"><\/p>\n<ul>\n<li>\n<p>\n        <a href=\"tel:+358400972260\">+358 400 972 260\/myynti (klo 9-20)<\/a>\n    <\/p>\n<\/li>\n<li>\n<p>\n        <a href=\"tel:+358407066839\">+358 40 706 6839\/ravintola (klo 9-20)<\/a>\n    <\/p>\n<\/li>\n<li>\n<p>\n        <a href=\"mailto:info@ikk.fi\">info@ikk.fi<\/a>\n    <\/p>\n<\/li>\n<\/ul>\n<h2>Lappi-illallinen<\/h2>\n<div>Isokenk\u00e4isten Klubin ainutlaatuinen tunnelma vie sinut tuntureille ja er\u00e4maihin nauttimaan arktisen luonnon puhtaista mauista.\n<\/div>\n<div>\n<p>Alueemme omimmat herkut ja pohjoisen puhtaat luonnonantimet \u2013 poro, riista, kalat sek\u00e4 marjat ja sienet maustettuna villiyrteill\u00e4 \u2013 ovat perusta monelle tarjottavalle Lappi-illallisella.\u00a0<\/p>\n<h3>Hinta<\/h3>\n<p>69 \u20ac\/hl\u00f6, 33\u20ac\/lapset 4 \u2013 11 vuotta<\/p>\n<p>Varattava ennakkoon.<br \/><em>Pid\u00e4t\u00e4mme oikeuden muutoksiin.<\/em><\/p>\n<\/div>\n<hr>\n<div>\n<p><strong>Alkupalat<\/strong><br \/>esim. Kuusamolaisia juustoja, paikallista kalaa, talon porkkana kaviaaria, kylm\u00e4savulihaa, hirvisalamia (alkupalat vaihtelevat sesongin mukaan)<\/p>\n<p><strong>V\u00e4likeitto<\/strong><br \/>Samettista mets\u00e4sienikeittoa sek\u00e4 villiyrtti\u00f6ljy\u00e4<\/p>\n<p><strong>P\u00e4\u00e4ruoka<\/strong><br \/>Poronk\u00e4ristyst\u00e4, perunamuusia ja puolukkahyytel\u00f6\u00e4 sek\u00e4 suolakurkkuja<\/p>\n<p><strong>J\u00e4lkiruoka<\/strong><br \/>Herkkua mets\u00e4marjoista, kahvi\/tee<\/p>\n<\/div>\n<div><script type=\"text\/javascript\" src=\"https:\/\/widgets.bokun.io\/assets\/javascripts\/apps\/build\/BokunWidgetsLoader.js?bookingChannelUUID=6cf121bf-565a-4ba5-af12-aa45c310e538\" async><\/script><\/p>\n<div class=\"bokunWidget\" data-src=\"https:\/\/widgets.bokun.io\/online-sales\/6cf121bf-565a-4ba5-af12-aa45c310e538\/experience-calendar\/740351\"><\/div>\n<p>    <noscript>Please enable javascript in your browser to book<\/noscript>\n<\/div>\n<p><!--more--><br \/>\n<!-- {\"name\":\"kotakokkaus\",\"type\":\"layout\",\"children\":[{\"name\":\"Hero\",\"type\":\"section\",\"props\":{\"height\":\"viewport\",\"height_offset_top\":true,\"height_viewport\":80,\"image\":\"https:\\\/\\\/www.ikk.fi\\\/wp-content\\\/uploads\\\/2020\\\/11\\\/Lappi-illallinen-iso.jpg\",\"image_position\":\"center-center\",\"image_size\":\"cover\",\"padding\":\"none\",\"padding_remove_top\":false,\"style\":\"default\",\"title_breakpoint\":\"xl\",\"title_position\":\"top-left\",\"title_rotation\":\"left\",\"vertical_align\":\"\",\"width\":\"\"},\"children\":[{\"type\":\"row\",\"children\":[{\"type\":\"column\",\"props\":{\"image_position\":\"center-center\",\"position_sticky_breakpoint\":\"m\",\"width_medium\":\"1-1\"},\"children\":[{\"type\":\"image\",\"props\":{\"image\":\"https:\\\/\\\/www.ikk.fi\\\/wp-content\\\/uploads\\\/2020\\\/10\\\/NP_WildFood_logo_RGB-1.png\",\"image_alt\":\"Wild Food Kuusamo Lapland\",\"image_svg_color\":\"emphasis\",\"image_width\":\"180\",\"margin\":\"default\",\"position\":\"absolute\",\"text_align\":\"right\"}}]}]}]},{\"type\":\"section\",\"props\":{\"image_position\":\"center-center\",\"padding\":\"xsmall\",\"style\":\"primary\",\"title_breakpoint\":\"xl\",\"title_position\":\"top-left\",\"title_rotation\":\"left\",\"vertical_align\":\"\",\"width\":\"default\"},\"children\":[{\"type\":\"row\",\"children\":[{\"type\":\"column\",\"props\":{\"image_position\":\"center-center\",\"position_sticky_breakpoint\":\"m\"},\"children\":[{\"type\":\"button\",\"props\":{\"grid_column_gap\":\"small\",\"grid_row_gap\":\"small\",\"margin\":\"default\",\"text_align\":\"center\"},\"children\":[{\"type\":\"button_item\",\"props\":{\"button_style\":\"text\",\"content\":\"+358 400 972 260\\\/myynti (klo 9-20)\",\"dialog_layout\":\"modal\",\"dialog_offcanvas_flip\":true,\"icon\":\"receiver\",\"icon_align\":\"left\",\"link\":\"tel:+358400972260\"}},{\"type\":\"button_item\",\"props\":{\"button_style\":\"text\",\"content\":\"+358 40 706 6839\\\/ravintola (klo 9-20)\",\"dialog_layout\":\"modal\",\"dialog_offcanvas_flip\":true,\"icon\":\"receiver\",\"icon_align\":\"left\",\"link\":\"tel:+358407066839\"}},{\"type\":\"button_item\",\"props\":{\"button_style\":\"text\",\"content\":\"info@ikk.fi\",\"dialog_layout\":\"modal\",\"dialog_offcanvas_flip\":true,\"icon\":\"mail\",\"icon_align\":\"left\",\"link\":\"mailto:info@ikk.fi\"}}]}]}]}],\"name\":\"yhteystiedotpalikka\"},{\"name\":\"About\",\"type\":\"section\",\"props\":{\"image_position\":\"center-center\",\"style\":\"default\",\"title_breakpoint\":\"xl\",\"title_position\":\"top-left\",\"title_rotation\":\"left\",\"vertical_align\":\"\",\"width\":\"default\"},\"children\":[{\"type\":\"row\",\"children\":[{\"type\":\"column\",\"props\":{\"image_position\":\"center-center\",\"position_sticky_breakpoint\":\"m\",\"width_medium\":\"1-2\"},\"children\":[{\"type\":\"headline\",\"props\":{\"animation\":\"parallax\",\"content\":\"Lappi-illallinen\",\"margin\":\"default\",\"margin_remove_top\":false,\"parallax_breakpoint\":\"m\",\"parallax_easing\":\"1\",\"parallax_end\":\"60vh + 60%\",\"parallax_opacity\":\"0.3,1\",\"parallax_y\":\"30,0\",\"title_element\":\"h2\",\"title_style\":\"heading-small\"}},{\"type\":\"text\",\"props\":{\"animation\":\"none\",\"column_breakpoint\":\"m\",\"content\":\"Isokenk\\u00e4isten Klubin ainutlaatuinen tunnelma vie sinut tuntureille ja er\\u00e4maihin nauttimaan arktisen luonnon puhtaista mauista.\\n\",\"margin\":\"default\",\"text_style\":\"lead\"}},{\"type\":\"text\",\"props\":{\"animation\":\"none\",\"column_breakpoint\":\"m\",\"column_divider\":false,\"content\":\"\n\n<p>Alueemme omimmat herkut ja pohjoisen puhtaat luonnonantimet \\u2013 poro, riista, kalat sek\\u00e4 marjat ja sienet maustettuna villiyrteill\\u00e4 \\u2013 ovat perusta monelle tarjottavalle Lappi-illallisella.\\u00a0<\\\/p>\\n\n\n<h3>Hinta<\\\/h3>\\n\n\n<p>69 \\u20ac\\\/hl\\u00f6, 33\\u20ac\\\/lapset 4 \\u2013 11 vuotta<\\\/p>\\n\n\n<p>Varattava ennakkoon.<br \\\/><em>Pid\\u00e4t\\u00e4mme oikeuden muutoksiin.<\\\/em><\\\/p>\",\"margin\":\"default\"}},{\"type\":\"divider\",\"props\":{\"divider_element\":\"hr\"}},{\"type\":\"text\",\"props\":{\"animation\":\"none\",\"column_breakpoint\":\"m\",\"column_divider\":false,\"content\":\"\n\n<p><strong>Alkupalat<\\\/strong><br \\\/>esim. Kuusamolaisia juustoja, paikallista kalaa, talon porkkana kaviaaria, kylm\\u00e4savulihaa, hirvisalamia (alkupalat vaihtelevat sesongin mukaan)<\\\/p>\\n\n\n<p><strong>V\\u00e4likeitto<\\\/strong><br \\\/>Samettista mets\\u00e4sienikeittoa sek\\u00e4 villiyrtti\\u00f6ljy\\u00e4<\\\/p>\\n\n\n<p><strong>P\\u00e4\\u00e4ruoka<\\\/strong><br \\\/>Poronk\\u00e4ristyst\\u00e4, perunamuusia ja puolukkahyytel\\u00f6\\u00e4 sek\\u00e4 suolakurkkuja<\\\/p>\\n\n\n<p><strong>J\\u00e4lkiruoka<\\\/strong><br \\\/>Herkkua mets\\u00e4marjoista, kahvi\\\/tee<\\\/p>\",\"margin\":\"default\",\"text_align\":\"center\"}}]},{\"type\":\"column\",\"props\":{\"image_position\":\"center-center\",\"position_sticky_breakpoint\":\"m\",\"width_medium\":\"1-2\"},\"children\":[{\"type\":\"text\",\"props\":{\"column_breakpoint\":\"m\",\"content\":\"<script type=\\\"text\\\/javascript\\\" src=\\\"https:\\\/\\\/widgets.bokun.io\\\/assets\\\/javascripts\\\/apps\\\/build\\\/BokunWidgetsLoader.js?bookingChannelUUID=6cf121bf-565a-4ba5-af12-aa45c310e538\\\" async><\\\/script>\\n     \\n    \n\n<div class=\\\"bokunWidget\\\" data-src=\\\"https:\\\/\\\/widgets.bokun.io\\\/online-sales\\\/6cf121bf-565a-4ba5-af12-aa45c310e538\\\/experience-calendar\\\/740351\\\"><\\\/div>\\n    <noscript>Please enable javascript in your browser to book<\\\/noscript>\\n\",\"margin\":\"default\"}}]}],\"props\":{\"layout\":\"1-2,1-2\"}}]},{\"name\":\"galleria\",\"type\":\"section\",\"props\":{\"image_position\":\"center-center\",\"padding\":\"xsmall\",\"status\":\"disabled\",\"style\":\"default\",\"title_breakpoint\":\"xl\",\"title_position\":\"top-left\",\"title_rotation\":\"left\",\"vertical_align\":\"\",\"width\":\"xlarge\"},\"children\":[{\"type\":\"row\",\"children\":[{\"type\":\"column\",\"props\":{\"image_position\":\"center-center\",\"position_sticky_breakpoint\":\"m\",\"width_medium\":\"1-1\"},\"children\":[{\"type\":\"gallery\",\"props\":{\"animation\":\"parallax\",\"filter_align\":\"left\",\"filter_all\":true,\"filter_grid_breakpoint\":\"m\",\"filter_grid_width\":\"auto\",\"filter_position\":\"top\",\"filter_style\":\"tab\",\"grid_column_gap\":\"small\",\"grid_default\":\"1\",\"grid_medium\":\"3\",\"grid_row_gap\":\"small\",\"grid_small\":\"3\",\"image_height\":\"1200\",\"image_orientation\":false,\"image_width\":\"1200\",\"item_animation\":true,\"lightbox\":true,\"lightbox_bg_close\":true,\"link_style\":\"default\",\"link_text\":\"\",\"margin\":\"\",\"meta_align\":\"below-title\",\"meta_element\":\"div\",\"meta_style\":\"text-meta\",\"overlay_hover\":false,\"overlay_link\":true,\"overlay_mode\":\"cover\",\"overlay_position\":\"center\",\"overlay_style\":\"\",\"overlay_transition\":\"fade\",\"parallax_breakpoint\":\"m\",\"parallax_easing\":\"1\",\"parallax_end\":\"70vh + 70%\",\"parallax_opacity\":\"0.7,1\",\"parallax_y\":\"40,0\",\"show_content\":true,\"show_hover_image\":true,\"show_hover_video\":true,\"show_link\":true,\"show_meta\":true,\"show_title\":false,\"text_align\":\"center\",\"text_color\":\"light\",\"title_element\":\"h3\",\"title_hover_style\":\"reset\"},\"children\":[{\"type\":\"gallery_item\",\"props\":{\"image\":\"wp-content\\\/uploads\\\/2020\\\/10\\\/poronkaristys.jpg\",\"title\":\"poronkaristys\"}},{\"type\":\"gallery_item\",\"props\":{\"image\":\"wp-content\\\/uploads\\\/2020\\\/10\\\/nappiruokaa.jpg\",\"title\":\"nappiruokaa\"}},{\"type\":\"gallery_item\",\"props\":{\"image\":\"wp-content\\\/uploads\\\/2020\\\/10\\\/ikk-kalalautanen.jpg\",\"title\":\"ikk-kalalautanen\"}}]}]}],\"props\":{\"margin_remove_top\":true}}]},{\"type\":\"section\",\"props\":{\"height\":\"page\",\"image\":\"wp-content\\\/uploads\\\/2020\\\/10\\\/keskiyontausta.jpg\",\"image_height\":\"500\",\"image_position\":\"center-center\",\"image_size\":\"cover\",\"image_width\":\"600\",\"padding\":\"large\",\"status\":\"disabled\",\"style\":\"secondary\",\"title_breakpoint\":\"xl\",\"title_position\":\"top-left\",\"title_rotation\":\"left\",\"vertical_align\":\"\",\"width\":\"default\"},\"children\":[{\"type\":\"row\",\"children\":[{\"type\":\"column\",\"props\":{\"image_position\":\"center-center\",\"position_sticky_breakpoint\":\"m\"},\"children\":[{\"type\":\"image\",\"props\":{\"image\":\"wp-content\\\/uploads\\\/2020\\\/10\\\/ikk-kuuset-valk.svg\",\"image_svg_color\":\"emphasis\",\"image_width\":\"200\",\"margin\":\"default\",\"text_align\":\"center\"}},{\"type\":\"quotation\",\"props\":{\"block_align\":\"center\",\"content\":\"\n\n<p>Lorem ipsum dolor sit amet, consectetur adipiscing elit, sed do eiusmod tempor incididunt ut labore et dolore magna aliqua. Ut enim ad minim veniam, quis nostrud exercitation ullamco laboris nisi ut aliquip ex ea commodo consequat.\\u00a0<\\\/p>\",\"maxwidth\":\"xlarge\",\"text_align\":\"center\"}}]}]}],\"name\":\"Ituhippi high light\"}],\"version\":\"4.5.10\"} --><\/p>\n","protected":false},"excerpt":{"rendered":"<p>+358 400 972 260\/myynti (klo 9-20) +358 40 706 6839\/ravintola (klo 9-20) info@ikk.fi Lappi-illallinen Isokenk\u00e4isten Klubin ainutlaatuinen tunnelma vie sinut tuntureille ja er\u00e4maihin nauttimaan arktisen luonnon puhtaista mauista. Alueemme omimmat herkut ja pohjoisen puhtaat luonnonantimet \u2013 poro, riista, kalat sek\u00e4 marjat ja sienet maustettuna villiyrteill\u00e4 \u2013 ovat perusta monelle tarjottavalle Lappi-illallisella.\u00a0 Hinta 69 \u20ac\/hl\u00f6, 33\u20ac\/lapset [&hellip;]<\/p>\n","protected":false},"author":1,"featured_media":2610,"parent":30,"menu_order":0,"comment_status":"closed","ping_status":"closed","template":"","meta":{"footnotes":""},"class_list":["post-2608","page","type-page","status-publish","has-post-thumbnail","hentry"],"yoast_head":"<title>Lappi-illallinen - Isokenk\u00e4isten Klubi, Kuusamo<\/title>\n<meta name=\"description\" content=\"Kuusamon villiruoka ja -yrtit ovat perustana herkulliselle Lappi-illalliselle. Tarjolla mm. paikallista kalaa, poroa ja marjoja.\" \/>\n<meta name=\"robots\" content=\"index, follow, max-snippet:-1, max-image-preview:large, max-video-preview:-1\" \/>\n<link rel=\"canonical\" href=\"https:\/\/www.ikk.fi\/fi\/ravintola\/lappi-illallinen\/\" \/>\n<meta property=\"og:locale\" content=\"fi_FI\" \/>\n<meta property=\"og:type\" content=\"article\" \/>\n<meta property=\"og:title\" content=\"Lappi-illallinen\" \/>\n<meta property=\"og:description\" content=\"Kuusamon villiruoka ja -yrtit ovat perustana herkulliselle Lappi-illalliselle. Tarjolla mm. paikallista kalaa, poroa ja marjoja.\" \/>\n<meta property=\"og:url\" content=\"https:\/\/www.ikk.fi\/fi\/ravintola\/lappi-illallinen\/\" \/>\n<meta property=\"og:site_name\" content=\"Isokenk\u00e4isten Klubi, Kuusamo\" \/>\n<meta property=\"article:publisher\" content=\"https:\/\/www.facebook.com\/isokenkaistenklubi\" \/>\n<meta property=\"article:modified_time\" content=\"2025-03-17T10:55:47+00:00\" \/>\n<meta property=\"og:image\" content=\"https:\/\/www.ikk.fi\/wp-content\/uploads\/2020\/11\/ikk-lappi-illallinen-iso.jpg\" \/>\n\t<meta property=\"og:image:width\" content=\"2000\" \/>\n\t<meta property=\"og:image:height\" content=\"900\" \/>\n\t<meta property=\"og:image:type\" content=\"image\/jpeg\" \/>\n<meta name=\"twitter:card\" content=\"summary_large_image\" \/>\n<meta name=\"twitter:label1\" content=\"Arvioitu lukuaika\" \/>\n\t<meta name=\"twitter:data1\" content=\"1 minuutti\" \/>\n<script type=\"application\/ld+json\" class=\"yoast-schema-graph\">{\"@context\":\"https:\/\/schema.org\",\"@graph\":[{\"@type\":\"WebPage\",\"@id\":\"https:\/\/www.ikk.fi\/fi\/ravintola\/lappi-illallinen\/\",\"url\":\"https:\/\/www.ikk.fi\/fi\/ravintola\/lappi-illallinen\/\",\"name\":\"Lappi-illallinen - Isokenk\u00e4isten Klubi, Kuusamo\",\"isPartOf\":{\"@id\":\"https:\/\/www.ikk.fi\/fi\/#website\"},\"primaryImageOfPage\":{\"@id\":\"https:\/\/www.ikk.fi\/fi\/ravintola\/lappi-illallinen\/#primaryimage\"},\"image\":{\"@id\":\"https:\/\/www.ikk.fi\/fi\/ravintola\/lappi-illallinen\/#primaryimage\"},\"thumbnailUrl\":\"https:\/\/www.ikk.fi\/wp-content\/uploads\/2020\/11\/ikk-lappi-illallinen-iso.jpg\",\"datePublished\":\"2020-11-10T11:54:56+00:00\",\"dateModified\":\"2025-03-17T10:55:47+00:00\",\"description\":\"Kuusamon villiruoka ja -yrtit ovat perustana herkulliselle Lappi-illalliselle. Tarjolla mm. paikallista kalaa, poroa ja marjoja.\",\"breadcrumb\":{\"@id\":\"https:\/\/www.ikk.fi\/fi\/ravintola\/lappi-illallinen\/#breadcrumb\"},\"inLanguage\":\"fi\",\"potentialAction\":[{\"@type\":\"ReadAction\",\"target\":[\"https:\/\/www.ikk.fi\/fi\/ravintola\/lappi-illallinen\/\"]}]},{\"@type\":\"ImageObject\",\"inLanguage\":\"fi\",\"@id\":\"https:\/\/www.ikk.fi\/fi\/ravintola\/lappi-illallinen\/#primaryimage\",\"url\":\"https:\/\/www.ikk.fi\/wp-content\/uploads\/2020\/11\/ikk-lappi-illallinen-iso.jpg\",\"contentUrl\":\"https:\/\/www.ikk.fi\/wp-content\/uploads\/2020\/11\/ikk-lappi-illallinen-iso.jpg\",\"width\":2000,\"height\":900},{\"@type\":\"BreadcrumbList\",\"@id\":\"https:\/\/www.ikk.fi\/fi\/ravintola\/lappi-illallinen\/#breadcrumb\",\"itemListElement\":[{\"@type\":\"ListItem\",\"position\":1,\"name\":\"Etusivu\",\"item\":\"https:\/\/www.ikk.fi\/fi\/\"},{\"@type\":\"ListItem\",\"position\":2,\"name\":\"Ravintola\",\"item\":\"https:\/\/www.ikk.fi\/fi\/ravintola\/\"},{\"@type\":\"ListItem\",\"position\":3,\"name\":\"Lappi-illallinen\"}]},{\"@type\":\"WebSite\",\"@id\":\"https:\/\/www.ikk.fi\/fi\/#website\",\"url\":\"https:\/\/www.ikk.fi\/fi\/\",\"name\":\"Isokenk\u00e4isten Klubi, Kuusamo, Finland\",\"description\":\"Wilderness Lodges &amp; Wild Food Kitchen\",\"publisher\":{\"@id\":\"https:\/\/www.ikk.fi\/fi\/#organization\"},\"potentialAction\":[{\"@type\":\"SearchAction\",\"target\":{\"@type\":\"EntryPoint\",\"urlTemplate\":\"https:\/\/www.ikk.fi\/fi\/?s={search_term_string}\"},\"query-input\":{\"@type\":\"PropertyValueSpecification\",\"valueRequired\":true,\"valueName\":\"search_term_string\"}}],\"inLanguage\":\"fi\"},{\"@type\":[\"Organization\",\"Place\",\"LocalBusiness\"],\"@id\":\"https:\/\/www.ikk.fi\/fi\/#organization\",\"name\":\"Isokenk\u00e4isten Klubi\",\"url\":\"https:\/\/www.ikk.fi\/fi\/\",\"logo\":{\"@id\":\"https:\/\/www.ikk.fi\/fi\/ravintola\/lappi-illallinen\/#local-main-organization-logo\"},\"image\":{\"@id\":\"https:\/\/www.ikk.fi\/fi\/ravintola\/lappi-illallinen\/#local-main-organization-logo\"},\"sameAs\":[\"https:\/\/www.facebook.com\/isokenkaistenklubi\",\"https:\/\/www.instagram.com\/isokenkaistenklubi\",\"https:\/\/www.youtube.com\/channel\/UCDf0w2yqjK2HZGZ73goZv9A\"],\"address\":{\"@id\":\"https:\/\/www.ikk.fi\/fi\/ravintola\/lappi-illallinen\/#local-main-place-address\"},\"geo\":{\"@type\":\"GeoCoordinates\",\"latitude\":\"66.10118626498216\",\"longitude\":\"29.838358906747683\"},\"telephone\":[\"+358400972260\",\"+358407066839\"],\"openingHoursSpecification\":[],\"email\":\"info@ikk.fi\",\"areaServed\":\"Kuusamo\"},{\"@type\":\"PostalAddress\",\"@id\":\"https:\/\/www.ikk.fi\/fi\/ravintola\/lappi-illallinen\/#local-main-place-address\",\"streetAddress\":\"Heikinj\u00e4rventie 3\",\"addressLocality\":\"Kuusamo\",\"postalCode\":\"93800\",\"addressCountry\":\"FI\"},{\"@type\":\"ImageObject\",\"inLanguage\":\"fi\",\"@id\":\"https:\/\/www.ikk.fi\/fi\/ravintola\/lappi-illallinen\/#local-main-organization-logo\",\"url\":\"https:\/\/www.ikk.fi\/wp-content\/uploads\/2020\/10\/ikk-logo-vari-ilman-puita-pieni.png\",\"contentUrl\":\"https:\/\/www.ikk.fi\/wp-content\/uploads\/2020\/10\/ikk-logo-vari-ilman-puita-pieni.png\",\"width\":300,\"height\":99,\"caption\":\"Isokenk\u00e4isten Klubi\"}]}<\/script>\n<meta name=\"geo.placename\" content=\"Kuusamo\" \/>\n<meta name=\"geo.position\" content=\"66.10118626498216;29.838358906747683\" \/>\n<meta name=\"geo.region\" content=\"Suomi\" \/>","yoast_head_json":{"title":"Lappi-illallinen - Isokenk\u00e4isten Klubi, Kuusamo","description":"Kuusamon villiruoka ja -yrtit ovat perustana herkulliselle Lappi-illalliselle. Tarjolla mm. paikallista kalaa, poroa ja marjoja.","robots":{"index":"index","follow":"follow","max-snippet":"max-snippet:-1","max-image-preview":"max-image-preview:large","max-video-preview":"max-video-preview:-1"},"canonical":"https:\/\/www.ikk.fi\/fi\/ravintola\/lappi-illallinen\/","og_locale":"fi_FI","og_type":"article","og_title":"Lappi-illallinen","og_description":"Kuusamon villiruoka ja -yrtit ovat perustana herkulliselle Lappi-illalliselle. Tarjolla mm. paikallista kalaa, poroa ja marjoja.","og_url":"https:\/\/www.ikk.fi\/fi\/ravintola\/lappi-illallinen\/","og_site_name":"Isokenk\u00e4isten Klubi, Kuusamo","article_publisher":"https:\/\/www.facebook.com\/isokenkaistenklubi","article_modified_time":"2025-03-17T10:55:47+00:00","og_image":[{"width":2000,"height":900,"url":"https:\/\/www.ikk.fi\/wp-content\/uploads\/2020\/11\/ikk-lappi-illallinen-iso.jpg","type":"image\/jpeg"}],"twitter_card":"summary_large_image","twitter_misc":{"Arvioitu lukuaika":"1 minuutti"},"schema":{"@context":"https:\/\/schema.org","@graph":[{"@type":"WebPage","@id":"https:\/\/www.ikk.fi\/fi\/ravintola\/lappi-illallinen\/","url":"https:\/\/www.ikk.fi\/fi\/ravintola\/lappi-illallinen\/","name":"Lappi-illallinen - Isokenk\u00e4isten Klubi, Kuusamo","isPartOf":{"@id":"https:\/\/www.ikk.fi\/fi\/#website"},"primaryImageOfPage":{"@id":"https:\/\/www.ikk.fi\/fi\/ravintola\/lappi-illallinen\/#primaryimage"},"image":{"@id":"https:\/\/www.ikk.fi\/fi\/ravintola\/lappi-illallinen\/#primaryimage"},"thumbnailUrl":"https:\/\/www.ikk.fi\/wp-content\/uploads\/2020\/11\/ikk-lappi-illallinen-iso.jpg","datePublished":"2020-11-10T11:54:56+00:00","dateModified":"2025-03-17T10:55:47+00:00","description":"Kuusamon villiruoka ja -yrtit ovat perustana herkulliselle Lappi-illalliselle. Tarjolla mm. paikallista kalaa, poroa ja marjoja.","breadcrumb":{"@id":"https:\/\/www.ikk.fi\/fi\/ravintola\/lappi-illallinen\/#breadcrumb"},"inLanguage":"fi","potentialAction":[{"@type":"ReadAction","target":["https:\/\/www.ikk.fi\/fi\/ravintola\/lappi-illallinen\/"]}]},{"@type":"ImageObject","inLanguage":"fi","@id":"https:\/\/www.ikk.fi\/fi\/ravintola\/lappi-illallinen\/#primaryimage","url":"https:\/\/www.ikk.fi\/wp-content\/uploads\/2020\/11\/ikk-lappi-illallinen-iso.jpg","contentUrl":"https:\/\/www.ikk.fi\/wp-content\/uploads\/2020\/11\/ikk-lappi-illallinen-iso.jpg","width":2000,"height":900},{"@type":"BreadcrumbList","@id":"https:\/\/www.ikk.fi\/fi\/ravintola\/lappi-illallinen\/#breadcrumb","itemListElement":[{"@type":"ListItem","position":1,"name":"Etusivu","item":"https:\/\/www.ikk.fi\/fi\/"},{"@type":"ListItem","position":2,"name":"Ravintola","item":"https:\/\/www.ikk.fi\/fi\/ravintola\/"},{"@type":"ListItem","position":3,"name":"Lappi-illallinen"}]},{"@type":"WebSite","@id":"https:\/\/www.ikk.fi\/fi\/#website","url":"https:\/\/www.ikk.fi\/fi\/","name":"Isokenk\u00e4isten Klubi, Kuusamo, Finland","description":"Wilderness Lodges &amp; Wild Food Kitchen","publisher":{"@id":"https:\/\/www.ikk.fi\/fi\/#organization"},"potentialAction":[{"@type":"SearchAction","target":{"@type":"EntryPoint","urlTemplate":"https:\/\/www.ikk.fi\/fi\/?s={search_term_string}"},"query-input":{"@type":"PropertyValueSpecification","valueRequired":true,"valueName":"search_term_string"}}],"inLanguage":"fi"},{"@type":["Organization","Place","LocalBusiness"],"@id":"https:\/\/www.ikk.fi\/fi\/#organization","name":"Isokenk\u00e4isten Klubi","url":"https:\/\/www.ikk.fi\/fi\/","logo":{"@id":"https:\/\/www.ikk.fi\/fi\/ravintola\/lappi-illallinen\/#local-main-organization-logo"},"image":{"@id":"https:\/\/www.ikk.fi\/fi\/ravintola\/lappi-illallinen\/#local-main-organization-logo"},"sameAs":["https:\/\/www.facebook.com\/isokenkaistenklubi","https:\/\/www.instagram.com\/isokenkaistenklubi","https:\/\/www.youtube.com\/channel\/UCDf0w2yqjK2HZGZ73goZv9A"],"address":{"@id":"https:\/\/www.ikk.fi\/fi\/ravintola\/lappi-illallinen\/#local-main-place-address"},"geo":{"@type":"GeoCoordinates","latitude":"66.10118626498216","longitude":"29.838358906747683"},"telephone":["+358400972260","+358407066839"],"openingHoursSpecification":[],"email":"info@ikk.fi","areaServed":"Kuusamo"},{"@type":"PostalAddress","@id":"https:\/\/www.ikk.fi\/fi\/ravintola\/lappi-illallinen\/#local-main-place-address","streetAddress":"Heikinj\u00e4rventie 3","addressLocality":"Kuusamo","postalCode":"93800","addressCountry":"FI"},{"@type":"ImageObject","inLanguage":"fi","@id":"https:\/\/www.ikk.fi\/fi\/ravintola\/lappi-illallinen\/#local-main-organization-logo","url":"https:\/\/www.ikk.fi\/wp-content\/uploads\/2020\/10\/ikk-logo-vari-ilman-puita-pieni.png","contentUrl":"https:\/\/www.ikk.fi\/wp-content\/uploads\/2020\/10\/ikk-logo-vari-ilman-puita-pieni.png","width":300,"height":99,"caption":"Isokenk\u00e4isten Klubi"}]},"geo.placename":"Kuusamo","geo.position":{"lat":"66.10118626498216","long":"29.838358906747683"},"geo.region":"Suomi"},"_links":{"self":[{"href":"https:\/\/www.ikk.fi\/fi\/wp-json\/wp\/v2\/pages\/2608","targetHints":{"allow":["GET"]}}],"collection":[{"href":"https:\/\/www.ikk.fi\/fi\/wp-json\/wp\/v2\/pages"}],"about":[{"href":"https:\/\/www.ikk.fi\/fi\/wp-json\/wp\/v2\/types\/page"}],"author":[{"embeddable":true,"href":"https:\/\/www.ikk.fi\/fi\/wp-json\/wp\/v2\/users\/1"}],"replies":[{"embeddable":true,"href":"https:\/\/www.ikk.fi\/fi\/wp-json\/wp\/v2\/comments?post=2608"}],"version-history":[{"count":1,"href":"https:\/\/www.ikk.fi\/fi\/wp-json\/wp\/v2\/pages\/2608\/revisions"}],"predecessor-version":[{"id":8683,"href":"https:\/\/www.ikk.fi\/fi\/wp-json\/wp\/v2\/pages\/2608\/revisions\/8683"}],"up":[{"embeddable":true,"href":"https:\/\/www.ikk.fi\/fi\/wp-json\/wp\/v2\/pages\/30"}],"wp:featuredmedia":[{"embeddable":true,"href":"https:\/\/www.ikk.fi\/fi\/wp-json\/wp\/v2\/media\/2610"}],"wp:attachment":[{"href":"https:\/\/www.ikk.fi\/fi\/wp-json\/wp\/v2\/media?parent=2608"}],"curies":[{"name":"wp","href":"https:\/\/api.w.org\/{rel}","templated":true}]}}