{"id":3562,"date":"2020-09-10T14:55:31","date_gmt":"2020-09-10T11:55:31","guid":{"rendered":"https:\/\/www.ikk.fi\/uusi\/contact-us\/"},"modified":"2025-11-19T10:18:38","modified_gmt":"2025-11-19T08:18:38","slug":"kontakt","status":"publish","type":"page","link":"https:\/\/www.ikk.fi\/de\/kontakt\/","title":{"rendered":"Kontakt"},"content":{"rendered":"<p><img decoding=\"async\" src=\"\/wp-content\/uploads\/2020\/09\/ikk-katja-sirpa.jpg\" alt=\"Sirpa ja Katja\"><\/p>\n<blockquote>\n<p><em>Willkommen in Kuusamo!<\/em><br \/><em>Sirpa &amp; Katja<\/em><\/p>\n<\/blockquote>\n<ul>\n<li>\n<p><a href=\"https:\/\/goo.gl\/maps\/by1SUG4s19sJAk6g7\"><\/p>\n<p><span class=\"contact-street\">Heikinj\u00e4rventie 3<br \/><\/span><span class=\"contact-suburb\">93800 Kuusamo<br \/><\/span><span class=\"contact-country\">Finland<\/span><\/p>\n<p><\/a><\/p>\n<\/li>\n<li>\n<p><a href=\"tel:+358400972260\"><\/p>\n<p><span class=\"contact-fax\">Katja Vira (sales) +358 400 972 260<\/span><\/p>\n<p><\/a><\/p>\n<\/li>\n<li>\n<p><a href=\"tel:+358407066839\"><\/p>\n<p><span class=\"contact-telephone\">Sirpa K\u00e4m\u00e4r\u00e4inen (restaurant) +358 40 706 6839<\/span><\/p>\n<p><\/a><\/p>\n<\/li>\n<li>\n<p><a href=\"mailto:info@ikk.fi\"><\/p>\n<p><span class=\"contact-mobile\">info@ikk.fi<\/span><\/p>\n<p><\/a><\/p>\n<\/li>\n<\/ul>\n<h3>Kontakt<\/h3>\n<div>\n<div class=\"wpforms-container wpforms-container-full\" id=\"wpforms-2586\"><form id=\"wpforms-form-2586\" class=\"wpforms-validate wpforms-form\" data-formid=\"2586\" method=\"post\" enctype=\"multipart\/form-data\" action=\"\/de\/wp-json\/wp\/v2\/pages\/3562\" data-token=\"16a605aa8e0cd0928bb61d306071de91\" data-token-time=\"1777419409\"><noscript class=\"wpforms-error-noscript\">Bitte aktiviere JavaScript in deinem Browser, um dieses Formular fertigzustellen.<\/noscript><div class=\"wpforms-field-container\"><div id=\"wpforms-2586-field_0-container\" class=\"wpforms-field wpforms-field-name\" data-field-id=\"0\"><label class=\"wpforms-field-label\" for=\"wpforms-2586-field_0\">Name <span class=\"wpforms-required-label\">*<\/span><\/label><input type=\"text\" id=\"wpforms-2586-field_0\" class=\"wpforms-field-large wpforms-field-required\" name=\"wpforms[fields][0]\" required><\/div><div id=\"wpforms-2586-field_3-container\" class=\"wpforms-field wpforms-field-text\" data-field-id=\"3\"><label class=\"wpforms-field-label\" for=\"wpforms-2586-field_3\">Telephone <span class=\"wpforms-required-label\">*<\/span><\/label><input type=\"text\" id=\"wpforms-2586-field_3\" class=\"wpforms-field-large wpforms-field-required\" name=\"wpforms[fields][3]\" required><\/div><div id=\"wpforms-2586-field_1-container\" class=\"wpforms-field wpforms-field-email\" data-field-id=\"1\"><label class=\"wpforms-field-label\" for=\"wpforms-2586-field_1\">Email <span class=\"wpforms-required-label\">*<\/span><\/label><input type=\"email\" id=\"wpforms-2586-field_1\" class=\"wpforms-field-large wpforms-field-required\" data-disable-suggestions=\"1\" name=\"wpforms[fields][1]\" spellcheck=\"false\" required><\/div><div id=\"wpforms-2586-field_2-container\" class=\"wpforms-field wpforms-field-textarea\" data-field-id=\"2\"><label class=\"wpforms-field-label\" for=\"wpforms-2586-field_2\">Comment or Message <span class=\"wpforms-required-label\">*<\/span><\/label><textarea id=\"wpforms-2586-field_2\" class=\"wpforms-field-medium wpforms-field-required\" name=\"wpforms[fields][2]\" required><\/textarea><\/div><\/div><!-- .wpforms-field-container --><div class=\"wpforms-recaptcha-container wpforms-is-recaptcha wpforms-is-recaptcha-type-v3\" ><input type=\"hidden\" name=\"wpforms[recaptcha]\" value=\"\"><\/div><div class=\"wpforms-submit-container\" ><input type=\"hidden\" name=\"wpforms[id]\" value=\"2586\"><input type=\"hidden\" name=\"page_title\" value=\"\"><input type=\"hidden\" name=\"page_url\" value=\"https:\/\/www.ikk.fi\/de\/wp-json\/wp\/v2\/pages\/3562\"><input type=\"hidden\" name=\"url_referer\" value=\"\"><button type=\"submit\" name=\"wpforms[submit]\" id=\"wpforms-submit-2586\" class=\"wpforms-submit\" data-alt-text=\"Sending...\" data-submit-text=\"Submit\" aria-live=\"assertive\" value=\"wpforms-submit\">Submit<\/button><\/div><\/form><\/div>  <!-- .wpforms-container -->\n<\/div>\n<div>\n<h1 class=\"uk-margin-large-top uk-margin-remove-bottom uk-article-title\">Empfohlene Anfahrt<\/h1>\n<div class=\"uk-margin-medium-top\">\n<p><strong>Vom Zentrum Kuusamo<\/strong>, Entfernung 45 km, circa 30-45 Minuten. Von der Stra\u00dfe Viitostie, vom Kreisverkehr bei der Neste-Tankstelle (Wetteri) circa 30 km die Stra\u00dfe Vuotungintie entlang<br \/>-&gt; nach rechts auf die Stra\u00dfe Kuntij\u00e4rventie 10 km <br \/>-&gt; nach rechts zum See S\u00e4rkiluoma 3 km<br \/>-&gt; Tnach links 300 m<\/p>\n<p><strong>Vom Hauptplatz in Ruka<\/strong><br \/>Entfernung 41,5 km, circa 30-45 Minuten.<br \/>Vom Hauptplatz in Ruka die Stra\u00dfe Rukatunturintie entlang 1,4 km<br \/>-&gt; Biegen Sie links auf die Stra\u00dfe Rukaj\u00e4rventie ab 2,3 km<br \/>-&gt; Biegen Sie links auf die Stra\u00dfe Tahkolanrannantie ab 12,5 km<br \/>-&gt; Biegen Sie rechts auf die Stra\u00dfe Virkkulantie ab 10,9 km<br \/>-&gt; Biegen Sie links auf die Stra\u00dfe Vuotungintie ab 0,4 km<br \/>-&gt; Biegen Sie rechts auf die Stra\u00dfe Kuntij\u00e4rventie ab 10,1 km<br \/>-&gt; Biegen Sie rechts auf die Stra\u00dfe S\u00e4rkiluomantie ab 2,9 km<br \/>-&gt; Biegen Sie links auf die Stra\u00dfe Heikinj\u00e4rventie ab 0,7 km<\/p>\n<p><strong>Vom Zentrum Kuusamo nach Kuusamon Pes\u00e4kolo<br \/><\/strong>Von der Stra\u00dfe Viitostie, vom Kreisverkehr bei der Neste-Tankstelle (Wetteri) 25,5 km die Stra\u00dfe Vuotungintie entlang bis zum Dorf M\u00e4\u00e4tt\u00e4l\u00e4nvaara<br \/>-&gt; nach rechts auf die Stra\u00dfe Kiviper\u00e4ntie 12,5 km bis zum Dorf Kiviper\u00e4<br \/>-&gt; nach rechts in den Hof des gelben Bauernhauses<\/p>\n<\/div>\n<\/div>\n<div><iframe src=\"https:\/\/www.google.com\/maps\/embed?pb=!1m18!1m12!1m3!1d41744.706392086046!2d29.778002952062884!3d66.10458436704413!2m3!1f0!2f0!3f0!3m2!1i1024!2i768!4f13.1!3m3!1m2!1s0x442eb58b8d5643f3%3A0x452710c959b7bcbc!2sIsokenk%C3%A4isten%20Klubi%20Oy!5e0!3m2!1sfi!2sfi!4v1601965487718!5m2!1sfi!2sfi\" width=\"100%\" height=\"650\" frameborder=\"0\" style=\"border:0;\" allowfullscreen=\"\" aria-hidden=\"false\" tabindex=\"0\"><\/iframe><\/div>\n<p><!-- {\"type\":\"layout\",\"children\":[{\"type\":\"section\",\"props\":{\"style\":\"default\",\"width\":\"default\",\"vertical_align\":\"middle\",\"title_position\":\"top-left\",\"title_rotation\":\"left\",\"title_breakpoint\":\"xl\",\"image_position\":\"center-center\"},\"children\":[{\"type\":\"row\",\"children\":[{\"type\":\"column\",\"props\":{\"image_position\":\"center-center\",\"media_overlay_gradient\":\"\",\"width_medium\":\"1-2\"},\"children\":[{\"type\":\"image\",\"props\":{\"margin\":\"default\",\"image_svg_color\":\"emphasis\",\"image\":\"wp-content\\\/uploads\\\/2020\\\/09\\\/ikk-katja-sirpa.jpg\",\"image_alt\":\"Sirpa ja Katja\",\"text_align\":\"center\"}},{\"type\":\"quotation\",\"props\":{\"content\":\"\n\n<p><em>Willkommen in Kuusamo!<\\\/em><br \\\/><em>Sirpa &amp; Katja<\\\/em><\\\/p>\",\"text_align\":\"center\"}},{\"type\":\"list\",\"props\":{\"show_image\":true,\"show_link\":true,\"list_element\":\"ul\",\"column_breakpoint\":\"m\",\"image_svg_color\":\"emphasis\",\"image_align\":\"left\",\"image_vertical_align\":true,\"icon_width\":\"28\"},\"children\":[{\"type\":\"list_item\",\"props\":{\"content\":\"\n\n<p><span class=\\\"contact-street\\\">Heikinj\\u00e4rventie 3<br \\\/><\\\/span><span class=\\\"contact-suburb\\\">93800 Kuusamo<br \\\/><\\\/span><span class=\\\"contact-country\\\">Finland<\\\/span><\\\/p>\",\"icon\":\"location\",\"link\":\"https:\\\/\\\/goo.gl\\\/maps\\\/by1SUG4s19sJAk6g7\",\"link_target\":true}},{\"type\":\"list_item\",\"props\":{\"content\":\"\n\n<p><span class=\\\"contact-fax\\\">Katja Vira (sales) +358 400 972 260<\\\/span><\\\/p>\",\"link\":\"tel:+358400972260\",\"icon\":\"receiver\"}},{\"type\":\"list_item\",\"props\":{\"content\":\"\n\n<p><span class=\\\"contact-telephone\\\">Sirpa K\\u00e4m\\u00e4r\\u00e4inen (restaurant) +358 40 706 6839<\\\/span><\\\/p>\",\"icon\":\"receiver\",\"link\":\"tel:+358407066839\"}},{\"type\":\"list_item\",\"props\":{\"content\":\"\n\n<p><span class=\\\"contact-mobile\\\">info@ikk.fi<\\\/span><\\\/p>\",\"link\":\"mailto:info@ikk.fi\",\"icon\":\"mail\"}}]}]},{\"type\":\"column\",\"props\":{\"image_position\":\"center-center\",\"media_overlay_gradient\":\"\",\"width_medium\":\"1-2\"},\"children\":[{\"type\":\"headline\",\"props\":{\"title_element\":\"h3\",\"content\":\"Kontakt\",\"title_style\":\"h3\",\"title_decoration\":\"divider\"}},{\"type\":\"text\",\"props\":{\"margin\":\"default\",\"column_breakpoint\":\"m\",\"content\":\"\n\n<p>[wpforms id=\\\"2586\\\"]<\\\/p>\"}}]}],\"props\":{\"layout\":\"1-2,1-2\"}}]},{\"type\":\"section\",\"props\":{\"style\":\"muted\",\"width\":\"expand\",\"vertical_align\":\"middle\",\"title_position\":\"top-left\",\"title_rotation\":\"left\",\"title_breakpoint\":\"xl\",\"image_position\":\"center-center\"},\"children\":[{\"type\":\"row\",\"props\":{\"layout\":\"large,expand\"},\"children\":[{\"type\":\"column\",\"props\":{\"image_position\":\"center-center\",\"media_overlay_gradient\":\"\",\"width_medium\":\"large\"},\"children\":[{\"type\":\"text\",\"props\":{\"margin\":\"default\",\"column_breakpoint\":\"m\",\"content\":\"\n\n<h1 class=\\\"uk-margin-large-top uk-margin-remove-bottom uk-article-title\\\">Empfohlene Anfahrt<\\\/h1>\\n\n\n<div class=\\\"uk-margin-medium-top\\\">\\n\n\n<p><strong>Vom Zentrum Kuusamo<\\\/strong>, Entfernung 45 km, circa 30-45 Minuten. Von der Stra\\u00dfe Viitostie, vom Kreisverkehr bei der Neste-Tankstelle (Wetteri) circa 30 km die Stra\\u00dfe Vuotungintie entlang<br \\\/>-&gt; nach rechts auf die Stra\\u00dfe Kuntij\\u00e4rventie 10 km <br \\\/>-&gt; nach rechts zum See S\\u00e4rkiluoma 3 km<br \\\/>-&gt; Tnach links 300 m<br \\\/><br \\\/><strong>Vom Hauptplatz in Ruka<\\\/strong><br \\\/>Entfernung 41,5 km, circa 30-45 Minuten.<br \\\/>Vom Hauptplatz in Ruka die Stra\\u00dfe Rukatunturintie entlang 1,4 km<br \\\/>-&gt; Biegen Sie links auf die Stra\\u00dfe Rukaj\\u00e4rventie ab 2,3 km<br \\\/>-&gt; Biegen Sie links auf die Stra\\u00dfe Tahkolanrannantie ab 12,5 km<br \\\/>-&gt; Biegen Sie rechts auf die Stra\\u00dfe Virkkulantie ab 10,9 km<br \\\/>-&gt; Biegen Sie links auf die Stra\\u00dfe Vuotungintie ab 0,4 km<br \\\/>-&gt; Biegen Sie rechts auf die Stra\\u00dfe Kuntij\\u00e4rventie ab 10,1 km<br \\\/>-&gt; Biegen Sie rechts auf die Stra\\u00dfe S\\u00e4rkiluomantie ab 2,9 km<br \\\/>-&gt; Biegen Sie links auf die Stra\\u00dfe Heikinj\\u00e4rventie ab 0,7 km<\\\/p>\\n\n\n<p><strong>Vom Zentrum Kuusamo nach Kuusamon Pes\\u00e4kolo<br \\\/><\\\/strong>Von der Stra\\u00dfe Viitostie, vom Kreisverkehr bei der Neste-Tankstelle (Wetteri) 25,5 km die Stra\\u00dfe Vuotungintie entlang bis zum Dorf M\\u00e4\\u00e4tt\\u00e4l\\u00e4nvaara<br \\\/>-&gt; nach rechts auf die Stra\\u00dfe Kiviper\\u00e4ntie 12,5 km bis zum Dorf Kiviper\\u00e4<br \\\/>-&gt; nach rechts in den Hof des gelben Bauernhauses<\\\/p>\\n<\\\/div>\",\"block_align\":\"center\"}}]},{\"type\":\"column\",\"props\":{\"image_position\":\"center-center\",\"media_overlay_gradient\":\"\",\"width_medium\":\"expand\",\"vertical_align\":\"middle\"},\"children\":[{\"type\":\"text\",\"props\":{\"margin\":\"default\",\"column_breakpoint\":\"m\",\"content\":\"<iframe src=\\\"https:\\\/\\\/www.google.com\\\/maps\\\/embed?pb=!1m18!1m12!1m3!1d41744.706392086046!2d29.778002952062884!3d66.10458436704413!2m3!1f0!2f0!3f0!3m2!1i1024!2i768!4f13.1!3m3!1m2!1s0x442eb58b8d5643f3%3A0x452710c959b7bcbc!2sIsokenk%C3%A4isten%20Klubi%20Oy!5e0!3m2!1sfi!2sfi!4v1601965487718!5m2!1sfi!2sfi\\\" width=\\\"100%\\\" height=\\\"650\\\" frameborder=\\\"0\\\" style=\\\"border:0;\\\" allowfullscreen=\\\"\\\" aria-hidden=\\\"false\\\" tabindex=\\\"0\\\"><\\\/iframe>\"}}]}]}]}],\"version\":\"2.3.25\"} --><\/p>\n","protected":false},"excerpt":{"rendered":"<p>Willkommen in Kuusamo!Sirpa &amp; Katja Heikinj\u00e4rventie 393800 KuusamoFinland Katja Vira (sales) +358 400 972 260 Sirpa K\u00e4m\u00e4r\u00e4inen (restaurant) +358 40 706 6839 info@ikk.fi Kontakt Empfohlene Anfahrt Vom Zentrum Kuusamo, Entfernung 45 km, circa 30-45 Minuten. Von der Stra\u00dfe Viitostie, vom Kreisverkehr bei der Neste-Tankstelle (Wetteri) circa 30 km die Stra\u00dfe Vuotungintie entlang-&gt; nach rechts auf [&hellip;]<\/p>\n","protected":false},"author":1,"featured_media":449,"parent":0,"menu_order":0,"comment_status":"closed","ping_status":"closed","template":"","meta":{"footnotes":""},"class_list":["post-3562","page","type-page","status-publish","has-post-thumbnail","hentry"],"yoast_head":"<!-- This site is optimized with the Yoast SEO Premium plugin v27.4 (Yoast SEO v27.4) - https:\/\/yoast.com\/product\/yoast-seo-premium-wordpress\/ -->\n<title>Kontakt - Isokenk\u00e4isten Klubi, Kuusamo, Finnland<\/title>\n<meta name=\"description\" content=\"Kontakt Isokenk\u00e4isten Klubi, Kuusamo, Finnland. Herzlich willkommen im Scho\u00df der nordischen Natur, bei herzhaftem Essen, entspannender Sauna und ungest\u00f6rter Ruhe.\" \/>\n<meta name=\"robots\" content=\"index, follow, max-snippet:-1, max-image-preview:large, max-video-preview:-1\" \/>\n<link rel=\"canonical\" href=\"https:\/\/www.ikk.fi\/de\/kontakt\/\" \/>\n<meta property=\"og:locale\" content=\"de_DE\" \/>\n<meta property=\"og:type\" content=\"article\" \/>\n<meta property=\"og:title\" content=\"Kontakt\" \/>\n<meta property=\"og:description\" content=\"Kontakt Isokenk\u00e4isten Klubi, Kuusamo, Finnland. Herzlich willkommen im Scho\u00df der nordischen Natur, bei herzhaftem Essen, entspannender Sauna und ungest\u00f6rter Ruhe.\" \/>\n<meta property=\"og:url\" content=\"https:\/\/www.ikk.fi\/de\/kontakt\/\" \/>\n<meta property=\"og:site_name\" content=\"Isokenk\u00e4isten Klubi, Kuusamo, Finnland\" \/>\n<meta property=\"article:publisher\" content=\"https:\/\/www.facebook.com\/isokenkaistenklubi\" \/>\n<meta property=\"article:modified_time\" content=\"2025-11-19T08:18:38+00:00\" \/>\n<meta property=\"og:image\" content=\"https:\/\/www.ikk.fi\/wp-content\/uploads\/2020\/10\/Sirpa-ja-Katja.jpg\" \/>\n\t<meta property=\"og:image:width\" content=\"480\" \/>\n\t<meta property=\"og:image:height\" content=\"365\" \/>\n\t<meta property=\"og:image:type\" content=\"image\/jpeg\" \/>\n<meta name=\"twitter:card\" content=\"summary_large_image\" \/>\n<meta name=\"twitter:label1\" content=\"Gesch\u00e4tzte Lesezeit\" \/>\n\t<meta name=\"twitter:data1\" content=\"2\u00a0Minuten\" \/>\n<script type=\"application\/ld+json\" class=\"yoast-schema-graph\">{\"@context\":\"https:\\\/\\\/schema.org\",\"@graph\":[{\"@type\":[\"WebPage\",\"ContactPage\"],\"@id\":\"https:\\\/\\\/www.ikk.fi\\\/de\\\/kontakt\\\/\",\"url\":\"https:\\\/\\\/www.ikk.fi\\\/de\\\/kontakt\\\/\",\"name\":\"Kontakt - Isokenk\u00e4isten Klubi, Kuusamo, Finnland\",\"isPartOf\":{\"@id\":\"https:\\\/\\\/www.ikk.fi\\\/de\\\/#website\"},\"primaryImageOfPage\":{\"@id\":\"https:\\\/\\\/www.ikk.fi\\\/de\\\/kontakt\\\/#primaryimage\"},\"image\":{\"@id\":\"https:\\\/\\\/www.ikk.fi\\\/de\\\/kontakt\\\/#primaryimage\"},\"thumbnailUrl\":\"https:\\\/\\\/www.ikk.fi\\\/wp-content\\\/uploads\\\/2020\\\/10\\\/Sirpa-ja-Katja.jpg\",\"datePublished\":\"2020-09-10T11:55:31+00:00\",\"dateModified\":\"2025-11-19T08:18:38+00:00\",\"description\":\"Kontakt Isokenk\u00e4isten Klubi, Kuusamo, Finnland. Herzlich willkommen im Scho\u00df der nordischen Natur, bei herzhaftem Essen, entspannender Sauna und ungest\u00f6rter Ruhe.\",\"breadcrumb\":{\"@id\":\"https:\\\/\\\/www.ikk.fi\\\/de\\\/kontakt\\\/#breadcrumb\"},\"inLanguage\":\"de\",\"potentialAction\":[{\"@type\":\"ReadAction\",\"target\":[\"https:\\\/\\\/www.ikk.fi\\\/de\\\/kontakt\\\/\"]}]},{\"@type\":\"ImageObject\",\"inLanguage\":\"de\",\"@id\":\"https:\\\/\\\/www.ikk.fi\\\/de\\\/kontakt\\\/#primaryimage\",\"url\":\"https:\\\/\\\/www.ikk.fi\\\/wp-content\\\/uploads\\\/2020\\\/10\\\/Sirpa-ja-Katja.jpg\",\"contentUrl\":\"https:\\\/\\\/www.ikk.fi\\\/wp-content\\\/uploads\\\/2020\\\/10\\\/Sirpa-ja-Katja.jpg\",\"width\":480,\"height\":365},{\"@type\":\"BreadcrumbList\",\"@id\":\"https:\\\/\\\/www.ikk.fi\\\/de\\\/kontakt\\\/#breadcrumb\",\"itemListElement\":[{\"@type\":\"ListItem\",\"position\":1,\"name\":\"Etusivu\",\"item\":\"https:\\\/\\\/www.ikk.fi\\\/de\\\/\"},{\"@type\":\"ListItem\",\"position\":2,\"name\":\"Kontakt\"}]},{\"@type\":\"WebSite\",\"@id\":\"https:\\\/\\\/www.ikk.fi\\\/de\\\/#website\",\"url\":\"https:\\\/\\\/www.ikk.fi\\\/de\\\/\",\"name\":\"Isokenk\u00e4isten Klubi, Kuusamo, Finland\",\"description\":\"Wilderness Lodges &amp; Wild Food Kitchen\",\"publisher\":{\"@id\":\"https:\\\/\\\/www.ikk.fi\\\/de\\\/#organization\"},\"potentialAction\":[{\"@type\":\"SearchAction\",\"target\":{\"@type\":\"EntryPoint\",\"urlTemplate\":\"https:\\\/\\\/www.ikk.fi\\\/de\\\/?s={search_term_string}\"},\"query-input\":{\"@type\":\"PropertyValueSpecification\",\"valueRequired\":true,\"valueName\":\"search_term_string\"}}],\"inLanguage\":\"de\"},{\"@type\":[\"Organization\",\"Place\",\"LocalBusiness\"],\"@id\":\"https:\\\/\\\/www.ikk.fi\\\/de\\\/#organization\",\"name\":\"Isokenk\u00e4isten Klubi\",\"url\":\"https:\\\/\\\/www.ikk.fi\\\/de\\\/\",\"logo\":{\"@id\":\"https:\\\/\\\/www.ikk.fi\\\/de\\\/kontakt\\\/#local-main-organization-logo\"},\"image\":{\"@id\":\"https:\\\/\\\/www.ikk.fi\\\/de\\\/kontakt\\\/#local-main-organization-logo\"},\"sameAs\":[\"https:\\\/\\\/www.facebook.com\\\/isokenkaistenklubi\",\"https:\\\/\\\/www.instagram.com\\\/isokenkaistenklubi\",\"https:\\\/\\\/www.youtube.com\\\/channel\\\/UCDf0w2yqjK2HZGZ73goZv9A\"],\"address\":{\"@id\":\"https:\\\/\\\/www.ikk.fi\\\/de\\\/kontakt\\\/#local-main-place-address\"},\"geo\":{\"@type\":\"GeoCoordinates\",\"latitude\":\"66.10118626498216\",\"longitude\":\"29.838358906747683\"},\"telephone\":[\"+358400972260\",\"+358407066839\"],\"openingHoursSpecification\":[],\"email\":\"info@ikk.fi\",\"areaServed\":\"Kuusamo\"},{\"@type\":\"PostalAddress\",\"@id\":\"https:\\\/\\\/www.ikk.fi\\\/de\\\/kontakt\\\/#local-main-place-address\",\"streetAddress\":\"Heikinj\u00e4rventie 3\",\"addressLocality\":\"Kuusamo\",\"postalCode\":\"93800\",\"addressCountry\":\"FI\"},{\"@type\":\"ImageObject\",\"inLanguage\":\"de\",\"@id\":\"https:\\\/\\\/www.ikk.fi\\\/de\\\/kontakt\\\/#local-main-organization-logo\",\"url\":\"https:\\\/\\\/www.ikk.fi\\\/wp-content\\\/uploads\\\/2020\\\/10\\\/ikk-logo-vari-ilman-puita-pieni.png\",\"contentUrl\":\"https:\\\/\\\/www.ikk.fi\\\/wp-content\\\/uploads\\\/2020\\\/10\\\/ikk-logo-vari-ilman-puita-pieni.png\",\"width\":300,\"height\":99,\"caption\":\"Isokenk\u00e4isten Klubi\"}]}<\/script>\n<meta name=\"geo.placename\" content=\"Kuusamo\" \/>\n<meta name=\"geo.position\" content=\"66.10118626498216;29.838358906747683\" \/>\n<meta name=\"geo.region\" content=\"Finnland\" \/>\n<!-- \/ Yoast SEO Premium plugin. -->","yoast_head_json":{"title":"Kontakt - Isokenk\u00e4isten Klubi, Kuusamo, Finnland","description":"Kontakt Isokenk\u00e4isten Klubi, Kuusamo, Finnland. Herzlich willkommen im Scho\u00df der nordischen Natur, bei herzhaftem Essen, entspannender Sauna und ungest\u00f6rter Ruhe.","robots":{"index":"index","follow":"follow","max-snippet":"max-snippet:-1","max-image-preview":"max-image-preview:large","max-video-preview":"max-video-preview:-1"},"canonical":"https:\/\/www.ikk.fi\/de\/kontakt\/","og_locale":"de_DE","og_type":"article","og_title":"Kontakt","og_description":"Kontakt Isokenk\u00e4isten Klubi, Kuusamo, Finnland. Herzlich willkommen im Scho\u00df der nordischen Natur, bei herzhaftem Essen, entspannender Sauna und ungest\u00f6rter Ruhe.","og_url":"https:\/\/www.ikk.fi\/de\/kontakt\/","og_site_name":"Isokenk\u00e4isten Klubi, Kuusamo, Finnland","article_publisher":"https:\/\/www.facebook.com\/isokenkaistenklubi","article_modified_time":"2025-11-19T08:18:38+00:00","og_image":[{"width":480,"height":365,"url":"https:\/\/www.ikk.fi\/wp-content\/uploads\/2020\/10\/Sirpa-ja-Katja.jpg","type":"image\/jpeg"}],"twitter_card":"summary_large_image","twitter_misc":{"Gesch\u00e4tzte Lesezeit":"2\u00a0Minuten"},"schema":{"@context":"https:\/\/schema.org","@graph":[{"@type":["WebPage","ContactPage"],"@id":"https:\/\/www.ikk.fi\/de\/kontakt\/","url":"https:\/\/www.ikk.fi\/de\/kontakt\/","name":"Kontakt - Isokenk\u00e4isten Klubi, Kuusamo, Finnland","isPartOf":{"@id":"https:\/\/www.ikk.fi\/de\/#website"},"primaryImageOfPage":{"@id":"https:\/\/www.ikk.fi\/de\/kontakt\/#primaryimage"},"image":{"@id":"https:\/\/www.ikk.fi\/de\/kontakt\/#primaryimage"},"thumbnailUrl":"https:\/\/www.ikk.fi\/wp-content\/uploads\/2020\/10\/Sirpa-ja-Katja.jpg","datePublished":"2020-09-10T11:55:31+00:00","dateModified":"2025-11-19T08:18:38+00:00","description":"Kontakt Isokenk\u00e4isten Klubi, Kuusamo, Finnland. Herzlich willkommen im Scho\u00df der nordischen Natur, bei herzhaftem Essen, entspannender Sauna und ungest\u00f6rter Ruhe.","breadcrumb":{"@id":"https:\/\/www.ikk.fi\/de\/kontakt\/#breadcrumb"},"inLanguage":"de","potentialAction":[{"@type":"ReadAction","target":["https:\/\/www.ikk.fi\/de\/kontakt\/"]}]},{"@type":"ImageObject","inLanguage":"de","@id":"https:\/\/www.ikk.fi\/de\/kontakt\/#primaryimage","url":"https:\/\/www.ikk.fi\/wp-content\/uploads\/2020\/10\/Sirpa-ja-Katja.jpg","contentUrl":"https:\/\/www.ikk.fi\/wp-content\/uploads\/2020\/10\/Sirpa-ja-Katja.jpg","width":480,"height":365},{"@type":"BreadcrumbList","@id":"https:\/\/www.ikk.fi\/de\/kontakt\/#breadcrumb","itemListElement":[{"@type":"ListItem","position":1,"name":"Etusivu","item":"https:\/\/www.ikk.fi\/de\/"},{"@type":"ListItem","position":2,"name":"Kontakt"}]},{"@type":"WebSite","@id":"https:\/\/www.ikk.fi\/de\/#website","url":"https:\/\/www.ikk.fi\/de\/","name":"Isokenk\u00e4isten Klubi, Kuusamo, Finland","description":"Wilderness Lodges &amp; Wild Food Kitchen","publisher":{"@id":"https:\/\/www.ikk.fi\/de\/#organization"},"potentialAction":[{"@type":"SearchAction","target":{"@type":"EntryPoint","urlTemplate":"https:\/\/www.ikk.fi\/de\/?s={search_term_string}"},"query-input":{"@type":"PropertyValueSpecification","valueRequired":true,"valueName":"search_term_string"}}],"inLanguage":"de"},{"@type":["Organization","Place","LocalBusiness"],"@id":"https:\/\/www.ikk.fi\/de\/#organization","name":"Isokenk\u00e4isten Klubi","url":"https:\/\/www.ikk.fi\/de\/","logo":{"@id":"https:\/\/www.ikk.fi\/de\/kontakt\/#local-main-organization-logo"},"image":{"@id":"https:\/\/www.ikk.fi\/de\/kontakt\/#local-main-organization-logo"},"sameAs":["https:\/\/www.facebook.com\/isokenkaistenklubi","https:\/\/www.instagram.com\/isokenkaistenklubi","https:\/\/www.youtube.com\/channel\/UCDf0w2yqjK2HZGZ73goZv9A"],"address":{"@id":"https:\/\/www.ikk.fi\/de\/kontakt\/#local-main-place-address"},"geo":{"@type":"GeoCoordinates","latitude":"66.10118626498216","longitude":"29.838358906747683"},"telephone":["+358400972260","+358407066839"],"openingHoursSpecification":[],"email":"info@ikk.fi","areaServed":"Kuusamo"},{"@type":"PostalAddress","@id":"https:\/\/www.ikk.fi\/de\/kontakt\/#local-main-place-address","streetAddress":"Heikinj\u00e4rventie 3","addressLocality":"Kuusamo","postalCode":"93800","addressCountry":"FI"},{"@type":"ImageObject","inLanguage":"de","@id":"https:\/\/www.ikk.fi\/de\/kontakt\/#local-main-organization-logo","url":"https:\/\/www.ikk.fi\/wp-content\/uploads\/2020\/10\/ikk-logo-vari-ilman-puita-pieni.png","contentUrl":"https:\/\/www.ikk.fi\/wp-content\/uploads\/2020\/10\/ikk-logo-vari-ilman-puita-pieni.png","width":300,"height":99,"caption":"Isokenk\u00e4isten Klubi"}]},"geo.placename":"Kuusamo","geo.position":{"lat":"66.10118626498216","long":"29.838358906747683"},"geo.region":"Finnland"},"_links":{"self":[{"href":"https:\/\/www.ikk.fi\/de\/wp-json\/wp\/v2\/pages\/3562","targetHints":{"allow":["GET"]}}],"collection":[{"href":"https:\/\/www.ikk.fi\/de\/wp-json\/wp\/v2\/pages"}],"about":[{"href":"https:\/\/www.ikk.fi\/de\/wp-json\/wp\/v2\/types\/page"}],"author":[{"embeddable":true,"href":"https:\/\/www.ikk.fi\/de\/wp-json\/wp\/v2\/users\/1"}],"replies":[{"embeddable":true,"href":"https:\/\/www.ikk.fi\/de\/wp-json\/wp\/v2\/comments?post=3562"}],"version-history":[{"count":1,"href":"https:\/\/www.ikk.fi\/de\/wp-json\/wp\/v2\/pages\/3562\/revisions"}],"predecessor-version":[{"id":9067,"href":"https:\/\/www.ikk.fi\/de\/wp-json\/wp\/v2\/pages\/3562\/revisions\/9067"}],"wp:featuredmedia":[{"embeddable":true,"href":"https:\/\/www.ikk.fi\/de\/wp-json\/wp\/v2\/media\/449"}],"wp:attachment":[{"href":"https:\/\/www.ikk.fi\/de\/wp-json\/wp\/v2\/media?parent=3562"}],"curies":[{"name":"wp","href":"https:\/\/api.w.org\/{rel}","templated":true}]}}